{"id":971,"date":"2019-02-05T13:03:46","date_gmt":"2019-02-05T13:03:46","guid":{"rendered":"https:\/\/osic.co\/?page_id=971"},"modified":"2021-05-05T20:22:13","modified_gmt":"2021-05-05T20:22:13","slug":"zone-poslovanja-3","status":"publish","type":"page","link":"https:\/\/osic.co\/s\/hr\/zone-poslovanja-3\/","title":{"rendered":"ZONE POSLOVANJA"},"content":{"rendered":"\n<p>OSIC je orijentiran ka me\u0111unarodnim klijentima, prvenstveno u podru\u010dju Balkana i Jugoisto\u010dne Europe. Na\u0161i stru\u010dnjaci i podru\u010dje njihovog djelovanja fokusirani su na slijede\u0107a podru\u010dja: Srbija, Hrvatska, Crna Gora, Makedonija, Albanija, Bosna i Hercegovina, Kosovo, Bugarska, Rumunija, Rusija. <\/p>\n\n\n\n<p>OSIC ima utjecajnu i razvijenu mre\u017eu stru\u010dnjaka, suradnika i psolovnih i politi\u010dkih kontakata i u slijede\u0107im dr\u017eavama i regijama: Turska, Velika Britanija, SAD, Njema\u010dka, Rusija, zemlje Perzijskog zaljeva te institucijama Europske unje i NATO-a. <\/p>\n","protected":false},"excerpt":{"rendered":"<p>OSIC je orijentiran ka me\u0111unarodnim klijentima, prvenstveno u podru\u010dju Balkana i Jugoisto\u010dne Europe. Na\u0161i stru\u010dnjaci i podru\u010dje njihovog djelovanja fokusirani su na slijede\u0107a podru\u010dja: Srbija, Hrvatska, Crna Gora, Makedonija, Albanija, Bosna i Hercegovina, Kosovo, Bugarska, Rumunija, Rusija. OSIC ima utjecajnu i razvijenu mre\u017eu stru\u010dnjaka, suradnika i psolovnih i politi\u010dkih kontakata i u slijede\u0107im dr\u017eavama i [&hellip;]<\/p>\n","protected":false},"author":1,"featured_media":0,"parent":0,"menu_order":0,"comment_status":"closed","ping_status":"closed","template":"","meta":[],"_links":{"self":[{"href":"https:\/\/osic.co\/s\/wp-json\/wp\/v2\/pages\/971"}],"collection":[{"href":"https:\/\/osic.co\/s\/wp-json\/wp\/v2\/pages"}],"about":[{"href":"https:\/\/osic.co\/s\/wp-json\/wp\/v2\/types\/page"}],"author":[{"embeddable":true,"href":"https:\/\/osic.co\/s\/wp-json\/wp\/v2\/users\/1"}],"replies":[{"embeddable":true,"href":"https:\/\/osic.co\/s\/wp-json\/wp\/v2\/comments?post=971"}],"version-history":[{"count":3,"href":"https:\/\/osic.co\/s\/wp-json\/wp\/v2\/pages\/971\/revisions"}],"predecessor-version":[{"id":1489,"href":"https:\/\/osic.co\/s\/wp-json\/wp\/v2\/pages\/971\/revisions\/1489"}],"wp:attachment":[{"href":"https:\/\/osic.co\/s\/wp-json\/wp\/v2\/media?parent=971"}],"curies":[{"name":"wp","href":"https:\/\/api.w.org\/{rel}","templated":true}]}}