{"id":969,"date":"2019-02-05T13:03:10","date_gmt":"2019-02-05T13:03:10","guid":{"rendered":"https:\/\/osic.co\/?page_id=969"},"modified":"2019-02-07T07:44:58","modified_gmt":"2019-02-07T07:44:58","slug":"upravljanje-krizama","status":"publish","type":"page","link":"https:\/\/osic.co\/s\/hr\/usluge-3\/upravljanje-krizama\/","title":{"rendered":"Upravljanje krizama"},"content":{"rendered":"\n<p>\n\n\n\n\n\n\n\n\n\n\n\n\n\n\n\nIzra\u0111ujemo planove za reagiranje u kriznim situacijama,\npredvi\u0111amo procedure za aktivnosti uo\u010di, tijekom i nakon krize, pru\u017eamo\nedukaciju va\u0161im djelatnicima za opho\u0111enje u kriznim situacijama.Na\u0161a\nspecijalnost je i potpora u stvarnom vremenu, kada vas ne ostavljamo same u\nborbi s krizom, ve\u0107 stavljamo na raspolaganje svoje resurse. Osobitu pozornost\npridajemo post-kriznoj analizi, ukidanju slabih to\u010daka i korekciji procesa,\nukoliko su na bilo koji na\u010din ometale izlazak iz krize. Za\u0161tita va\u0161eg ugleda je\nimperativ.\n\n\n\n<\/p>\n","protected":false},"excerpt":{"rendered":"<p>Izra\u0111ujemo planove za reagiranje u kriznim situacijama, predvi\u0111amo procedure za aktivnosti uo\u010di, tijekom i nakon krize, pru\u017eamo edukaciju va\u0161im djelatnicima za opho\u0111enje u kriznim situacijama.Na\u0161a specijalnost je i potpora u stvarnom vremenu, kada vas ne ostavljamo same u borbi s krizom, ve\u0107 stavljamo na raspolaganje svoje resurse. Osobitu pozornost pridajemo post-kriznoj analizi, ukidanju slabih to\u010daka [&hellip;]<\/p>\n","protected":false},"author":1,"featured_media":0,"parent":951,"menu_order":0,"comment_status":"closed","ping_status":"closed","template":"","meta":[],"_links":{"self":[{"href":"https:\/\/osic.co\/s\/wp-json\/wp\/v2\/pages\/969"}],"collection":[{"href":"https:\/\/osic.co\/s\/wp-json\/wp\/v2\/pages"}],"about":[{"href":"https:\/\/osic.co\/s\/wp-json\/wp\/v2\/types\/page"}],"author":[{"embeddable":true,"href":"https:\/\/osic.co\/s\/wp-json\/wp\/v2\/users\/1"}],"replies":[{"embeddable":true,"href":"https:\/\/osic.co\/s\/wp-json\/wp\/v2\/comments?post=969"}],"version-history":[{"count":1,"href":"https:\/\/osic.co\/s\/wp-json\/wp\/v2\/pages\/969\/revisions"}],"predecessor-version":[{"id":970,"href":"https:\/\/osic.co\/s\/wp-json\/wp\/v2\/pages\/969\/revisions\/970"}],"up":[{"embeddable":true,"href":"https:\/\/osic.co\/s\/wp-json\/wp\/v2\/pages\/951"}],"wp:attachment":[{"href":"https:\/\/osic.co\/s\/wp-json\/wp\/v2\/media?parent=969"}],"curies":[{"name":"wp","href":"https:\/\/api.w.org\/{rel}","templated":true}]}}