{"id":967,"date":"2019-02-05T13:02:49","date_gmt":"2019-02-05T13:02:49","guid":{"rendered":"https:\/\/osic.co\/?page_id=967"},"modified":"2019-02-07T07:49:25","modified_gmt":"2019-02-07T07:49:25","slug":"procjena-i-upravljanje-rizicima","status":"publish","type":"page","link":"https:\/\/osic.co\/s\/hr\/usluge-3\/procjena-i-upravljanje-rizicima\/","title":{"rendered":"Procjena i upravljanje rizicima"},"content":{"rendered":"\n<p>\n\n\n\n\n\n\n\n\n\n\n\n\n\n\n\nTemeljem analize unutarnjih slabih to\u010daka u va\u0161em sustavu\nkao i potencijalnih vanjskih&nbsp; \u010dinbenika,\nutvr\u0111ujemo rizike za va\u0161e poslovanje, va\u0161e politike i sla\u017eemo prema va\u017enosti za\nfunkcioniranje sustava.\n\n\n\n<\/p>\n","protected":false},"excerpt":{"rendered":"<p>Temeljem analize unutarnjih slabih to\u010daka u va\u0161em sustavu kao i potencijalnih vanjskih&nbsp; \u010dinbenika, utvr\u0111ujemo rizike za va\u0161e poslovanje, va\u0161e politike i sla\u017eemo prema va\u017enosti za funkcioniranje sustava.<\/p>\n","protected":false},"author":1,"featured_media":0,"parent":951,"menu_order":0,"comment_status":"closed","ping_status":"closed","template":"","meta":[],"_links":{"self":[{"href":"https:\/\/osic.co\/s\/wp-json\/wp\/v2\/pages\/967"}],"collection":[{"href":"https:\/\/osic.co\/s\/wp-json\/wp\/v2\/pages"}],"about":[{"href":"https:\/\/osic.co\/s\/wp-json\/wp\/v2\/types\/page"}],"author":[{"embeddable":true,"href":"https:\/\/osic.co\/s\/wp-json\/wp\/v2\/users\/1"}],"replies":[{"embeddable":true,"href":"https:\/\/osic.co\/s\/wp-json\/wp\/v2\/comments?post=967"}],"version-history":[{"count":1,"href":"https:\/\/osic.co\/s\/wp-json\/wp\/v2\/pages\/967\/revisions"}],"predecessor-version":[{"id":968,"href":"https:\/\/osic.co\/s\/wp-json\/wp\/v2\/pages\/967\/revisions\/968"}],"up":[{"embeddable":true,"href":"https:\/\/osic.co\/s\/wp-json\/wp\/v2\/pages\/951"}],"wp:attachment":[{"href":"https:\/\/osic.co\/s\/wp-json\/wp\/v2\/media?parent=967"}],"curies":[{"name":"wp","href":"https:\/\/api.w.org\/{rel}","templated":true}]}}