{"id":965,"date":"2019-02-05T13:02:25","date_gmt":"2019-02-05T13:02:25","guid":{"rendered":"https:\/\/osic.co\/?page_id=965"},"modified":"2019-02-07T07:47:36","modified_gmt":"2019-02-07T07:47:36","slug":"medunarodno-poslovanje","status":"publish","type":"page","link":"https:\/\/osic.co\/s\/hr\/usluge-3\/medunarodno-poslovanje\/","title":{"rendered":"Me\u0111unarodno poslovanje"},"content":{"rendered":"\n<p>Podr\u017eavamo Vas u\ninozemnom poslovanju, bilo da je rije\u010d o ulaganju, trgovini ili istra\u017eivanju\ntr\u017ei\u0161ta i konkurencije. Nudimo izradu poslovnih planova, procjenu isplativosti\ninozemnog poslovanja, prepoznavanje rizika i poslovnih prilika, tra\u017eimo Va\u0161e\npotencijalne partnere i lokacije za posao. Savjetujemo Vas u vezi zakonskih\nokvira inozemnog poslovanja.<\/p>\n","protected":false},"excerpt":{"rendered":"<p>Podr\u017eavamo Vas u inozemnom poslovanju, bilo da je rije\u010d o ulaganju, trgovini ili istra\u017eivanju tr\u017ei\u0161ta i konkurencije. Nudimo izradu poslovnih planova, procjenu isplativosti inozemnog poslovanja, prepoznavanje rizika i poslovnih prilika, tra\u017eimo Va\u0161e potencijalne partnere i lokacije za posao. Savjetujemo Vas u vezi zakonskih okvira inozemnog poslovanja.<\/p>\n","protected":false},"author":1,"featured_media":0,"parent":951,"menu_order":0,"comment_status":"closed","ping_status":"closed","template":"","meta":[],"_links":{"self":[{"href":"https:\/\/osic.co\/s\/wp-json\/wp\/v2\/pages\/965"}],"collection":[{"href":"https:\/\/osic.co\/s\/wp-json\/wp\/v2\/pages"}],"about":[{"href":"https:\/\/osic.co\/s\/wp-json\/wp\/v2\/types\/page"}],"author":[{"embeddable":true,"href":"https:\/\/osic.co\/s\/wp-json\/wp\/v2\/users\/1"}],"replies":[{"embeddable":true,"href":"https:\/\/osic.co\/s\/wp-json\/wp\/v2\/comments?post=965"}],"version-history":[{"count":1,"href":"https:\/\/osic.co\/s\/wp-json\/wp\/v2\/pages\/965\/revisions"}],"predecessor-version":[{"id":966,"href":"https:\/\/osic.co\/s\/wp-json\/wp\/v2\/pages\/965\/revisions\/966"}],"up":[{"embeddable":true,"href":"https:\/\/osic.co\/s\/wp-json\/wp\/v2\/pages\/951"}],"wp:attachment":[{"href":"https:\/\/osic.co\/s\/wp-json\/wp\/v2\/media?parent=965"}],"curies":[{"name":"wp","href":"https:\/\/api.w.org\/{rel}","templated":true}]}}