{"id":963,"date":"2019-02-05T13:01:45","date_gmt":"2019-02-05T13:01:45","guid":{"rendered":"https:\/\/osic.co\/?page_id=963"},"modified":"2019-02-07T07:44:10","modified_gmt":"2019-02-07T07:44:10","slug":"kreiranje-i-provodenje-poslovnih-i-politickih-kampanja","status":"publish","type":"page","link":"https:\/\/osic.co\/s\/hr\/usluge-3\/kreiranje-i-provodenje-poslovnih-i-politickih-kampanja\/","title":{"rendered":"Kreiranje i provo\u0111enje poslovnih i politi\u010dkih kampanja"},"content":{"rendered":"\n<p>\n\n\n\n\n\n\n\n\n\n\n\n\n\n\n\nUtvr\u0111ujemo ciljeve, sredstva i vremensko trajanje\nkampanja \u010diji je cilj promocija va\u0161eg poslovanja ili politika. Usredoto\u010dujemo\nse na ciljane skupine ili pojedince, kod kojih kampanja treba donijeti\npozitivnu promjenu. Osiguravamo punu podr\u0161ku u marketingu i PR-a, prije,\ntijekom i poslje kampanje.\n\n\n\n<\/p>\n","protected":false},"excerpt":{"rendered":"<p>Utvr\u0111ujemo ciljeve, sredstva i vremensko trajanje kampanja \u010diji je cilj promocija va\u0161eg poslovanja ili politika. Usredoto\u010dujemo se na ciljane skupine ili pojedince, kod kojih kampanja treba donijeti pozitivnu promjenu. Osiguravamo punu podr\u0161ku u marketingu i PR-a, prije, tijekom i poslje kampanje.<\/p>\n","protected":false},"author":1,"featured_media":0,"parent":951,"menu_order":0,"comment_status":"closed","ping_status":"closed","template":"","meta":[],"_links":{"self":[{"href":"https:\/\/osic.co\/s\/wp-json\/wp\/v2\/pages\/963"}],"collection":[{"href":"https:\/\/osic.co\/s\/wp-json\/wp\/v2\/pages"}],"about":[{"href":"https:\/\/osic.co\/s\/wp-json\/wp\/v2\/types\/page"}],"author":[{"embeddable":true,"href":"https:\/\/osic.co\/s\/wp-json\/wp\/v2\/users\/1"}],"replies":[{"embeddable":true,"href":"https:\/\/osic.co\/s\/wp-json\/wp\/v2\/comments?post=963"}],"version-history":[{"count":1,"href":"https:\/\/osic.co\/s\/wp-json\/wp\/v2\/pages\/963\/revisions"}],"predecessor-version":[{"id":964,"href":"https:\/\/osic.co\/s\/wp-json\/wp\/v2\/pages\/963\/revisions\/964"}],"up":[{"embeddable":true,"href":"https:\/\/osic.co\/s\/wp-json\/wp\/v2\/pages\/951"}],"wp:attachment":[{"href":"https:\/\/osic.co\/s\/wp-json\/wp\/v2\/media?parent=963"}],"curies":[{"name":"wp","href":"https:\/\/api.w.org\/{rel}","templated":true}]}}