{"id":961,"date":"2019-02-05T13:01:19","date_gmt":"2019-02-05T13:01:19","guid":{"rendered":"https:\/\/osic.co\/?page_id=961"},"modified":"2019-02-07T07:43:10","modified_gmt":"2019-02-07T07:43:10","slug":"komunikacije-i-govornistvo-pr","status":"publish","type":"page","link":"https:\/\/osic.co\/s\/hr\/usluge-3\/komunikacije-i-govornistvo-pr\/","title":{"rendered":"Komunikacije i govorni\u0161tvo (PR)"},"content":{"rendered":"\n<p>\n\n\n\n\n\n\n\n\n\n\n\n\n\n\n\nKreiramo komunikacijske strategije i planove,\nprepoznajemo specifi\u010dne ciljane skupine bitne za va\u0161u komunikacijsku aktivnost.\nOsiguravamo komplatan sadr\u017eaj (govori, priop\u0107enja, priprema tiskovnih\nkonferencija i intervjua, objave na dru\u0161tvenim mre\u017eama&#8230;), vizualni koncept i produkciju\nmedijskih sadr\u017eaja.\n\n\n\n<\/p>\n","protected":false},"excerpt":{"rendered":"<p>Kreiramo komunikacijske strategije i planove, prepoznajemo specifi\u010dne ciljane skupine bitne za va\u0161u komunikacijsku aktivnost. Osiguravamo komplatan sadr\u017eaj (govori, priop\u0107enja, priprema tiskovnih konferencija i intervjua, objave na dru\u0161tvenim mre\u017eama&#8230;), vizualni koncept i produkciju medijskih sadr\u017eaja.<\/p>\n","protected":false},"author":1,"featured_media":0,"parent":951,"menu_order":0,"comment_status":"closed","ping_status":"closed","template":"","meta":[],"_links":{"self":[{"href":"https:\/\/osic.co\/s\/wp-json\/wp\/v2\/pages\/961"}],"collection":[{"href":"https:\/\/osic.co\/s\/wp-json\/wp\/v2\/pages"}],"about":[{"href":"https:\/\/osic.co\/s\/wp-json\/wp\/v2\/types\/page"}],"author":[{"embeddable":true,"href":"https:\/\/osic.co\/s\/wp-json\/wp\/v2\/users\/1"}],"replies":[{"embeddable":true,"href":"https:\/\/osic.co\/s\/wp-json\/wp\/v2\/comments?post=961"}],"version-history":[{"count":1,"href":"https:\/\/osic.co\/s\/wp-json\/wp\/v2\/pages\/961\/revisions"}],"predecessor-version":[{"id":962,"href":"https:\/\/osic.co\/s\/wp-json\/wp\/v2\/pages\/961\/revisions\/962"}],"up":[{"embeddable":true,"href":"https:\/\/osic.co\/s\/wp-json\/wp\/v2\/pages\/951"}],"wp:attachment":[{"href":"https:\/\/osic.co\/s\/wp-json\/wp\/v2\/media?parent=961"}],"curies":[{"name":"wp","href":"https:\/\/api.w.org\/{rel}","templated":true}]}}