{"id":959,"date":"2019-02-05T13:00:50","date_gmt":"2019-02-05T13:00:50","guid":{"rendered":"https:\/\/osic.co\/?page_id=959"},"modified":"2019-02-07T07:48:31","modified_gmt":"2019-02-07T07:48:31","slug":"istrazivanje-i-analiza","status":"publish","type":"page","link":"https:\/\/osic.co\/s\/hr\/usluge-3\/istrazivanje-i-analiza\/","title":{"rendered":"Istra\u017eivanje i analiza"},"content":{"rendered":"\n<p>Izra\u0111ujemo analize\nsvih tema i procesa bitnih za va\u0161e poslovanje i temeljem njih dajemo preporuke\ni procjene budu\u0107eg rada. Temelj na\u0161ih analiza su egzaktni podatci i valjane\ninformacije provjerene kod vi\u0161e valjanih izvora, a na\u0161e preporuke i procjene\nbaziraju se na multidisciplinarnoj ekspertizi na\u0161ih stru\u010dnjaka.<\/p>\n","protected":false},"excerpt":{"rendered":"<p>Izra\u0111ujemo analize svih tema i procesa bitnih za va\u0161e poslovanje i temeljem njih dajemo preporuke i procjene budu\u0107eg rada. Temelj na\u0161ih analiza su egzaktni podatci i valjane informacije provjerene kod vi\u0161e valjanih izvora, a na\u0161e preporuke i procjene baziraju se na multidisciplinarnoj ekspertizi na\u0161ih stru\u010dnjaka.<\/p>\n","protected":false},"author":1,"featured_media":0,"parent":951,"menu_order":0,"comment_status":"closed","ping_status":"closed","template":"","meta":[],"_links":{"self":[{"href":"https:\/\/osic.co\/s\/wp-json\/wp\/v2\/pages\/959"}],"collection":[{"href":"https:\/\/osic.co\/s\/wp-json\/wp\/v2\/pages"}],"about":[{"href":"https:\/\/osic.co\/s\/wp-json\/wp\/v2\/types\/page"}],"author":[{"embeddable":true,"href":"https:\/\/osic.co\/s\/wp-json\/wp\/v2\/users\/1"}],"replies":[{"embeddable":true,"href":"https:\/\/osic.co\/s\/wp-json\/wp\/v2\/comments?post=959"}],"version-history":[{"count":1,"href":"https:\/\/osic.co\/s\/wp-json\/wp\/v2\/pages\/959\/revisions"}],"predecessor-version":[{"id":960,"href":"https:\/\/osic.co\/s\/wp-json\/wp\/v2\/pages\/959\/revisions\/960"}],"up":[{"embeddable":true,"href":"https:\/\/osic.co\/s\/wp-json\/wp\/v2\/pages\/951"}],"wp:attachment":[{"href":"https:\/\/osic.co\/s\/wp-json\/wp\/v2\/media?parent=959"}],"curies":[{"name":"wp","href":"https:\/\/api.w.org\/{rel}","templated":true}]}}