{"id":955,"date":"2019-02-05T12:59:44","date_gmt":"2019-02-05T12:59:44","guid":{"rendered":"https:\/\/osic.co\/?page_id=955"},"modified":"2019-02-07T07:45:51","modified_gmt":"2019-02-07T07:45:51","slug":"domaca-i-inozemna-politika-i-upravljanje","status":"publish","type":"page","link":"https:\/\/osic.co\/s\/hr\/usluge-3\/domaca-i-inozemna-politika-i-upravljanje\/","title":{"rendered":"Doma\u0107a i inozemna politika i upravljanje"},"content":{"rendered":"\n<p>\n\n\n\n\n\n\n\n\n\n\n\n\n\n\n\nAnaliziramo domete va\u0161ih politika, njihovu opravdanost\npodr\u0161ku i mogu\u0107e rizike. Kreiramo kampanje, pratimo njihov razvoj, u\u010dinke i\nanaliziramo rezultate. Osiguravamo sugovornike va\u017ene za teme Va\u0161e politike,\nkako na nacionalnoj tako i na me\u0111unarodnoj razini. Osiguravamo detaljne analize\nme\u0111unarodnih doga\u0111aja i procesa bitnih za Va\u0161 poslovanje, odnosno politiku.\nTemeljem informacija, neovisno o slu\u017ebenim ili neslu\u017ebenim izvorima, pru\u017eamo\npouzdanu procjenu razvoja doga\u0111aja na me\u0111unarodnom planu, posebno obra\u0107aju\u0107i\npozornost na prepoznavanje potencijalne krize. Analiziramo me\u0111unarodne\nsporazume i akte me\u0111unarodnih organizacija.\n\n\n\n<\/p>\n","protected":false},"excerpt":{"rendered":"<p>Analiziramo domete va\u0161ih politika, njihovu opravdanost podr\u0161ku i mogu\u0107e rizike. Kreiramo kampanje, pratimo njihov razvoj, u\u010dinke i analiziramo rezultate. Osiguravamo sugovornike va\u017ene za teme Va\u0161e politike, kako na nacionalnoj tako i na me\u0111unarodnoj razini. Osiguravamo detaljne analize me\u0111unarodnih doga\u0111aja i procesa bitnih za Va\u0161 poslovanje, odnosno politiku. Temeljem informacija, neovisno o slu\u017ebenim ili neslu\u017ebenim izvorima, [&hellip;]<\/p>\n","protected":false},"author":1,"featured_media":0,"parent":951,"menu_order":0,"comment_status":"closed","ping_status":"closed","template":"","meta":[],"_links":{"self":[{"href":"https:\/\/osic.co\/s\/wp-json\/wp\/v2\/pages\/955"}],"collection":[{"href":"https:\/\/osic.co\/s\/wp-json\/wp\/v2\/pages"}],"about":[{"href":"https:\/\/osic.co\/s\/wp-json\/wp\/v2\/types\/page"}],"author":[{"embeddable":true,"href":"https:\/\/osic.co\/s\/wp-json\/wp\/v2\/users\/1"}],"replies":[{"embeddable":true,"href":"https:\/\/osic.co\/s\/wp-json\/wp\/v2\/comments?post=955"}],"version-history":[{"count":1,"href":"https:\/\/osic.co\/s\/wp-json\/wp\/v2\/pages\/955\/revisions"}],"predecessor-version":[{"id":956,"href":"https:\/\/osic.co\/s\/wp-json\/wp\/v2\/pages\/955\/revisions\/956"}],"up":[{"embeddable":true,"href":"https:\/\/osic.co\/s\/wp-json\/wp\/v2\/pages\/951"}],"wp:attachment":[{"href":"https:\/\/osic.co\/s\/wp-json\/wp\/v2\/media?parent=955"}],"curies":[{"name":"wp","href":"https:\/\/api.w.org\/{rel}","templated":true}]}}