{"id":953,"date":"2019-02-05T12:59:09","date_gmt":"2019-02-05T12:59:09","guid":{"rendered":"https:\/\/osic.co\/?page_id=953"},"modified":"2019-02-07T07:50:15","modified_gmt":"2019-02-07T07:50:15","slug":"menadzment-sigurnosti","status":"publish","type":"page","link":"https:\/\/osic.co\/s\/hr\/usluge-3\/menadzment-sigurnosti\/","title":{"rendered":"Menad\u017ement sigurnosti"},"content":{"rendered":"\n<p> Procjenjujemo unutarnje i vanjske rizike za va\u0161u imovinu, poslovanje, sustave i ljude, temeljem \u010dega predla\u017eemo mjere za smanjenje ili potpuno otklanjanje sigurnosnih prijetnji i rizika. <\/p>\n","protected":false},"excerpt":{"rendered":"<p>Procjenjujemo unutarnje i vanjske rizike za va\u0161u imovinu, poslovanje, sustave i ljude, temeljem \u010dega predla\u017eemo mjere za smanjenje ili potpuno otklanjanje sigurnosnih prijetnji i rizika.<\/p>\n","protected":false},"author":1,"featured_media":0,"parent":951,"menu_order":0,"comment_status":"closed","ping_status":"closed","template":"","meta":[],"_links":{"self":[{"href":"https:\/\/osic.co\/s\/wp-json\/wp\/v2\/pages\/953"}],"collection":[{"href":"https:\/\/osic.co\/s\/wp-json\/wp\/v2\/pages"}],"about":[{"href":"https:\/\/osic.co\/s\/wp-json\/wp\/v2\/types\/page"}],"author":[{"embeddable":true,"href":"https:\/\/osic.co\/s\/wp-json\/wp\/v2\/users\/1"}],"replies":[{"embeddable":true,"href":"https:\/\/osic.co\/s\/wp-json\/wp\/v2\/comments?post=953"}],"version-history":[{"count":1,"href":"https:\/\/osic.co\/s\/wp-json\/wp\/v2\/pages\/953\/revisions"}],"predecessor-version":[{"id":954,"href":"https:\/\/osic.co\/s\/wp-json\/wp\/v2\/pages\/953\/revisions\/954"}],"up":[{"embeddable":true,"href":"https:\/\/osic.co\/s\/wp-json\/wp\/v2\/pages\/951"}],"wp:attachment":[{"href":"https:\/\/osic.co\/s\/wp-json\/wp\/v2\/media?parent=953"}],"curies":[{"name":"wp","href":"https:\/\/api.w.org\/{rel}","templated":true}]}}