{"id":951,"date":"2019-02-05T12:58:18","date_gmt":"2019-02-05T12:58:18","guid":{"rendered":"https:\/\/osic.co\/?page_id=951"},"modified":"2019-02-10T09:20:23","modified_gmt":"2019-02-10T09:20:23","slug":"usluge-3","status":"publish","type":"page","link":"https:\/\/osic.co\/s\/hr\/usluge-3\/","title":{"rendered":"USLUGE"},"content":{"rendered":"\n<p> Zamislite kako je OSIC va\u0161 ured koji Vam je na raspolaganju 24 sata, 365 dana u godini. Nudimo cjelokupnu analizu stanja, prednosti i nedostataka Va\u0161eg sustava ili konkretne aktivnosti. Nudimo procjenu potencijala ali i rizika i smetnji koji su prepreka ostvarenju zadanog cilja. Obvezno, predla\u017eemo konkretne mjere za provo\u0111enje te na kraju, osiguravamo i analizu postignutih rezultata uz prepoznavanje prednosti i nedostataka primjenjenih metoda. Na\u0161 tim pru\u017ea usluge u slijede\u0107im podru\u010djima: <\/p>\n\n\n\n<ul><li><a rel=\"noreferrer noopener\" aria-label=\"Me\u0111unarodno poslovanje (opens in a new tab)\" href=\"https:\/\/osic.co\/s\/hr\/usluge-3\/medunarodno-poslovanje\/\" target=\"_blank\">Me\u0111unarodno <g class=\"gr_ gr_4 gr-alert gr_spell gr_inline_cards gr_disable_anim_appear ContextualSpelling\" id=\"4\" data-gr-id=\"4\">poslovanje<\/g><\/a><\/li><li><a rel=\"noreferrer noopener\" aria-label=\" Doma\u0107a i inozemna politika i upravljanje  (opens in a new tab)\" href=\"https:\/\/osic.co\/s\/hr\/usluge-3\/domaca-i-inozemna-politika-i-upravljanje\/\" target=\"_blank\"> Doma\u0107a i inozemna politika i upravljanje <\/a><\/li><li><a rel=\"noreferrer noopener\" aria-label=\" Procjena i upravljanje rizicima  (opens in a new tab)\" href=\"https:\/\/osic.co\/s\/hr\/usluge-3\/procjena-i-upravljanje-rizicima\/\" target=\"_blank\"> Procjena i upravljanje rizicima <\/a><\/li><li><a rel=\"noreferrer noopener\" aria-label=\" Upravljanje krizama  (opens in a new tab)\" href=\"https:\/\/osic.co\/s\/hr\/usluge-3\/upravljanje-krizama\/\" target=\"_blank\"> Upravljanje krizama <\/a><\/li><li><a rel=\"noreferrer noopener\" aria-label=\" Menad\u017ement sigurnosti  (opens in a new tab)\" href=\"https:\/\/osic.co\/s\/hr\/usluge-3\/menadzment-sigurnosti\/\" target=\"_blank\"> Menad\u017ement sigurnosti <\/a><\/li><li><a rel=\"noreferrer noopener\" aria-label=\" Komunikacije i govorni\u0161tvo (PR) (opens in a new tab)\" href=\"https:\/\/osic.co\/s\/hr\/usluge-3\/komunikacije-i-govornistvo-pr\/\" target=\"_blank\"> Komunikacije i govorni\u0161tvo (PR)<\/a><\/li><li><a rel=\"noreferrer noopener\" aria-label=\" Istra\u017eivanje i analiza (opens in a new tab)\" href=\"https:\/\/osic.co\/s\/hr\/usluge-3\/istrazivanje-i-analiza\/\" target=\"_blank\"> Istra\u017eivanje i analiza<\/a><\/li><li><a rel=\"noreferrer noopener\" aria-label=\" Edukacija (opens in a new tab)\" href=\"https:\/\/osic.co\/s\/hr\/usluge-3\/edukacija\/\" target=\"_blank\"> Edukacija<\/a><\/li><li><a href=\"https:\/\/osic.co\/s\/hr\/usluge-3\/kreiranje-i-provodenje-poslovnih-i-politickih-kampanja\/\" target=\"_blank\" rel=\"noreferrer noopener\" aria-label=\" Kreiranje i provo\u0111enje poslovnih i politi\u010dkih kampanja (opens in a new tab)\"> Kreiranje i provo\u0111enje poslovnih i politi\u010dkih kampanja<\/a><\/li><\/ul>\n","protected":false},"excerpt":{"rendered":"<p>Zamislite kako je OSIC va\u0161 ured koji Vam je na raspolaganju 24 sata, 365 dana u godini. Nudimo cjelokupnu analizu stanja, prednosti i nedostataka Va\u0161eg sustava ili konkretne aktivnosti. Nudimo procjenu potencijala ali i rizika i smetnji koji su prepreka ostvarenju zadanog cilja. Obvezno, predla\u017eemo konkretne mjere za provo\u0111enje te na kraju, osiguravamo i analizu [&hellip;]<\/p>\n","protected":false},"author":1,"featured_media":0,"parent":0,"menu_order":0,"comment_status":"closed","ping_status":"closed","template":"","meta":[],"_links":{"self":[{"href":"https:\/\/osic.co\/s\/wp-json\/wp\/v2\/pages\/951"}],"collection":[{"href":"https:\/\/osic.co\/s\/wp-json\/wp\/v2\/pages"}],"about":[{"href":"https:\/\/osic.co\/s\/wp-json\/wp\/v2\/types\/page"}],"author":[{"embeddable":true,"href":"https:\/\/osic.co\/s\/wp-json\/wp\/v2\/users\/1"}],"replies":[{"embeddable":true,"href":"https:\/\/osic.co\/s\/wp-json\/wp\/v2\/comments?post=951"}],"version-history":[{"count":2,"href":"https:\/\/osic.co\/s\/wp-json\/wp\/v2\/pages\/951\/revisions"}],"predecessor-version":[{"id":1456,"href":"https:\/\/osic.co\/s\/wp-json\/wp\/v2\/pages\/951\/revisions\/1456"}],"wp:attachment":[{"href":"https:\/\/osic.co\/s\/wp-json\/wp\/v2\/media?parent=951"}],"curies":[{"name":"wp","href":"https:\/\/api.w.org\/{rel}","templated":true}]}}