{"id":825,"date":"2019-02-04T15:19:52","date_gmt":"2019-02-04T15:19:52","guid":{"rendered":"https:\/\/osic.co\/?page_id=825"},"modified":"2019-02-07T07:50:22","modified_gmt":"2019-02-07T07:50:22","slug":"bezbjednosni-menadzment","status":"publish","type":"page","link":"https:\/\/osic.co\/s\/bs\/usluge-2\/bezbjednosni-menadzment\/","title":{"rendered":"Bezbjednosni menad\u017ement"},"content":{"rendered":"\n<p>Procjenjujemo\nunutra\u0161nje i spoljne rizike za va\u0161u imovinu, poslovanje, sisteme i ljude, na\nosnovu \u010dega predla\u017eemo mjere za smanjenje, odnosno potpuno uklanjanje\nbezbjednosnih prijetnji i rizika. <\/p>\n","protected":false},"excerpt":{"rendered":"<p>Procjenjujemo unutra\u0161nje i spoljne rizike za va\u0161u imovinu, poslovanje, sisteme i ljude, na osnovu \u010dega predla\u017eemo mjere za smanjenje, odnosno potpuno uklanjanje bezbjednosnih prijetnji i rizika.<\/p>\n","protected":false},"author":1,"featured_media":0,"parent":807,"menu_order":0,"comment_status":"closed","ping_status":"closed","template":"","meta":[],"_links":{"self":[{"href":"https:\/\/osic.co\/s\/wp-json\/wp\/v2\/pages\/825"}],"collection":[{"href":"https:\/\/osic.co\/s\/wp-json\/wp\/v2\/pages"}],"about":[{"href":"https:\/\/osic.co\/s\/wp-json\/wp\/v2\/types\/page"}],"author":[{"embeddable":true,"href":"https:\/\/osic.co\/s\/wp-json\/wp\/v2\/users\/1"}],"replies":[{"embeddable":true,"href":"https:\/\/osic.co\/s\/wp-json\/wp\/v2\/comments?post=825"}],"version-history":[{"count":1,"href":"https:\/\/osic.co\/s\/wp-json\/wp\/v2\/pages\/825\/revisions"}],"predecessor-version":[{"id":826,"href":"https:\/\/osic.co\/s\/wp-json\/wp\/v2\/pages\/825\/revisions\/826"}],"up":[{"embeddable":true,"href":"https:\/\/osic.co\/s\/wp-json\/wp\/v2\/pages\/807"}],"wp:attachment":[{"href":"https:\/\/osic.co\/s\/wp-json\/wp\/v2\/media?parent=825"}],"curies":[{"name":"wp","href":"https:\/\/api.w.org\/{rel}","templated":true}]}}