{"id":823,"date":"2019-02-04T15:19:30","date_gmt":"2019-02-04T15:19:30","guid":{"rendered":"https:\/\/osic.co\/?page_id=823"},"modified":"2019-02-07T07:49:36","modified_gmt":"2019-02-07T07:49:36","slug":"procjena-i-upravljanje-rizicima","status":"publish","type":"page","link":"https:\/\/osic.co\/s\/bs\/usluge-2\/procjena-i-upravljanje-rizicima\/","title":{"rendered":"Procjena i upravljanje rizicima"},"content":{"rendered":"\n<p>Na osnovu\nanaliza unutra\u0161njih slabih karika u va\u0161em sistemu, kao i potencijalnih spoljnih\nfaktora, identifikujemo rizike za va\u0161e poslovanje, va\u0161e politike i\nstrukturiramo ih po prioritetima, od va\u017enosti za funkcionisanje sistema. <\/p>\n","protected":false},"excerpt":{"rendered":"<p>Na osnovu analiza unutra\u0161njih slabih karika u va\u0161em sistemu, kao i potencijalnih spoljnih faktora, identifikujemo rizike za va\u0161e poslovanje, va\u0161e politike i strukturiramo ih po prioritetima, od va\u017enosti za funkcionisanje sistema.<\/p>\n","protected":false},"author":1,"featured_media":0,"parent":807,"menu_order":0,"comment_status":"closed","ping_status":"closed","template":"","meta":[],"_links":{"self":[{"href":"https:\/\/osic.co\/s\/wp-json\/wp\/v2\/pages\/823"}],"collection":[{"href":"https:\/\/osic.co\/s\/wp-json\/wp\/v2\/pages"}],"about":[{"href":"https:\/\/osic.co\/s\/wp-json\/wp\/v2\/types\/page"}],"author":[{"embeddable":true,"href":"https:\/\/osic.co\/s\/wp-json\/wp\/v2\/users\/1"}],"replies":[{"embeddable":true,"href":"https:\/\/osic.co\/s\/wp-json\/wp\/v2\/comments?post=823"}],"version-history":[{"count":1,"href":"https:\/\/osic.co\/s\/wp-json\/wp\/v2\/pages\/823\/revisions"}],"predecessor-version":[{"id":824,"href":"https:\/\/osic.co\/s\/wp-json\/wp\/v2\/pages\/823\/revisions\/824"}],"up":[{"embeddable":true,"href":"https:\/\/osic.co\/s\/wp-json\/wp\/v2\/pages\/807"}],"wp:attachment":[{"href":"https:\/\/osic.co\/s\/wp-json\/wp\/v2\/media?parent=823"}],"curies":[{"name":"wp","href":"https:\/\/api.w.org\/{rel}","templated":true}]}}