{"id":821,"date":"2019-02-04T15:19:00","date_gmt":"2019-02-04T15:19:00","guid":{"rendered":"https:\/\/osic.co\/?page_id=821"},"modified":"2019-02-07T07:48:39","modified_gmt":"2019-02-07T07:48:39","slug":"istrazivanje-i-analiza","status":"publish","type":"page","link":"https:\/\/osic.co\/s\/bs\/usluge-2\/istrazivanje-i-analiza\/","title":{"rendered":"Istra\u017eivanje i analiza"},"content":{"rendered":"\n<p>Izra\u0111ujemo\nanalize svih tema i procesa bitnih za va\u0161e poslovanje i na osnovu njih dajemo\npreporuke i procjene za budu\u0107i rad. Temelj na\u0161ih analiza su egzaktni podaci i\nvalidne informacije provjerene kod vi\u0161e relevantnih izvora, a na\u0161e preporuke i\nprocjene baziraju se na multidisciplinarnoj ekspertizi na\u0161ih stru\u010dnjaka. <\/p>\n","protected":false},"excerpt":{"rendered":"<p>Izra\u0111ujemo analize svih tema i procesa bitnih za va\u0161e poslovanje i na osnovu njih dajemo preporuke i procjene za budu\u0107i rad. Temelj na\u0161ih analiza su egzaktni podaci i validne informacije provjerene kod vi\u0161e relevantnih izvora, a na\u0161e preporuke i procjene baziraju se na multidisciplinarnoj ekspertizi na\u0161ih stru\u010dnjaka.<\/p>\n","protected":false},"author":1,"featured_media":0,"parent":807,"menu_order":0,"comment_status":"closed","ping_status":"closed","template":"","meta":[],"_links":{"self":[{"href":"https:\/\/osic.co\/s\/wp-json\/wp\/v2\/pages\/821"}],"collection":[{"href":"https:\/\/osic.co\/s\/wp-json\/wp\/v2\/pages"}],"about":[{"href":"https:\/\/osic.co\/s\/wp-json\/wp\/v2\/types\/page"}],"author":[{"embeddable":true,"href":"https:\/\/osic.co\/s\/wp-json\/wp\/v2\/users\/1"}],"replies":[{"embeddable":true,"href":"https:\/\/osic.co\/s\/wp-json\/wp\/v2\/comments?post=821"}],"version-history":[{"count":1,"href":"https:\/\/osic.co\/s\/wp-json\/wp\/v2\/pages\/821\/revisions"}],"predecessor-version":[{"id":822,"href":"https:\/\/osic.co\/s\/wp-json\/wp\/v2\/pages\/821\/revisions\/822"}],"up":[{"embeddable":true,"href":"https:\/\/osic.co\/s\/wp-json\/wp\/v2\/pages\/807"}],"wp:attachment":[{"href":"https:\/\/osic.co\/s\/wp-json\/wp\/v2\/media?parent=821"}],"curies":[{"name":"wp","href":"https:\/\/api.w.org\/{rel}","templated":true}]}}