{"id":817,"date":"2019-02-04T15:17:09","date_gmt":"2019-02-04T15:17:09","guid":{"rendered":"https:\/\/osic.co\/?page_id=817"},"modified":"2019-02-07T07:46:52","modified_gmt":"2019-02-07T07:46:52","slug":"edukacija","status":"publish","type":"page","link":"https:\/\/osic.co\/s\/bs\/usluge-2\/edukacija\/","title":{"rendered":"Edukacija"},"content":{"rendered":"\n<p>Pru\u017eamo sve\nvrste treninga za va\u0161e osoblje ili klijente iz oblasti na\u0161ih ekspertiza, off\nili on-line. <\/p>\n","protected":false},"excerpt":{"rendered":"<p>Pru\u017eamo sve vrste treninga za va\u0161e osoblje ili klijente iz oblasti na\u0161ih ekspertiza, off ili on-line.<\/p>\n","protected":false},"author":1,"featured_media":0,"parent":807,"menu_order":0,"comment_status":"closed","ping_status":"closed","template":"","meta":[],"_links":{"self":[{"href":"https:\/\/osic.co\/s\/wp-json\/wp\/v2\/pages\/817"}],"collection":[{"href":"https:\/\/osic.co\/s\/wp-json\/wp\/v2\/pages"}],"about":[{"href":"https:\/\/osic.co\/s\/wp-json\/wp\/v2\/types\/page"}],"author":[{"embeddable":true,"href":"https:\/\/osic.co\/s\/wp-json\/wp\/v2\/users\/1"}],"replies":[{"embeddable":true,"href":"https:\/\/osic.co\/s\/wp-json\/wp\/v2\/comments?post=817"}],"version-history":[{"count":1,"href":"https:\/\/osic.co\/s\/wp-json\/wp\/v2\/pages\/817\/revisions"}],"predecessor-version":[{"id":818,"href":"https:\/\/osic.co\/s\/wp-json\/wp\/v2\/pages\/817\/revisions\/818"}],"up":[{"embeddable":true,"href":"https:\/\/osic.co\/s\/wp-json\/wp\/v2\/pages\/807"}],"wp:attachment":[{"href":"https:\/\/osic.co\/s\/wp-json\/wp\/v2\/media?parent=817"}],"curies":[{"name":"wp","href":"https:\/\/api.w.org\/{rel}","templated":true}]}}