{"id":815,"date":"2019-02-04T15:16:35","date_gmt":"2019-02-04T15:16:35","guid":{"rendered":"https:\/\/osic.co\/?page_id=815"},"modified":"2019-02-07T07:45:59","modified_gmt":"2019-02-07T07:45:59","slug":"domaca-i-medunarodna-politika-i-upravljanje","status":"publish","type":"page","link":"https:\/\/osic.co\/s\/bs\/usluge-2\/domaca-i-medunarodna-politika-i-upravljanje\/","title":{"rendered":"Doma\u0107a i me\u0111unarodna politika i upravljanje"},"content":{"rendered":"\n<p>Analiziramo\ndomete va\u0161ih politika, njihovu opravdanost, podr\u0161ku i potencijalne rizike.\nKreiramo kampanje, pratimo njihov tok, merimo u\u010dinak i analiziramo efekte.\nObezbje\u0111ujemo sagovornike za teme od va\u017enosti za va\u0161e politike, kako na\nnacionalnom, tako i na me\u0111unarodnom nivou. Obezbje\u0111ujemo detaljne analize\nme\u0111unarodnih doga\u0111aja i procesa bitnih za va\u0161e poslovanje, odnosno politiku. Na\nosnovu informacija, bilo iz otvorenih ili iz nezvani\u010dnih izvora, pru\u017eamo\npouzdanu procjenu razvoja doga\u0111aja na me\u0111unarodnom planu, posebno identifikuju\u0107i\npotencijalne krize. Analiziramo me\u0111unarodne sporazume i akte me\u0111unarodnih\norganizacija.<\/p>\n","protected":false},"excerpt":{"rendered":"<p>Analiziramo domete va\u0161ih politika, njihovu opravdanost, podr\u0161ku i potencijalne rizike. Kreiramo kampanje, pratimo njihov tok, merimo u\u010dinak i analiziramo efekte. Obezbje\u0111ujemo sagovornike za teme od va\u017enosti za va\u0161e politike, kako na nacionalnom, tako i na me\u0111unarodnom nivou. Obezbje\u0111ujemo detaljne analize me\u0111unarodnih doga\u0111aja i procesa bitnih za va\u0161e poslovanje, odnosno politiku. Na osnovu informacija, bilo iz [&hellip;]<\/p>\n","protected":false},"author":1,"featured_media":0,"parent":807,"menu_order":0,"comment_status":"closed","ping_status":"closed","template":"","meta":[],"_links":{"self":[{"href":"https:\/\/osic.co\/s\/wp-json\/wp\/v2\/pages\/815"}],"collection":[{"href":"https:\/\/osic.co\/s\/wp-json\/wp\/v2\/pages"}],"about":[{"href":"https:\/\/osic.co\/s\/wp-json\/wp\/v2\/types\/page"}],"author":[{"embeddable":true,"href":"https:\/\/osic.co\/s\/wp-json\/wp\/v2\/users\/1"}],"replies":[{"embeddable":true,"href":"https:\/\/osic.co\/s\/wp-json\/wp\/v2\/comments?post=815"}],"version-history":[{"count":1,"href":"https:\/\/osic.co\/s\/wp-json\/wp\/v2\/pages\/815\/revisions"}],"predecessor-version":[{"id":816,"href":"https:\/\/osic.co\/s\/wp-json\/wp\/v2\/pages\/815\/revisions\/816"}],"up":[{"embeddable":true,"href":"https:\/\/osic.co\/s\/wp-json\/wp\/v2\/pages\/807"}],"wp:attachment":[{"href":"https:\/\/osic.co\/s\/wp-json\/wp\/v2\/media?parent=815"}],"curies":[{"name":"wp","href":"https:\/\/api.w.org\/{rel}","templated":true}]}}