{"id":813,"date":"2019-02-04T15:15:54","date_gmt":"2019-02-04T15:15:54","guid":{"rendered":"https:\/\/osic.co\/?page_id=813"},"modified":"2019-02-07T07:45:07","modified_gmt":"2019-02-07T07:45:07","slug":"upravljanje-krizama","status":"publish","type":"page","link":"https:\/\/osic.co\/s\/bs\/usluge-2\/upravljanje-krizama\/","title":{"rendered":"Upravljanje krizama"},"content":{"rendered":"\n<p>Sa\u010dinjavamo\nplanove za reagovanje u kriznim situacijama, predvi\u0111amo procedure za aktivnosti\nuo\u010di, tokom i nakon krize, pru\u017eamo trening za va\u0161e osoblje za pona\u0161anje u\nkriznim situacijama. Na\u0161a specijalnost je i pru\u017eanje asistencije u realnom\nvremenu, kada vas ne ostavljamo same da se izborite sa krizom, ve\u0107 vam\nstavljamo na raspolaganje na\u0161e resurse. Posebnu pa\u017enju pridajemo post-kriznoj\nanalizi, uklanjanju slabih ta\u010daka i korigovanju procedura, ukoliko su na bilo\nkoji na\u010din ometale izlazak iz krize. Za\u0161tita va\u0161e dobre reputacije je u tom\nsmislu imperativ. <\/p>\n","protected":false},"excerpt":{"rendered":"<p>Sa\u010dinjavamo planove za reagovanje u kriznim situacijama, predvi\u0111amo procedure za aktivnosti uo\u010di, tokom i nakon krize, pru\u017eamo trening za va\u0161e osoblje za pona\u0161anje u kriznim situacijama. Na\u0161a specijalnost je i pru\u017eanje asistencije u realnom vremenu, kada vas ne ostavljamo same da se izborite sa krizom, ve\u0107 vam stavljamo na raspolaganje na\u0161e resurse. Posebnu pa\u017enju pridajemo [&hellip;]<\/p>\n","protected":false},"author":1,"featured_media":0,"parent":807,"menu_order":0,"comment_status":"closed","ping_status":"closed","template":"","meta":[],"_links":{"self":[{"href":"https:\/\/osic.co\/s\/wp-json\/wp\/v2\/pages\/813"}],"collection":[{"href":"https:\/\/osic.co\/s\/wp-json\/wp\/v2\/pages"}],"about":[{"href":"https:\/\/osic.co\/s\/wp-json\/wp\/v2\/types\/page"}],"author":[{"embeddable":true,"href":"https:\/\/osic.co\/s\/wp-json\/wp\/v2\/users\/1"}],"replies":[{"embeddable":true,"href":"https:\/\/osic.co\/s\/wp-json\/wp\/v2\/comments?post=813"}],"version-history":[{"count":1,"href":"https:\/\/osic.co\/s\/wp-json\/wp\/v2\/pages\/813\/revisions"}],"predecessor-version":[{"id":814,"href":"https:\/\/osic.co\/s\/wp-json\/wp\/v2\/pages\/813\/revisions\/814"}],"up":[{"embeddable":true,"href":"https:\/\/osic.co\/s\/wp-json\/wp\/v2\/pages\/807"}],"wp:attachment":[{"href":"https:\/\/osic.co\/s\/wp-json\/wp\/v2\/media?parent=813"}],"curies":[{"name":"wp","href":"https:\/\/api.w.org\/{rel}","templated":true}]}}