{"id":807,"date":"2019-02-04T15:14:23","date_gmt":"2019-02-04T15:14:23","guid":{"rendered":"https:\/\/osic.co\/?page_id=807"},"modified":"2019-02-10T09:24:43","modified_gmt":"2019-02-10T09:24:43","slug":"usluge-2","status":"publish","type":"page","link":"https:\/\/osic.co\/s\/bs\/usluge-2\/","title":{"rendered":"USLUGE"},"content":{"rendered":"\n<p>Zamislite OSIC kao svoj office, koji vam je na raspolaganju 24 sata, 365 dana u godini. Nudimo vam kompletnu analizu stanja, snage i slabosti va\u0161eg sistema ili konkretne aktivnosti. Nudimo procjenu potencijala, ali i rizika i smetnji koje stoje na putu za ostvarivanje va\u0161eg cilja. Nezaobilazno, predla\u017eemo konkretne mere za dolazak do \u017eeljenog efekta, naravno u\u010destvujemo zajedno sa vama u njihovom sprovo\u0111enju. Na kraju, obezbje\u0111ujemo i analizu postignutih efekata, uz identifikovanje dobrih i lo\u0161ih strana primjenjenih rje\u0161enja. Na\u0161 tim spreman je da vam pru\u017ei usluge u&nbsp; slede\u0107im oblastima:<\/p>\n\n\n\n<ul><li><a rel=\"noreferrer noopener\" aria-label=\"Me\u0111unarodno poslovanje (opens in a new tab)\" href=\"https:\/\/osic.co\/s\/bs\/usluge-2\/medunarodno-poslovanje\/\" target=\"_blank\">Me\u0111unarodno poslovanje<\/a><\/li><li><a rel=\"noreferrer noopener\" aria-label=\"Doma\u0107a i me\u0111unarodna politika i upravljanje (opens in a new tab)\" href=\"https:\/\/osic.co\/s\/bs\/usluge-2\/domaca-i-medunarodna-politika-i-upravljanje\/\" target=\"_blank\">Doma\u0107a i me\u0111unarodna politika i upravljanje<\/a><\/li><li><a rel=\"noreferrer noopener\" aria-label=\"Procjena i upravljanje rizicima (opens in a new tab)\" href=\"https:\/\/osic.co\/s\/bs\/usluge-2\/procjena-i-upravljanje-rizicima\/\" target=\"_blank\">Procjena i upravljanje rizicima<\/a><\/li><li><a rel=\"noreferrer noopener\" aria-label=\"Upravljanje krizama (opens in a new tab)\" href=\"https:\/\/osic.co\/s\/bs\/usluge-2\/upravljanje-krizama\/\" target=\"_blank\">Upravljanje krizama<\/a><\/li><li><a rel=\"noreferrer noopener\" aria-label=\"Bezbjednosni menad\u017ement (opens in a new tab)\" href=\"https:\/\/osic.co\/s\/bs\/usluge-2\/bezbjednosni-menadzment\/\" target=\"_blank\">Bezbjednosni menad\u017ement<\/a><\/li><li><a rel=\"noreferrer noopener\" aria-label=\"Komunikacije i PR (opens in a new tab)\" href=\"https:\/\/osic.co\/s\/bs\/usluge-2\/komunikacije-i-pr\/\" target=\"_blank\">Komunikacije i PR<\/a><\/li><li><a rel=\"noreferrer noopener\" aria-label=\"Istra\u017eivanje i analiza (opens in a new tab)\" href=\"https:\/\/osic.co\/s\/bs\/usluge-2\/istrazivanje-i-analiza\/\" target=\"_blank\">Istra\u017eivanje i analiza<\/a><\/li><li><a rel=\"noreferrer noopener\" aria-label=\"Edukacija (opens in a new tab)\" href=\"https:\/\/osic.co\/s\/bs\/usluge-2\/edukacija\/\" target=\"_blank\">Edukacija<\/a><\/li><li><a href=\"https:\/\/osic.co\/s\/bs\/usluge-2\/kreiranje-i-sprovodenje-poslovnih-i-politickih-kampanja\/\" target=\"_blank\" rel=\"noreferrer noopener\" aria-label=\"Kreiranje i sprovo\u0111enje poslovnih i politi\u010dkih kampanja (opens in a new tab)\">Kreiranje i sprovo\u0111enje poslovnih i politi\u010dkih kampanja<\/a><\/li><\/ul>\n\n\n\n<p><\/p>\n","protected":false},"excerpt":{"rendered":"<p>Zamislite OSIC kao svoj office, koji vam je na raspolaganju 24 sata, 365 dana u godini. Nudimo vam kompletnu analizu stanja, snage i slabosti va\u0161eg sistema ili konkretne aktivnosti. Nudimo procjenu potencijala, ali i rizika i smetnji koje stoje na putu za ostvarivanje va\u0161eg cilja. Nezaobilazno, predla\u017eemo konkretne mere za dolazak do \u017eeljenog efekta, naravno [&hellip;]<\/p>\n","protected":false},"author":1,"featured_media":0,"parent":0,"menu_order":0,"comment_status":"closed","ping_status":"closed","template":"","meta":[],"_links":{"self":[{"href":"https:\/\/osic.co\/s\/wp-json\/wp\/v2\/pages\/807"}],"collection":[{"href":"https:\/\/osic.co\/s\/wp-json\/wp\/v2\/pages"}],"about":[{"href":"https:\/\/osic.co\/s\/wp-json\/wp\/v2\/types\/page"}],"author":[{"embeddable":true,"href":"https:\/\/osic.co\/s\/wp-json\/wp\/v2\/users\/1"}],"replies":[{"embeddable":true,"href":"https:\/\/osic.co\/s\/wp-json\/wp\/v2\/comments?post=807"}],"version-history":[{"count":3,"href":"https:\/\/osic.co\/s\/wp-json\/wp\/v2\/pages\/807\/revisions"}],"predecessor-version":[{"id":1460,"href":"https:\/\/osic.co\/s\/wp-json\/wp\/v2\/pages\/807\/revisions\/1460"}],"wp:attachment":[{"href":"https:\/\/osic.co\/s\/wp-json\/wp\/v2\/media?parent=807"}],"curies":[{"name":"wp","href":"https:\/\/api.w.org\/{rel}","templated":true}]}}