{"id":805,"date":"2019-02-04T15:12:33","date_gmt":"2019-02-04T15:12:33","guid":{"rendered":"https:\/\/osic.co\/?page_id=805"},"modified":"2019-02-07T07:41:23","modified_gmt":"2019-02-07T07:41:23","slug":"resursi-2","status":"publish","type":"page","link":"https:\/\/osic.co\/s\/bs\/resursi-2\/","title":{"rendered":"RESURSI"},"content":{"rendered":"\n<p>OSIC-ov tim\neksperata izra\u0111uje, sprovodi i mjeri u\u010dinke strategija iz oblasti poslovanja\nsvojih klijenata. Na\u0161 tim se neprestano adaptira na stalne promjene poslovnog,\npoliti\u010dkog, bezbjednosnog i medijskog ambijenta, usvaja i primjenjuje najnovija\nsvjetska dostignu\u0107a. Mi znamo kako funkcioni\u0161e dono\u0161enje poslovnih i politi\u010dkih\nodluka, znamo ko ih donosi, a znamo i to zbog \u010dega su one bile uspje\u0161ne ili\nneuspje\u0161ne. Na\u0161 tim \u010dine istra\u017eiva\u010di, univerzitetski profesori, korporativni\nrukovodioci u multinacionalnim kompanijama, biv\u0161e i aktuelne diplomate,\nadvokati, menad\u017eeri bezbjednosti, finansijski eksperti, IT stru\u010dnjaci, urednici\nmedija i stru\u010dnjaci za odnose sa javno\u0161\u0107u. <\/p>\n\n\n\n<p>Na\u0161 tim \u010dine\neksperti iz slede\u0107ih oblasti:<\/p>\n\n\n\n<ul><li>Me\u0111unarodno poslovanje<\/li><li>Politi\u010dki konsalting<\/li><li>Diplomatija i me\u0111unarodni odnosi<\/li><li>Bezbjednosni menad\u017ement<\/li><li>Energetika <\/li><li>Odnosi sa javno\u0161\u0107u i mediji<\/li><li>Saobra\u0107aj<\/li><li>Ekologija<\/li><li>Finansijske usluge<\/li><li>Tehnologija i telekomunikacije<\/li><\/ul>\n","protected":false},"excerpt":{"rendered":"<p>OSIC-ov tim eksperata izra\u0111uje, sprovodi i mjeri u\u010dinke strategija iz oblasti poslovanja svojih klijenata. Na\u0161 tim se neprestano adaptira na stalne promjene poslovnog, politi\u010dkog, bezbjednosnog i medijskog ambijenta, usvaja i primjenjuje najnovija svjetska dostignu\u0107a. Mi znamo kako funkcioni\u0161e dono\u0161enje poslovnih i politi\u010dkih odluka, znamo ko ih donosi, a znamo i to zbog \u010dega su one [&hellip;]<\/p>\n","protected":false},"author":1,"featured_media":0,"parent":0,"menu_order":0,"comment_status":"closed","ping_status":"closed","template":"","meta":[],"_links":{"self":[{"href":"https:\/\/osic.co\/s\/wp-json\/wp\/v2\/pages\/805"}],"collection":[{"href":"https:\/\/osic.co\/s\/wp-json\/wp\/v2\/pages"}],"about":[{"href":"https:\/\/osic.co\/s\/wp-json\/wp\/v2\/types\/page"}],"author":[{"embeddable":true,"href":"https:\/\/osic.co\/s\/wp-json\/wp\/v2\/users\/1"}],"replies":[{"embeddable":true,"href":"https:\/\/osic.co\/s\/wp-json\/wp\/v2\/comments?post=805"}],"version-history":[{"count":1,"href":"https:\/\/osic.co\/s\/wp-json\/wp\/v2\/pages\/805\/revisions"}],"predecessor-version":[{"id":806,"href":"https:\/\/osic.co\/s\/wp-json\/wp\/v2\/pages\/805\/revisions\/806"}],"wp:attachment":[{"href":"https:\/\/osic.co\/s\/wp-json\/wp\/v2\/media?parent=805"}],"curies":[{"name":"wp","href":"https:\/\/api.w.org\/{rel}","templated":true}]}}