{"id":803,"date":"2019-02-04T15:11:23","date_gmt":"2019-02-04T15:11:23","guid":{"rendered":"https:\/\/osic.co\/?page_id=803"},"modified":"2019-02-07T07:39:41","modified_gmt":"2019-02-07T07:39:41","slug":"pocetna-2","status":"publish","type":"page","link":"https:\/\/osic.co\/s\/bs\/pocetna-2\/","title":{"rendered":"PO\u010cETNA"},"content":{"rendered":"\n<div class=\"alignnormal\"><div id=\"metaslider-id-845\" style=\"width: 100%;\" class=\"ml-slider-3-109-0 metaslider metaslider-flex metaslider-845 ml-slider has-dots-nav ms-theme-default\" role=\"region\" aria-label=\"Crnogorski slideshow\" data-height=\"300\" data-width=\"700\">\n    <div id=\"metaslider_container_845\">\n        <div id=\"metaslider_845\">\n            <ul class='slides'>\n                <li style=\"display: block; width: 100%;\" class=\"slide-855 ms-image \" aria-roledescription=\"slide\" data-date=\"2019-02-05 07:52:20\" data-filename=\"bezbednosni-menad\u017ement-700x300.jpg\" data-slide-type=\"image\"><a href=\"https:\/\/osic.co\/s\/bs\/usluge-2\/bezbjednosni-menadzment\/\" target=\"_blank\" aria-label=\"View Slide Details\" class=\"metaslider_image_link\"><img src=\"https:\/\/osic.co\/s\/wp-content\/uploads\/2019\/02\/bezbednosni-menad\u017ement-700x300.jpg\" height=\"300\" width=\"700\" alt=\"\" class=\"slider-845 slide-855 msDefaultImage\" title=\"Bezbednosni menad\u017ement\" \/><\/a><div class=\"caption-wrap\"><div class=\"caption\">Bezbjednosni menad\u017ement<\/div><\/div><\/li>\n                <li style=\"display: none; width: 100%;\" class=\"slide-856 ms-image \" aria-roledescription=\"slide\" data-date=\"2019-02-05 07:52:20\" data-filename=\"doma\u0107a-i-me\u0111unarodna-politika-i-upravljanje-618x264.jpg\" data-slide-type=\"image\"><a href=\"https:\/\/osic.co\/s\/bs\/usluge-2\/domaca-i-medunarodna-politika-i-upravljanje\/\" target=\"_blank\" aria-label=\"View Slide Details\" class=\"metaslider_image_link\"><img src=\"https:\/\/osic.co\/s\/wp-content\/uploads\/2019\/02\/doma\u0107a-i-me\u0111unarodna-politika-i-upravljanje-618x264.jpg\" height=\"300\" width=\"700\" alt=\"\" class=\"slider-845 slide-856 msDefaultImage\" title=\"Doma\u0107a i me\u0111unarodna politika i upravljanje\" \/><\/a><div class=\"caption-wrap\"><div class=\"caption\">Doma\u0107a i me\u0111unarodna politika i upravljanje<\/div><\/div><\/li>\n                <li style=\"display: none; width: 100%;\" class=\"slide-857 ms-image \" aria-roledescription=\"slide\" data-date=\"2019-02-05 07:52:20\" data-filename=\"edukacija-700x300.jpg\" data-slide-type=\"image\"><a href=\"https:\/\/osic.co\/s\/bs\/usluge-2\/edukacija\/\" target=\"_blank\" aria-label=\"View Slide Details\" class=\"metaslider_image_link\"><img src=\"https:\/\/osic.co\/s\/wp-content\/uploads\/2019\/02\/edukacija-700x300.jpg\" height=\"300\" width=\"700\" alt=\"\" class=\"slider-845 slide-857 msDefaultImage\" title=\"Edukacija\" \/><\/a><div class=\"caption-wrap\"><div class=\"caption\">Edukacija<\/div><\/div><\/li>\n                <li style=\"display: none; width: 100%;\" class=\"slide-858 ms-image \" aria-roledescription=\"slide\" data-date=\"2019-02-05 07:52:20\" data-filename=\"istra\u017eivanje-i-analiza-576x247.jpg\" data-slide-type=\"image\"><a href=\"https:\/\/osic.co\/s\/bs\/usluge-2\/istrazivanje-i-analiza\/\" target=\"_blank\" aria-label=\"View Slide Details\" class=\"metaslider_image_link\"><img src=\"https:\/\/osic.co\/s\/wp-content\/uploads\/2019\/02\/istra\u017eivanje-i-analiza-576x247.jpg\" height=\"300\" width=\"700\" alt=\"\" class=\"slider-845 slide-858 msDefaultImage\" title=\"Istra\u017eivanje i analiza\" \/><\/a><div class=\"caption-wrap\"><div class=\"caption\">Istra\u017eivanje i analiza<\/div><\/div><\/li>\n                <li style=\"display: none; width: 100%;\" class=\"slide-859 ms-image \" aria-roledescription=\"slide\" data-date=\"2019-02-05 07:52:20\" data-filename=\"komunikacije-i-PR-640x274.png\" data-slide-type=\"image\"><a href=\"https:\/\/osic.co\/s\/bs\/usluge-2\/komunikacije-i-pr\/\" target=\"_blank\" aria-label=\"View Slide Details\" class=\"metaslider_image_link\"><img src=\"https:\/\/osic.co\/s\/wp-content\/uploads\/2019\/02\/komunikacije-i-PR-640x274.png\" height=\"300\" width=\"700\" alt=\"\" class=\"slider-845 slide-859 msDefaultImage\" title=\"Komunikacije i PR\" \/><\/a><div class=\"caption-wrap\"><div class=\"caption\">Komunikacije i PR<\/div><\/div><\/li>\n                <li style=\"display: none; width: 100%;\" class=\"slide-860 ms-image \" aria-roledescription=\"slide\" data-date=\"2019-02-05 07:52:20\" data-filename=\"kreiranje-i-sprovo\u0111enje-poslovnih-i-politi\u010dkih-kampanja-700x300.jpg\" data-slide-type=\"image\"><a href=\"https:\/\/osic.co\/s\/bs\/usluge-2\/kreiranje-i-sprovodenje-poslovnih-i-politickih-kampanja\/\" target=\"_blank\" aria-label=\"View Slide Details\" class=\"metaslider_image_link\"><img src=\"https:\/\/osic.co\/s\/wp-content\/uploads\/2019\/02\/kreiranje-i-sprovo\u0111enje-poslovnih-i-politi\u010dkih-kampanja-700x300.jpg\" height=\"300\" width=\"700\" alt=\"\" class=\"slider-845 slide-860 msDefaultImage\" title=\"Kreiranje i sprovo\u0111enje poslovnih i politi\u010dkih kampanja\" \/><\/a><div class=\"caption-wrap\"><div class=\"caption\">Kreiranje i sprovo\u0111enje poslovnih i politi\u010dkih kampanja<\/div><\/div><\/li>\n                <li style=\"display: none; width: 100%;\" class=\"slide-861 ms-image \" aria-roledescription=\"slide\" data-date=\"2019-02-05 07:52:20\" data-filename=\"me\u0111unarodno-poslovanje-700x300.jpg\" data-slide-type=\"image\"><a href=\"https:\/\/osic.co\/s\/bs\/usluge-2\/medunarodno-poslovanje\/\" target=\"_blank\" aria-label=\"View Slide Details\" class=\"metaslider_image_link\"><img src=\"https:\/\/osic.co\/s\/wp-content\/uploads\/2019\/02\/me\u0111unarodno-poslovanje-700x300.jpg\" height=\"300\" width=\"700\" alt=\"\" class=\"slider-845 slide-861 msDefaultImage\" title=\"Me\u0111unarodno poslovanje\" \/><\/a><div class=\"caption-wrap\"><div class=\"caption\">Me\u0111unarodno poslovanje<\/div><\/div><\/li>\n                <li style=\"display: none; width: 100%;\" class=\"slide-862 ms-image \" aria-roledescription=\"slide\" data-date=\"2019-02-05 07:52:20\" data-filename=\"procena-i-upravljanje-rizicima-700x300.jpg\" data-slide-type=\"image\"><a href=\"https:\/\/osic.co\/s\/bs\/usluge-2\/procjena-i-upravljanje-rizicima\/\" target=\"_blank\" aria-label=\"View Slide Details\" class=\"metaslider_image_link\"><img src=\"https:\/\/osic.co\/s\/wp-content\/uploads\/2019\/02\/procena-i-upravljanje-rizicima-700x300.jpg\" height=\"300\" width=\"700\" alt=\"\" class=\"slider-845 slide-862 msDefaultImage\" title=\"Procena i upravljanje rizicima\" \/><\/a><div class=\"caption-wrap\"><div class=\"caption\">Procjena i upravljanje rizicima<\/div><\/div><\/li>\n                <li style=\"display: none; width: 100%;\" class=\"slide-863 ms-image \" aria-roledescription=\"slide\" data-date=\"2019-02-05 07:52:20\" data-filename=\"upravljanje-krizama-700x300.png\" data-slide-type=\"image\"><a href=\"https:\/\/osic.co\/s\/bs\/usluge-2\/upravljanje-krizama\/\" target=\"_blank\" aria-label=\"View Slide Details\" class=\"metaslider_image_link\"><img src=\"https:\/\/osic.co\/s\/wp-content\/uploads\/2019\/02\/upravljanje-krizama-700x300.png\" height=\"300\" width=\"700\" alt=\"\" class=\"slider-845 slide-863 msDefaultImage\" title=\"Upravljanje krizama\" \/><\/a><div class=\"caption-wrap\"><div class=\"caption\">Upravljanje krizama<\/div><\/div><\/li>\n            <\/ul>\n        <\/div>\n        \n    <\/div>\n<\/div><\/div>\n\n\n\n<p>Dobrodo\u0161li!<\/p>\n\n\n\n<p>Mi smo kompanija koja \u0107e va\u0161em poslu pru\u017eiti sveobuhvatnu podr\u0161ku u kreiranju ciljeva i pronala\u017eenju najefikasnijih na\u010dina da oni budu ostvareni. Na to putovanje kre\u0107emo zajedno. Bi\u0107ete u dobrom dru\u0161tvu iskusnih i me\u0111unarodno verifikovanih eksperata iz brojnih oblasti. U OSIC-u oni su tim, \u010diji je cilj da odgovore va\u0161im zahtjevima i ponude najefikasnija re\u0161enja, kako bi interesi va\u0161e organizacije bili maksimalno valorizovani. <\/p>\n\n\n\n<p>Nudimo znanje,\ngodine iskustva u kreiranju strategija, njihovoj primjeni i evaluaciji\nrezultata, izuzetno razgranatu me\u0111unarodnu mre\u017eu kontakata sa vladinim\ninstitucijama, ekspertskim timovima, medijima, kompanijama i poslovnim\nasocijacijama, uticajnim pojedincima. <\/p>\n\n\n\n<p>Kroz OSIC, na raspolaganju vam je puna usluga koja \u0107e vas uspje\u0161no voditi kroz lavirinte nacionalnog i me\u0111unarodnog biznisa, politike, doma\u0107e i inostrane javnosti. Ako se na tom zajedni\u010dkom putovanju suo\u010dimo sa krizom, OSIC \u0107e i za to ponuditi rje\u0161enje, kako bi va\u0161a reputacija bila za\u0161ti\u0107ena. Na\u0161i alati su znanje bazirano na podacima i analizama, iskustvo u upravljanju procesima i sposobnost pronala\u017eenja najefikasnijih rje\u0161enja. Ostvarenje va\u0161eg cilja na\u0161 je najvi\u0161i zadatak. <\/p>\n\n\n\n<p>Krenimo!<\/p>\n","protected":false},"excerpt":{"rendered":"<p>Dobrodo\u0161li! Mi smo kompanija koja \u0107e va\u0161em poslu pru\u017eiti sveobuhvatnu podr\u0161ku u kreiranju ciljeva i pronala\u017eenju najefikasnijih na\u010dina da oni budu ostvareni. Na to putovanje kre\u0107emo zajedno. Bi\u0107ete u dobrom dru\u0161tvu iskusnih i me\u0111unarodno verifikovanih eksperata iz brojnih oblasti. U OSIC-u oni su tim, \u010diji je cilj da odgovore va\u0161im zahtjevima i ponude najefikasnija re\u0161enja, [&hellip;]<\/p>\n","protected":false},"author":1,"featured_media":0,"parent":0,"menu_order":0,"comment_status":"closed","ping_status":"closed","template":"","meta":[],"_links":{"self":[{"href":"https:\/\/osic.co\/s\/wp-json\/wp\/v2\/pages\/803"}],"collection":[{"href":"https:\/\/osic.co\/s\/wp-json\/wp\/v2\/pages"}],"about":[{"href":"https:\/\/osic.co\/s\/wp-json\/wp\/v2\/types\/page"}],"author":[{"embeddable":true,"href":"https:\/\/osic.co\/s\/wp-json\/wp\/v2\/users\/1"}],"replies":[{"embeddable":true,"href":"https:\/\/osic.co\/s\/wp-json\/wp\/v2\/comments?post=803"}],"version-history":[{"count":2,"href":"https:\/\/osic.co\/s\/wp-json\/wp\/v2\/pages\/803\/revisions"}],"predecessor-version":[{"id":867,"href":"https:\/\/osic.co\/s\/wp-json\/wp\/v2\/pages\/803\/revisions\/867"}],"wp:attachment":[{"href":"https:\/\/osic.co\/s\/wp-json\/wp\/v2\/media?parent=803"}],"curies":[{"name":"wp","href":"https:\/\/api.w.org\/{rel}","templated":true}]}}