{"id":801,"date":"2019-02-04T15:10:23","date_gmt":"2019-02-04T15:10:23","guid":{"rendered":"https:\/\/osic.co\/?page_id=801"},"modified":"2021-05-05T20:22:49","modified_gmt":"2021-05-05T20:22:49","slug":"zone-poslovanja-2","status":"publish","type":"page","link":"https:\/\/osic.co\/s\/bs\/zone-poslovanja-2\/","title":{"rendered":"ZONE POSLOVANJA"},"content":{"rendered":"\n<p>OSIC je orijentisan ka me\u0111unarodnim klijentima prije svega u zoni Balkana i Jugoisto\u010dne Evrope. Na\u0161i stru\u010dnjaci i polje na\u0161ih ekspertiza fokusirani su na slede\u0107a podru\u010dja: Srbija, Hrvatska, Crna Gora, Makedonija, Albanija, Bosna i Hercegovina, Kosovo, Bugarska, Rumunija, Rusija. <\/p>\n\n\n\n<p>OSIC ima veoma uticajnu i razvijenu mre\u017eu eksperata, saradnika i poslovnih, ekspertskih i politi\u010dkih kontakata i u slede\u0107im dr\u017eavama i regionima: Turska, Velika Britanija, SAD, Njema\u010dka, Rusija, zemlje Persijskog zaliva, kao i u institucijama Evropske unije i NATO. <\/p>\n","protected":false},"excerpt":{"rendered":"<p>OSIC je orijentisan ka me\u0111unarodnim klijentima prije svega u zoni Balkana i Jugoisto\u010dne Evrope. Na\u0161i stru\u010dnjaci i polje na\u0161ih ekspertiza fokusirani su na slede\u0107a podru\u010dja: Srbija, Hrvatska, Crna Gora, Makedonija, Albanija, Bosna i Hercegovina, Kosovo, Bugarska, Rumunija, Rusija. OSIC ima veoma uticajnu i razvijenu mre\u017eu eksperata, saradnika i poslovnih, ekspertskih i politi\u010dkih kontakata i u [&hellip;]<\/p>\n","protected":false},"author":1,"featured_media":0,"parent":0,"menu_order":0,"comment_status":"closed","ping_status":"closed","template":"","meta":[],"_links":{"self":[{"href":"https:\/\/osic.co\/s\/wp-json\/wp\/v2\/pages\/801"}],"collection":[{"href":"https:\/\/osic.co\/s\/wp-json\/wp\/v2\/pages"}],"about":[{"href":"https:\/\/osic.co\/s\/wp-json\/wp\/v2\/types\/page"}],"author":[{"embeddable":true,"href":"https:\/\/osic.co\/s\/wp-json\/wp\/v2\/users\/1"}],"replies":[{"embeddable":true,"href":"https:\/\/osic.co\/s\/wp-json\/wp\/v2\/comments?post=801"}],"version-history":[{"count":3,"href":"https:\/\/osic.co\/s\/wp-json\/wp\/v2\/pages\/801\/revisions"}],"predecessor-version":[{"id":1491,"href":"https:\/\/osic.co\/s\/wp-json\/wp\/v2\/pages\/801\/revisions\/1491"}],"wp:attachment":[{"href":"https:\/\/osic.co\/s\/wp-json\/wp\/v2\/media?parent=801"}],"curies":[{"name":"wp","href":"https:\/\/api.w.org\/{rel}","templated":true}]}}