{"id":597,"date":"2019-02-04T09:55:59","date_gmt":"2019-02-04T09:55:59","guid":{"rendered":"https:\/\/osic.co\/?page_id=597"},"modified":"2019-02-07T07:46:40","modified_gmt":"2019-02-07T07:46:40","slug":"edukacija","status":"publish","type":"page","link":"https:\/\/osic.co\/s\/sr\/usluge\/edukacija\/","title":{"rendered":"Edukacija"},"content":{"rendered":"\n<p>Pru\u017eamo sve vrste treninga za va\u0161e osoblje ili klijente iz oblasti na\u0161ih ekspertiza, off ili on-line.<\/p>\n","protected":false},"excerpt":{"rendered":"<p>Pru\u017eamo sve vrste treninga za va\u0161e osoblje ili klijente iz oblasti na\u0161ih ekspertiza, off ili on-line.<\/p>\n","protected":false},"author":1,"featured_media":0,"parent":544,"menu_order":0,"comment_status":"closed","ping_status":"closed","template":"","meta":[],"_links":{"self":[{"href":"https:\/\/osic.co\/s\/wp-json\/wp\/v2\/pages\/597"}],"collection":[{"href":"https:\/\/osic.co\/s\/wp-json\/wp\/v2\/pages"}],"about":[{"href":"https:\/\/osic.co\/s\/wp-json\/wp\/v2\/types\/page"}],"author":[{"embeddable":true,"href":"https:\/\/osic.co\/s\/wp-json\/wp\/v2\/users\/1"}],"replies":[{"embeddable":true,"href":"https:\/\/osic.co\/s\/wp-json\/wp\/v2\/comments?post=597"}],"version-history":[{"count":2,"href":"https:\/\/osic.co\/s\/wp-json\/wp\/v2\/pages\/597\/revisions"}],"predecessor-version":[{"id":697,"href":"https:\/\/osic.co\/s\/wp-json\/wp\/v2\/pages\/597\/revisions\/697"}],"up":[{"embeddable":true,"href":"https:\/\/osic.co\/s\/wp-json\/wp\/v2\/pages\/544"}],"wp:attachment":[{"href":"https:\/\/osic.co\/s\/wp-json\/wp\/v2\/media?parent=597"}],"curies":[{"name":"wp","href":"https:\/\/api.w.org\/{rel}","templated":true}]}}