{"id":591,"date":"2019-02-04T09:53:40","date_gmt":"2019-02-04T09:53:40","guid":{"rendered":"https:\/\/osic.co\/?page_id=591"},"modified":"2019-02-07T07:48:27","modified_gmt":"2019-02-07T07:48:27","slug":"istrazivanje-i-analiza","status":"publish","type":"page","link":"https:\/\/osic.co\/s\/sr\/usluge\/istrazivanje-i-analiza\/","title":{"rendered":"Istra\u017eivanje i analiza"},"content":{"rendered":"\n<p>Izra\u0111ujemo analize svih tema i procesa bitnih za va\u0161e poslovanje i na osnovu njih dajemo preporuke i procene za budu\u0107i rad. Temelj na\u0161ih analiza su egzaktni podaci i validne informacije proverene kod vi\u0161e relevantnih izvora, a na\u0161e preporuke i procene baziraju se na multidisciplinarnoj ekspertizi na\u0161ih stru\u010dnjaka. <\/p>\n","protected":false},"excerpt":{"rendered":"<p>Izra\u0111ujemo analize svih tema i procesa bitnih za va\u0161e poslovanje i na osnovu njih dajemo preporuke i procene za budu\u0107i rad. Temelj na\u0161ih analiza su egzaktni podaci i validne informacije proverene kod vi\u0161e relevantnih izvora, a na\u0161e preporuke i procene baziraju se na multidisciplinarnoj ekspertizi na\u0161ih stru\u010dnjaka.<\/p>\n","protected":false},"author":1,"featured_media":0,"parent":544,"menu_order":0,"comment_status":"closed","ping_status":"closed","template":"","meta":[],"_links":{"self":[{"href":"https:\/\/osic.co\/s\/wp-json\/wp\/v2\/pages\/591"}],"collection":[{"href":"https:\/\/osic.co\/s\/wp-json\/wp\/v2\/pages"}],"about":[{"href":"https:\/\/osic.co\/s\/wp-json\/wp\/v2\/types\/page"}],"author":[{"embeddable":true,"href":"https:\/\/osic.co\/s\/wp-json\/wp\/v2\/users\/1"}],"replies":[{"embeddable":true,"href":"https:\/\/osic.co\/s\/wp-json\/wp\/v2\/comments?post=591"}],"version-history":[{"count":2,"href":"https:\/\/osic.co\/s\/wp-json\/wp\/v2\/pages\/591\/revisions"}],"predecessor-version":[{"id":696,"href":"https:\/\/osic.co\/s\/wp-json\/wp\/v2\/pages\/591\/revisions\/696"}],"up":[{"embeddable":true,"href":"https:\/\/osic.co\/s\/wp-json\/wp\/v2\/pages\/544"}],"wp:attachment":[{"href":"https:\/\/osic.co\/s\/wp-json\/wp\/v2\/media?parent=591"}],"curies":[{"name":"wp","href":"https:\/\/api.w.org\/{rel}","templated":true}]}}