{"id":584,"date":"2019-02-04T09:51:06","date_gmt":"2019-02-04T09:51:06","guid":{"rendered":"https:\/\/osic.co\/?page_id=584"},"modified":"2019-02-07T07:43:05","modified_gmt":"2019-02-07T07:43:05","slug":"komunikacije-i-pr","status":"publish","type":"page","link":"https:\/\/osic.co\/s\/sr\/usluge\/komunikacije-i-pr\/","title":{"rendered":"Komunikacije i PR"},"content":{"rendered":"\n<p>Kreiramo komunikacione strategije i planove i identifikujemo specifi\u010dne ciljne grupe, bitne za va\u0161u komunikacionu aktivnost. Obezbe\u0111ujemo kompletan sadr\u017eaj (govori, saop\u0161tenja, priprema pres-konferencija i intervjua, objave na dru\u0161tvenim medijima\u2026), vizuelni koncept i produkciju medijskih sadr\u017eaja. <\/p>\n","protected":false},"excerpt":{"rendered":"<p>Kreiramo komunikacione strategije i planove i identifikujemo specifi\u010dne ciljne grupe, bitne za va\u0161u komunikacionu aktivnost. Obezbe\u0111ujemo kompletan sadr\u017eaj (govori, saop\u0161tenja, priprema pres-konferencija i intervjua, objave na dru\u0161tvenim medijima\u2026), vizuelni koncept i produkciju medijskih sadr\u017eaja.<\/p>\n","protected":false},"author":1,"featured_media":0,"parent":544,"menu_order":0,"comment_status":"closed","ping_status":"closed","template":"","meta":[],"_links":{"self":[{"href":"https:\/\/osic.co\/s\/wp-json\/wp\/v2\/pages\/584"}],"collection":[{"href":"https:\/\/osic.co\/s\/wp-json\/wp\/v2\/pages"}],"about":[{"href":"https:\/\/osic.co\/s\/wp-json\/wp\/v2\/types\/page"}],"author":[{"embeddable":true,"href":"https:\/\/osic.co\/s\/wp-json\/wp\/v2\/users\/1"}],"replies":[{"embeddable":true,"href":"https:\/\/osic.co\/s\/wp-json\/wp\/v2\/comments?post=584"}],"version-history":[{"count":2,"href":"https:\/\/osic.co\/s\/wp-json\/wp\/v2\/pages\/584\/revisions"}],"predecessor-version":[{"id":695,"href":"https:\/\/osic.co\/s\/wp-json\/wp\/v2\/pages\/584\/revisions\/695"}],"up":[{"embeddable":true,"href":"https:\/\/osic.co\/s\/wp-json\/wp\/v2\/pages\/544"}],"wp:attachment":[{"href":"https:\/\/osic.co\/s\/wp-json\/wp\/v2\/media?parent=584"}],"curies":[{"name":"wp","href":"https:\/\/api.w.org\/{rel}","templated":true}]}}