{"id":578,"date":"2019-02-04T09:46:48","date_gmt":"2019-02-04T09:46:48","guid":{"rendered":"https:\/\/osic.co\/?page_id=578"},"modified":"2019-02-07T07:50:12","modified_gmt":"2019-02-07T07:50:12","slug":"bezbednosni-menadzment","status":"publish","type":"page","link":"https:\/\/osic.co\/s\/sr\/usluge\/bezbednosni-menadzment\/","title":{"rendered":"Bezbednosni menad\u017ement"},"content":{"rendered":"\n<p>Procenjujemo unutra\u0161nje i spoljne rizike za va\u0161u imovinu, poslovanje, sisteme i ljude, na osnovu \u010dega predla\u017eemo mere za smanjenje, odnosno potpuno uklanjanje bezbednosnih pretnji i rizika. <\/p>\n","protected":false},"excerpt":{"rendered":"<p>Procenjujemo unutra\u0161nje i spoljne rizike za va\u0161u imovinu, poslovanje, sisteme i ljude, na osnovu \u010dega predla\u017eemo mere za smanjenje, odnosno potpuno uklanjanje bezbednosnih pretnji i rizika.<\/p>\n","protected":false},"author":1,"featured_media":0,"parent":544,"menu_order":0,"comment_status":"closed","ping_status":"closed","template":"","meta":[],"_links":{"self":[{"href":"https:\/\/osic.co\/s\/wp-json\/wp\/v2\/pages\/578"}],"collection":[{"href":"https:\/\/osic.co\/s\/wp-json\/wp\/v2\/pages"}],"about":[{"href":"https:\/\/osic.co\/s\/wp-json\/wp\/v2\/types\/page"}],"author":[{"embeddable":true,"href":"https:\/\/osic.co\/s\/wp-json\/wp\/v2\/users\/1"}],"replies":[{"embeddable":true,"href":"https:\/\/osic.co\/s\/wp-json\/wp\/v2\/comments?post=578"}],"version-history":[{"count":2,"href":"https:\/\/osic.co\/s\/wp-json\/wp\/v2\/pages\/578\/revisions"}],"predecessor-version":[{"id":694,"href":"https:\/\/osic.co\/s\/wp-json\/wp\/v2\/pages\/578\/revisions\/694"}],"up":[{"embeddable":true,"href":"https:\/\/osic.co\/s\/wp-json\/wp\/v2\/pages\/544"}],"wp:attachment":[{"href":"https:\/\/osic.co\/s\/wp-json\/wp\/v2\/media?parent=578"}],"curies":[{"name":"wp","href":"https:\/\/api.w.org\/{rel}","templated":true}]}}