{"id":564,"date":"2019-02-04T09:41:34","date_gmt":"2019-02-04T09:41:34","guid":{"rendered":"https:\/\/osic.co\/?page_id=564"},"modified":"2019-02-07T07:49:20","modified_gmt":"2019-02-07T07:49:20","slug":"procena-i-upravljanje-rizicima","status":"publish","type":"page","link":"https:\/\/osic.co\/s\/sr\/usluge\/procena-i-upravljanje-rizicima\/","title":{"rendered":"Procena i upravljanje rizicima"},"content":{"rendered":"\n<p>Na osnovu analiza unutra\u0161njih slabih karika u va\u0161em sistemu, kao i potencijalnih spoljnih faktora, identifikujemo rizike za va\u0161e poslovanje, va\u0161e politike i strukturiramo ih po prioritetima, od va\u017enosti za funkcionisanje sistema. <\/p>\n","protected":false},"excerpt":{"rendered":"<p>Na osnovu analiza unutra\u0161njih slabih karika u va\u0161em sistemu, kao i potencijalnih spoljnih faktora, identifikujemo rizike za va\u0161e poslovanje, va\u0161e politike i strukturiramo ih po prioritetima, od va\u017enosti za funkcionisanje sistema.<\/p>\n","protected":false},"author":1,"featured_media":0,"parent":544,"menu_order":0,"comment_status":"closed","ping_status":"closed","template":"","meta":[],"_links":{"self":[{"href":"https:\/\/osic.co\/s\/wp-json\/wp\/v2\/pages\/564"}],"collection":[{"href":"https:\/\/osic.co\/s\/wp-json\/wp\/v2\/pages"}],"about":[{"href":"https:\/\/osic.co\/s\/wp-json\/wp\/v2\/types\/page"}],"author":[{"embeddable":true,"href":"https:\/\/osic.co\/s\/wp-json\/wp\/v2\/users\/1"}],"replies":[{"embeddable":true,"href":"https:\/\/osic.co\/s\/wp-json\/wp\/v2\/comments?post=564"}],"version-history":[{"count":3,"href":"https:\/\/osic.co\/s\/wp-json\/wp\/v2\/pages\/564\/revisions"}],"predecessor-version":[{"id":691,"href":"https:\/\/osic.co\/s\/wp-json\/wp\/v2\/pages\/564\/revisions\/691"}],"up":[{"embeddable":true,"href":"https:\/\/osic.co\/s\/wp-json\/wp\/v2\/pages\/544"}],"wp:attachment":[{"href":"https:\/\/osic.co\/s\/wp-json\/wp\/v2\/media?parent=564"}],"curies":[{"name":"wp","href":"https:\/\/api.w.org\/{rel}","templated":true}]}}