{"id":558,"date":"2019-02-04T09:27:11","date_gmt":"2019-02-04T09:27:11","guid":{"rendered":"https:\/\/osic.co\/?page_id=558"},"modified":"2019-02-07T07:47:31","modified_gmt":"2019-02-07T07:47:31","slug":"medjunarodno-poslovanje","status":"publish","type":"page","link":"https:\/\/osic.co\/s\/sr\/usluge\/medjunarodno-poslovanje\/","title":{"rendered":"Me\u0111unarodno poslovanje"},"content":{"rendered":"\n<p>Podr\u017eavamo vas u prekograni\u010dnom poslovanju, bilo da je re\u010d o ulaganju, trgovini ili ispitivanju tr\u017ei\u0161ta i konkurencije. Nudimo izradu biznis planova, procenu opravdanosti prekograni\u010dnog poslovanja, identifikovanje rizika i poslovnih \u0161ansi, tragamo za va\u0161im potencijalnim partnerima i lokacijama za posao. Pru\u017eamo savetovanje u vezi sa zakonskim aspektima va\u0161eg prekograni\u010dnog biznisa. <\/p>\n","protected":false},"excerpt":{"rendered":"<p>Podr\u017eavamo vas u prekograni\u010dnom poslovanju, bilo da je re\u010d o ulaganju, trgovini ili ispitivanju tr\u017ei\u0161ta i konkurencije. Nudimo izradu biznis planova, procenu opravdanosti prekograni\u010dnog poslovanja, identifikovanje rizika i poslovnih \u0161ansi, tragamo za va\u0161im potencijalnim partnerima i lokacijama za posao. Pru\u017eamo savetovanje u vezi sa zakonskim aspektima va\u0161eg prekograni\u010dnog biznisa.<\/p>\n","protected":false},"author":1,"featured_media":0,"parent":544,"menu_order":0,"comment_status":"closed","ping_status":"closed","template":"","meta":[],"_links":{"self":[{"href":"https:\/\/osic.co\/s\/wp-json\/wp\/v2\/pages\/558"}],"collection":[{"href":"https:\/\/osic.co\/s\/wp-json\/wp\/v2\/pages"}],"about":[{"href":"https:\/\/osic.co\/s\/wp-json\/wp\/v2\/types\/page"}],"author":[{"embeddable":true,"href":"https:\/\/osic.co\/s\/wp-json\/wp\/v2\/users\/1"}],"replies":[{"embeddable":true,"href":"https:\/\/osic.co\/s\/wp-json\/wp\/v2\/comments?post=558"}],"version-history":[{"count":2,"href":"https:\/\/osic.co\/s\/wp-json\/wp\/v2\/pages\/558\/revisions"}],"predecessor-version":[{"id":687,"href":"https:\/\/osic.co\/s\/wp-json\/wp\/v2\/pages\/558\/revisions\/687"}],"up":[{"embeddable":true,"href":"https:\/\/osic.co\/s\/wp-json\/wp\/v2\/pages\/544"}],"wp:attachment":[{"href":"https:\/\/osic.co\/s\/wp-json\/wp\/v2\/media?parent=558"}],"curies":[{"name":"wp","href":"https:\/\/api.w.org\/{rel}","templated":true}]}}