{"id":544,"date":"2019-02-04T09:21:57","date_gmt":"2019-02-04T09:21:57","guid":{"rendered":"https:\/\/osic.co\/?page_id=544"},"modified":"2019-02-10T09:16:29","modified_gmt":"2019-02-10T09:16:29","slug":"usluge","status":"publish","type":"page","link":"https:\/\/osic.co\/s\/sr\/usluge\/","title":{"rendered":"USLUGE"},"content":{"rendered":"\n<p>Zamislite OSIC kao svoj office, koji vam je na raspolaganju 24 sata, 365 dana u godini. Nudimo vam kompletnu analizu stanja, snage i slabosti va\u0161eg sistema ili konkretne aktivnosti. Nudimo procenu potencijala, ali i rizika i smetnji koje stoje na putu za ostvarivanje va\u0161eg cilja. Nezaobilazno, predla\u017eemo konkretne mere za dolazak do \u017eeljenog efekta, naravno u\u010destvujemo zajedno sa vama u njihovom sprovo\u0111enju. Na kraju, obezbe\u0111ujemo i analizu postignutih efekata, uz identifikovanje dobrih i lo\u0161ih strana primenjenih re\u0161enja. Na\u0161 tim spreman je da vam pru\u017ei usluge u&nbsp; slede\u0107im oblastima:<\/p>\n\n\n\n<ul><li><a href=\"https:\/\/osic.co\/s\/sr\/usluge\/medjunarodno-poslovanje\/\">Me\u0111unarodno poslovanje<\/a><\/li><li><a rel=\"noreferrer noopener\" aria-label=\" (opens in a new tab)\" href=\"https:\/\/osic.co\/s\/sr\/usluge\/domaca-i-medjunarodna-politika-i-upravljanje\/\" target=\"_blank\">Doma\u0107a i me\u0111unarodna politika i upravljanje<\/a><\/li><li><a rel=\"noreferrer noopener\" aria-label=\" (opens in a new tab)\" href=\"https:\/\/osic.co\/s\/sr\/usluge\/procena-i-upravljanje-rizicima\/\" target=\"_blank\">Procena i upravljanje rizicima<\/a><\/li><li><a rel=\"noreferrer noopener\" aria-label=\" (opens in a new tab)\" href=\"https:\/\/osic.co\/s\/sr\/usluge\/upravljanje-krizama\/\" target=\"_blank\">Upravljanje krizama<\/a><\/li><li><a rel=\"noreferrer noopener\" aria-label=\" (opens in a new tab)\" href=\"https:\/\/osic.co\/s\/sr\/usluge\/bezbednosni-menadzment\/\" target=\"_blank\">Bezbednosni menad\u017ement<\/a><\/li><li><a rel=\"noreferrer noopener\" aria-label=\" (opens in a new tab)\" href=\"https:\/\/osic.co\/s\/sr\/usluge\/komunikacije-i-pr\/\" target=\"_blank\">Komunikacije i PR<\/a><\/li><li><a rel=\"noreferrer noopener\" aria-label=\" (opens in a new tab)\" href=\"https:\/\/osic.co\/s\/sr\/usluge\/istrazivanje-i-analiza\/\" target=\"_blank\">Istra\u017eivanje i analiza<\/a><\/li><li><a rel=\"noreferrer noopener\" aria-label=\" (opens in a new tab)\" href=\"https:\/\/osic.co\/s\/sr\/usluge\/edukacija\/\" target=\"_blank\">  Edukacija <\/a><\/li><li><a href=\"https:\/\/osic.co\/s\/sr\/usluge\/kreiranje-i-sprovodjenje-poslovnih-i-politickih-kampanja\/\" target=\"_blank\" rel=\"noreferrer noopener\" aria-label=\" (opens in a new tab)\">Kreiranje i sprovo\u0111enje poslovnih i politi\u010dkih kampanja<\/a><\/li><\/ul>\n","protected":false},"excerpt":{"rendered":"<p>Zamislite OSIC kao svoj office, koji vam je na raspolaganju 24 sata, 365 dana u godini. Nudimo vam kompletnu analizu stanja, snage i slabosti va\u0161eg sistema ili konkretne aktivnosti. Nudimo procenu potencijala, ali i rizika i smetnji koje stoje na putu za ostvarivanje va\u0161eg cilja. Nezaobilazno, predla\u017eemo konkretne mere za dolazak do \u017eeljenog efekta, naravno [&hellip;]<\/p>\n","protected":false},"author":1,"featured_media":0,"parent":0,"menu_order":0,"comment_status":"closed","ping_status":"closed","template":"","meta":[],"_links":{"self":[{"href":"https:\/\/osic.co\/s\/wp-json\/wp\/v2\/pages\/544"}],"collection":[{"href":"https:\/\/osic.co\/s\/wp-json\/wp\/v2\/pages"}],"about":[{"href":"https:\/\/osic.co\/s\/wp-json\/wp\/v2\/types\/page"}],"author":[{"embeddable":true,"href":"https:\/\/osic.co\/s\/wp-json\/wp\/v2\/users\/1"}],"replies":[{"embeddable":true,"href":"https:\/\/osic.co\/s\/wp-json\/wp\/v2\/comments?post=544"}],"version-history":[{"count":15,"href":"https:\/\/osic.co\/s\/wp-json\/wp\/v2\/pages\/544\/revisions"}],"predecessor-version":[{"id":1454,"href":"https:\/\/osic.co\/s\/wp-json\/wp\/v2\/pages\/544\/revisions\/1454"}],"wp:attachment":[{"href":"https:\/\/osic.co\/s\/wp-json\/wp\/v2\/media?parent=544"}],"curies":[{"name":"wp","href":"https:\/\/api.w.org\/{rel}","templated":true}]}}