{"id":207,"date":"2017-12-12T19:02:13","date_gmt":"2017-12-12T19:02:13","guid":{"rendered":"http:\/\/osic.co\/?page_id=207"},"modified":"2019-02-10T19:05:39","modified_gmt":"2019-02-10T19:05:39","slug":"pocetna","status":"publish","type":"page","link":"https:\/\/osic.co\/s\/sr\/pocetna\/","title":{"rendered":"PO\u010cETNA"},"content":{"rendered":"\n<div class=\"alignnormal\"><div id=\"metaslider-id-878\" style=\"width: 100%;\" class=\"ml-slider-3-109-0 metaslider metaslider-flex metaslider-878 ml-slider has-dots-nav ms-theme-default\" role=\"region\" aria-label=\"Srpski slideshow\" data-height=\"300\" data-width=\"700\">\n    <div id=\"metaslider_container_878\">\n        <div id=\"metaslider_878\">\n            <ul class='slides'>\n                <li style=\"display: block; width: 100%;\" class=\"slide-888 ms-image \" aria-roledescription=\"slide\" data-date=\"2019-02-05 08:52:32\" data-filename=\"bezbednosni-menad\u017ement-1-700x300.jpg\" data-slide-type=\"image\"><a href=\"https:\/\/osic.co\/s\/sr\/usluge\/bezbednosni-menadzment\/\" target=\"_blank\" aria-label=\"View Slide Details\" class=\"metaslider_image_link\"><img src=\"https:\/\/osic.co\/s\/wp-content\/uploads\/2019\/02\/bezbednosni-menad\u017ement-1-700x300.jpg\" height=\"300\" width=\"700\" alt=\"\" class=\"slider-878 slide-888 msDefaultImage\" title=\"bezbednosni menad\u017ement\" \/><\/a><div class=\"caption-wrap\"><div class=\"caption\">Bezbednosni menad\u017ement<\/div><\/div><\/li>\n                <li style=\"display: none; width: 100%;\" class=\"slide-889 ms-image \" aria-roledescription=\"slide\" data-date=\"2019-02-05 08:52:33\" data-filename=\"doma\u0107a-i-me\u0111unarodna-politika-i-upravljanje-1-618x264.jpg\" data-slide-type=\"image\"><a href=\"https:\/\/osic.co\/s\/sr\/usluge\/domaca-i-medjunarodna-politika-i-upravljanje\/\" target=\"_blank\" aria-label=\"View Slide Details\" class=\"metaslider_image_link\"><img src=\"https:\/\/osic.co\/s\/wp-content\/uploads\/2019\/02\/doma\u0107a-i-me\u0111unarodna-politika-i-upravljanje-1-618x264.jpg\" height=\"300\" width=\"700\" alt=\"\" class=\"slider-878 slide-889 msDefaultImage\" title=\"Doma\u0107a i me\u0111unarodna politika i upravljanje\" \/><\/a><div class=\"caption-wrap\"><div class=\"caption\">Doma\u0107a i me\u0111unarodna politika i upravljanje<\/div><\/div><\/li>\n                <li style=\"display: none; width: 100%;\" class=\"slide-890 ms-image \" aria-roledescription=\"slide\" data-date=\"2019-02-05 08:52:33\" data-filename=\"edukacija-1-700x300.jpg\" data-slide-type=\"image\"><a href=\"https:\/\/osic.co\/s\/sr\/usluge\/edukacija\/\" target=\"_blank\" aria-label=\"View Slide Details\" class=\"metaslider_image_link\"><img src=\"https:\/\/osic.co\/s\/wp-content\/uploads\/2019\/02\/edukacija-1-700x300.jpg\" height=\"300\" width=\"700\" alt=\"\" class=\"slider-878 slide-890 msDefaultImage\" title=\"edukacija\" \/><\/a><div class=\"caption-wrap\"><div class=\"caption\">Edukacija<\/div><\/div><\/li>\n                <li style=\"display: none; width: 100%;\" class=\"slide-891 ms-image \" aria-roledescription=\"slide\" data-date=\"2019-02-05 08:52:33\" data-filename=\"istra\u017eivanje-i-analiza-1-576x247.jpg\" data-slide-type=\"image\"><a href=\"https:\/\/osic.co\/s\/sr\/usluge\/istrazivanje-i-analiza\/\" target=\"_blank\" aria-label=\"View Slide Details\" class=\"metaslider_image_link\"><img src=\"https:\/\/osic.co\/s\/wp-content\/uploads\/2019\/02\/istra\u017eivanje-i-analiza-1-576x247.jpg\" height=\"300\" width=\"700\" alt=\"\" class=\"slider-878 slide-891 msDefaultImage\" title=\"istra\u017eivanje i analiza\" \/><\/a><div class=\"caption-wrap\"><div class=\"caption\">Istra\u017eivanje i analiza<\/div><\/div><\/li>\n                <li style=\"display: none; width: 100%;\" class=\"slide-892 ms-image \" aria-roledescription=\"slide\" data-date=\"2019-02-05 08:52:33\" data-filename=\"komunikacije-i-PR-1-640x274.png\" data-slide-type=\"image\"><a href=\"https:\/\/osic.co\/s\/sr\/usluge\/komunikacije-i-pr\/\" target=\"_blank\" aria-label=\"View Slide Details\" class=\"metaslider_image_link\"><img src=\"https:\/\/osic.co\/s\/wp-content\/uploads\/2019\/02\/komunikacije-i-PR-1-640x274.png\" height=\"300\" width=\"700\" alt=\"\" class=\"slider-878 slide-892 msDefaultImage\" title=\"komunikacije i PR\" \/><\/a><div class=\"caption-wrap\"><div class=\"caption\">Komunikacije i PR<\/div><\/div><\/li>\n                <li style=\"display: none; width: 100%;\" class=\"slide-893 ms-image \" aria-roledescription=\"slide\" data-date=\"2019-02-05 08:52:33\" data-filename=\"kreiranje-i-sprovo\u0111enje-poslovnih-i-politi\u010dkih-kampanja-1-700x300.jpg\" data-slide-type=\"image\"><a href=\"https:\/\/osic.co\/s\/sr\/usluge\/kreiranje-i-sprovodjenje-poslovnih-i-politickih-kampanja\/\" target=\"_blank\" aria-label=\"View Slide Details\" class=\"metaslider_image_link\"><img src=\"https:\/\/osic.co\/s\/wp-content\/uploads\/2019\/02\/kreiranje-i-sprovo\u0111enje-poslovnih-i-politi\u010dkih-kampanja-1-700x300.jpg\" height=\"300\" width=\"700\" alt=\"\" class=\"slider-878 slide-893 msDefaultImage\" title=\"kreiranje i sprovo\u0111enje poslovnih i politi\u010dkih kampanja\" \/><\/a><div class=\"caption-wrap\"><div class=\"caption\">Kreiranje i sprovo\u0111enje poslovnih i politi\u010dkih kampanja<\/div><\/div><\/li>\n                <li style=\"display: none; width: 100%;\" class=\"slide-894 ms-image \" aria-roledescription=\"slide\" data-date=\"2019-02-05 08:52:33\" data-filename=\"me\u0111unarodno-poslovanje-1-700x300.jpg\" data-slide-type=\"image\"><a href=\"https:\/\/osic.co\/s\/sr\/usluge\/medjunarodno-poslovanje\/\" target=\"_blank\" aria-label=\"View Slide Details\" class=\"metaslider_image_link\"><img src=\"https:\/\/osic.co\/s\/wp-content\/uploads\/2019\/02\/me\u0111unarodno-poslovanje-1-700x300.jpg\" height=\"300\" width=\"700\" alt=\"\" class=\"slider-878 slide-894 msDefaultImage\" title=\"me\u0111unarodno poslovanje\" \/><\/a><div class=\"caption-wrap\"><div class=\"caption\">Me\u0111unarodno poslovanje<\/div><\/div><\/li>\n                <li style=\"display: none; width: 100%;\" class=\"slide-895 ms-image \" aria-roledescription=\"slide\" data-date=\"2019-02-05 08:52:33\" data-filename=\"procena-i-upravljanje-rizicima-1-700x300.jpg\" data-slide-type=\"image\"><a href=\"https:\/\/osic.co\/s\/sr\/usluge\/procena-i-upravljanje-rizicima\/\" target=\"_blank\" aria-label=\"View Slide Details\" class=\"metaslider_image_link\"><img src=\"https:\/\/osic.co\/s\/wp-content\/uploads\/2019\/02\/procena-i-upravljanje-rizicima-1-700x300.jpg\" height=\"300\" width=\"700\" alt=\"\" class=\"slider-878 slide-895 msDefaultImage\" title=\"procena i upravljanje rizicima\" \/><\/a><div class=\"caption-wrap\"><div class=\"caption\">Procena i upravljanje rizicima<\/div><\/div><\/li>\n                <li style=\"display: none; width: 100%;\" class=\"slide-896 ms-image \" aria-roledescription=\"slide\" data-date=\"2019-02-05 08:52:33\" data-filename=\"upravljanje-krizama-1-700x300.png\" data-slide-type=\"image\"><a href=\"https:\/\/osic.co\/s\/sr\/usluge\/upravljanje-krizama\/\" target=\"_blank\" aria-label=\"View Slide Details\" class=\"metaslider_image_link\"><img src=\"https:\/\/osic.co\/s\/wp-content\/uploads\/2019\/02\/upravljanje-krizama-1-700x300.png\" height=\"300\" width=\"700\" alt=\"\" class=\"slider-878 slide-896 msDefaultImage\" title=\"upravljanje krizama\" \/><\/a><div class=\"caption-wrap\"><div class=\"caption\">Upravljanje krizama<\/div><\/div><\/li>\n            <\/ul>\n        <\/div>\n        \n    <\/div>\n<\/div><\/div>\n\n\n\n<p>Dobro do\u0161li!<\/p>\n\n\n\n<p>Mi smo kompanija koja \u0107e va\u0161em poslu pru\u017eiti sveobuhvatnu podr\u0161ku u kreiranju ciljeva i pronala\u017eenju najefikasnijih na\u010dina da oni budu ostvareni. Na to putovanje kre\u0107emo zajedno. Bi\u0107ete u dobrom dru\u0161tvu iskusnih i me\u0111unarodno verifikovanih eksperata iz brojnih oblasti. U OSIC-u oni su tim, \u010diji je cilj da odgovore va\u0161im zahtevima i ponude najefikasnija re\u0161enja, kako bi interesi va\u0161e organizacije bili maksimalno valorizovani. <\/p>\n\n\n\n<p>Nudimo znanje, godine iskustva u kreiranju strategija, njihovoj primeni i evaluaciji rezultata, izuzetno razgranatu me\u0111unarodnu mre\u017eu kontakata sa vladinim institucijama, ekspertskim timovima, medijima, kompanijama i poslovnim asocijacijama, uticajnim pojedincima. <\/p>\n\n\n\n<p>Kroz OSIC, na raspolaganju vam je puna usluga koja \u0107e vas uspe\u0161no voditi kroz lavirinte nacionalnog i me\u0111unarodnog biznisa, politike, doma\u0107e i inostrane javnosti. Ako se na tom zajedni\u010dkom putovanju suo\u010dimo sa krizom, OSIC \u0107e i za to ponuditi re\u0161enje, kako bi va\u0161a reputacija bila za\u0161ti\u0107ena. Na\u0161i alati su znanje bazirano na podacima i analizama, iskustvo u upravljanju procesima i sposobnost pronala\u017eenja najefikasnijih re\u0161enja. Ostvarenje va\u0161eg cilja na\u0161 je najvi\u0161i zadatak. <\/p>\n\n\n\n<p>Krenimo!<\/p>\n","protected":false},"excerpt":{"rendered":"<p>Dobro do\u0161li! Mi smo kompanija koja \u0107e va\u0161em poslu pru\u017eiti sveobuhvatnu podr\u0161ku u kreiranju ciljeva i pronala\u017eenju najefikasnijih na\u010dina da oni budu ostvareni. Na to putovanje kre\u0107emo zajedno. Bi\u0107ete u dobrom dru\u0161tvu iskusnih i me\u0111unarodno verifikovanih eksperata iz brojnih oblasti. U OSIC-u oni su tim, \u010diji je cilj da odgovore va\u0161im zahtevima i ponude najefikasnija [&hellip;]<\/p>\n","protected":false},"author":1,"featured_media":0,"parent":0,"menu_order":0,"comment_status":"closed","ping_status":"closed","template":"","meta":[],"_links":{"self":[{"href":"https:\/\/osic.co\/s\/wp-json\/wp\/v2\/pages\/207"}],"collection":[{"href":"https:\/\/osic.co\/s\/wp-json\/wp\/v2\/pages"}],"about":[{"href":"https:\/\/osic.co\/s\/wp-json\/wp\/v2\/types\/page"}],"author":[{"embeddable":true,"href":"https:\/\/osic.co\/s\/wp-json\/wp\/v2\/users\/1"}],"replies":[{"embeddable":true,"href":"https:\/\/osic.co\/s\/wp-json\/wp\/v2\/comments?post=207"}],"version-history":[{"count":4,"href":"https:\/\/osic.co\/s\/wp-json\/wp\/v2\/pages\/207\/revisions"}],"predecessor-version":[{"id":898,"href":"https:\/\/osic.co\/s\/wp-json\/wp\/v2\/pages\/207\/revisions\/898"}],"wp:attachment":[{"href":"https:\/\/osic.co\/s\/wp-json\/wp\/v2\/media?parent=207"}],"curies":[{"name":"wp","href":"https:\/\/api.w.org\/{rel}","templated":true}]}}