{"id":1325,"date":"2019-02-07T08:13:16","date_gmt":"2019-02-07T08:13:16","guid":{"rendered":"https:\/\/osic.co\/s\/?page_id=1325"},"modified":"2019-02-07T08:13:16","modified_gmt":"2019-02-07T08:13:16","slug":"management-de-securitate","status":"publish","type":"page","link":"https:\/\/osic.co\/s\/ro\/servicii\/management-de-securitate\/","title":{"rendered":"Management de securitate"},"content":{"rendered":"\n<p>Evalu\u0103m riscurile interne \u0219i externe pentru proprietatea, afacerea,\nsistemele \u0219i oamenii, pe baza c\u0103rora propunem m\u0103suri de reducere sau de\neliminare complet\u0103 a amenin\u021b\u0103rilor \u0219i riscurilor de securitate.<\/p>\n","protected":false},"excerpt":{"rendered":"<p>Evalu\u0103m riscurile interne \u0219i externe pentru proprietatea, afacerea, sistemele \u0219i oamenii, pe baza c\u0103rora propunem m\u0103suri de reducere sau de eliminare complet\u0103 a amenin\u021b\u0103rilor \u0219i riscurilor de securitate.<\/p>\n","protected":false},"author":1,"featured_media":0,"parent":1300,"menu_order":0,"comment_status":"closed","ping_status":"closed","template":"","meta":[],"_links":{"self":[{"href":"https:\/\/osic.co\/s\/wp-json\/wp\/v2\/pages\/1325"}],"collection":[{"href":"https:\/\/osic.co\/s\/wp-json\/wp\/v2\/pages"}],"about":[{"href":"https:\/\/osic.co\/s\/wp-json\/wp\/v2\/types\/page"}],"author":[{"embeddable":true,"href":"https:\/\/osic.co\/s\/wp-json\/wp\/v2\/users\/1"}],"replies":[{"embeddable":true,"href":"https:\/\/osic.co\/s\/wp-json\/wp\/v2\/comments?post=1325"}],"version-history":[{"count":1,"href":"https:\/\/osic.co\/s\/wp-json\/wp\/v2\/pages\/1325\/revisions"}],"predecessor-version":[{"id":1326,"href":"https:\/\/osic.co\/s\/wp-json\/wp\/v2\/pages\/1325\/revisions\/1326"}],"up":[{"embeddable":true,"href":"https:\/\/osic.co\/s\/wp-json\/wp\/v2\/pages\/1300"}],"wp:attachment":[{"href":"https:\/\/osic.co\/s\/wp-json\/wp\/v2\/media?parent=1325"}],"curies":[{"name":"wp","href":"https:\/\/api.w.org\/{rel}","templated":true}]}}