{"id":1321,"date":"2019-02-07T08:11:38","date_gmt":"2019-02-07T08:11:38","guid":{"rendered":"https:\/\/osic.co\/s\/?page_id=1321"},"modified":"2019-02-07T08:12:23","modified_gmt":"2019-02-07T08:12:23","slug":"evaluarea-si-gestionarea-riscurilor","status":"publish","type":"page","link":"https:\/\/osic.co\/s\/ro\/servicii\/evaluarea-si-gestionarea-riscurilor\/","title":{"rendered":"Evaluarea si gestionarea riscurilor"},"content":{"rendered":"\n<p>Pe baza analizei leg\u0103turilor&nbsp;\ninterne slabe din cadrul sistemului dvs., pe l\u00e2ng\u0103 factorii externi\npoten\u021biali, identific\u0103m riscurile pentru afacerea dvs. \u0219i politicile dvs. \u0219i le\nstructur\u0103m \u00een func\u021bie de priorit\u0103\u021bile importante pentru func\u021bionarea\nsistemului.<\/p>\n","protected":false},"excerpt":{"rendered":"<p>Pe baza analizei leg\u0103turilor&nbsp; interne slabe din cadrul sistemului dvs., pe l\u00e2ng\u0103 factorii externi poten\u021biali, identific\u0103m riscurile pentru afacerea dvs. \u0219i politicile dvs. \u0219i le structur\u0103m \u00een func\u021bie de priorit\u0103\u021bile importante pentru func\u021bionarea sistemului.<\/p>\n","protected":false},"author":1,"featured_media":0,"parent":1300,"menu_order":0,"comment_status":"closed","ping_status":"closed","template":"","meta":[],"_links":{"self":[{"href":"https:\/\/osic.co\/s\/wp-json\/wp\/v2\/pages\/1321"}],"collection":[{"href":"https:\/\/osic.co\/s\/wp-json\/wp\/v2\/pages"}],"about":[{"href":"https:\/\/osic.co\/s\/wp-json\/wp\/v2\/types\/page"}],"author":[{"embeddable":true,"href":"https:\/\/osic.co\/s\/wp-json\/wp\/v2\/users\/1"}],"replies":[{"embeddable":true,"href":"https:\/\/osic.co\/s\/wp-json\/wp\/v2\/comments?post=1321"}],"version-history":[{"count":1,"href":"https:\/\/osic.co\/s\/wp-json\/wp\/v2\/pages\/1321\/revisions"}],"predecessor-version":[{"id":1323,"href":"https:\/\/osic.co\/s\/wp-json\/wp\/v2\/pages\/1321\/revisions\/1323"}],"up":[{"embeddable":true,"href":"https:\/\/osic.co\/s\/wp-json\/wp\/v2\/pages\/1300"}],"wp:attachment":[{"href":"https:\/\/osic.co\/s\/wp-json\/wp\/v2\/media?parent=1321"}],"curies":[{"name":"wp","href":"https:\/\/api.w.org\/{rel}","templated":true}]}}