{"id":1319,"date":"2019-02-07T08:10:52","date_gmt":"2019-02-07T08:10:52","guid":{"rendered":"https:\/\/osic.co\/s\/?page_id=1319"},"modified":"2019-02-07T08:10:53","modified_gmt":"2019-02-07T08:10:53","slug":"cercetare-si-analiza","status":"publish","type":"page","link":"https:\/\/osic.co\/s\/ro\/servicii\/cercetare-si-analiza\/","title":{"rendered":"Cercetare \u0219i analiz\u0103"},"content":{"rendered":"\n<p>Realiz\u0103m analiza tuturor subiectelor \u0219i proceselor relevante pentru\nafacerea dvs. \u0219i, pe baza acestora, oferim recomand\u0103ri \u0219i estim\u0103ri pentru activitatea\nviitoare. Bazele analizei noastre sunt date exacte \u0219i informa\u021bii valide\nverificate de numeroase surse relevante, iar recomand\u0103rile \u0219i estim\u0103rile\nnoastre se bazeaz\u0103 pe expertiza multidisciplinar\u0103 a exper\u021bilor no\u0219tri.<\/p>\n","protected":false},"excerpt":{"rendered":"<p>Realiz\u0103m analiza tuturor subiectelor \u0219i proceselor relevante pentru afacerea dvs. \u0219i, pe baza acestora, oferim recomand\u0103ri \u0219i estim\u0103ri pentru activitatea viitoare. Bazele analizei noastre sunt date exacte \u0219i informa\u021bii valide verificate de numeroase surse relevante, iar recomand\u0103rile \u0219i estim\u0103rile noastre se bazeaz\u0103 pe expertiza multidisciplinar\u0103 a exper\u021bilor no\u0219tri.<\/p>\n","protected":false},"author":1,"featured_media":0,"parent":1300,"menu_order":0,"comment_status":"closed","ping_status":"closed","template":"","meta":[],"_links":{"self":[{"href":"https:\/\/osic.co\/s\/wp-json\/wp\/v2\/pages\/1319"}],"collection":[{"href":"https:\/\/osic.co\/s\/wp-json\/wp\/v2\/pages"}],"about":[{"href":"https:\/\/osic.co\/s\/wp-json\/wp\/v2\/types\/page"}],"author":[{"embeddable":true,"href":"https:\/\/osic.co\/s\/wp-json\/wp\/v2\/users\/1"}],"replies":[{"embeddable":true,"href":"https:\/\/osic.co\/s\/wp-json\/wp\/v2\/comments?post=1319"}],"version-history":[{"count":1,"href":"https:\/\/osic.co\/s\/wp-json\/wp\/v2\/pages\/1319\/revisions"}],"predecessor-version":[{"id":1320,"href":"https:\/\/osic.co\/s\/wp-json\/wp\/v2\/pages\/1319\/revisions\/1320"}],"up":[{"embeddable":true,"href":"https:\/\/osic.co\/s\/wp-json\/wp\/v2\/pages\/1300"}],"wp:attachment":[{"href":"https:\/\/osic.co\/s\/wp-json\/wp\/v2\/media?parent=1319"}],"curies":[{"name":"wp","href":"https:\/\/api.w.org\/{rel}","templated":true}]}}