{"id":1310,"date":"2019-02-07T08:08:51","date_gmt":"2019-02-07T08:08:51","guid":{"rendered":"https:\/\/osic.co\/s\/?page_id=1310"},"modified":"2019-02-07T08:08:51","modified_gmt":"2019-02-07T08:08:51","slug":"guvernare-si-politica-interna-si-internationala","status":"publish","type":"page","link":"https:\/\/osic.co\/s\/ro\/servicii\/guvernare-si-politica-interna-si-internationala\/","title":{"rendered":"Guvernare si politica interna si internationala"},"content":{"rendered":"\n<p>Analiz\u0103m scopul politicilor dvs., justificarea\nlor, sprijinul \u0219i riscurile poten\u021biale. Cre\u0103m campanii, monitoriz\u0103m fluxul lor,\nm\u0103suram performan\u021ba \u0219i analiz\u0103m efectele. Furniz\u0103m interlocutori pentru\nsubiecte relevante pentru politicile dvs., at\u00e2t la nivel na\u021bional, c\u00e2t \u0219i\ninterna\u021bional. Oferim o analiz\u0103 detaliat\u0103 a evenimentelor \u0219i proceselor\ninterna\u021bionale relevante pentru afacerea sau politica dvs. Pe baza\ninforma\u021biilor, at\u00e2t din surse deschise, c\u00e2t \u0219i din surse neoficiale, oferim o\nevaluare fiabil\u0103 a evolu\u021biei evenimentelor pe plan interna\u021bional, \u00een special\nidentificarea unor posibile crize. Analiz\u0103m acordurile interna\u021bionale \u0219i\nac\u021biunile organiza\u021biilor interna\u021bionale.<\/p>\n","protected":false},"excerpt":{"rendered":"<p>Analiz\u0103m scopul politicilor dvs., justificarea lor, sprijinul \u0219i riscurile poten\u021biale. Cre\u0103m campanii, monitoriz\u0103m fluxul lor, m\u0103suram performan\u021ba \u0219i analiz\u0103m efectele. Furniz\u0103m interlocutori pentru subiecte relevante pentru politicile dvs., at\u00e2t la nivel na\u021bional, c\u00e2t \u0219i interna\u021bional. Oferim o analiz\u0103 detaliat\u0103 a evenimentelor \u0219i proceselor interna\u021bionale relevante pentru afacerea sau politica dvs. Pe baza informa\u021biilor, at\u00e2t din [&hellip;]<\/p>\n","protected":false},"author":1,"featured_media":0,"parent":1300,"menu_order":0,"comment_status":"closed","ping_status":"closed","template":"","meta":[],"_links":{"self":[{"href":"https:\/\/osic.co\/s\/wp-json\/wp\/v2\/pages\/1310"}],"collection":[{"href":"https:\/\/osic.co\/s\/wp-json\/wp\/v2\/pages"}],"about":[{"href":"https:\/\/osic.co\/s\/wp-json\/wp\/v2\/types\/page"}],"author":[{"embeddable":true,"href":"https:\/\/osic.co\/s\/wp-json\/wp\/v2\/users\/1"}],"replies":[{"embeddable":true,"href":"https:\/\/osic.co\/s\/wp-json\/wp\/v2\/comments?post=1310"}],"version-history":[{"count":1,"href":"https:\/\/osic.co\/s\/wp-json\/wp\/v2\/pages\/1310\/revisions"}],"predecessor-version":[{"id":1311,"href":"https:\/\/osic.co\/s\/wp-json\/wp\/v2\/pages\/1310\/revisions\/1311"}],"up":[{"embeddable":true,"href":"https:\/\/osic.co\/s\/wp-json\/wp\/v2\/pages\/1300"}],"wp:attachment":[{"href":"https:\/\/osic.co\/s\/wp-json\/wp\/v2\/media?parent=1310"}],"curies":[{"name":"wp","href":"https:\/\/api.w.org\/{rel}","templated":true}]}}