{"id":1308,"date":"2019-02-07T08:08:05","date_gmt":"2019-02-07T08:08:05","guid":{"rendered":"https:\/\/osic.co\/s\/?page_id=1308"},"modified":"2019-02-07T08:08:06","modified_gmt":"2019-02-07T08:08:06","slug":"management-de-criza","status":"publish","type":"page","link":"https:\/\/osic.co\/s\/ro\/servicii\/management-de-criza\/","title":{"rendered":"Management de criza"},"content":{"rendered":"\n<p>Preg\u0103tim planurile de reac\u021bie la criz\u0103, anticip\u0103m procedurile pentru\nactivit\u0103\u021bile care se desf\u0103\u0219oar\u0103 \u00eenaintea, \u00een timpul \u0219i dup\u0103 criz\u0103 \u0219i asigur\u0103m\ninstruirea personalului dvs. \u00een gestionarea crizelor. Specialitatea este, de\nasemenea,sa oferim asisten\u021b\u0103 \u00een timp real, atunci c\u00e2nd punem la dispozi\u021bie\nresursele noastre pentru a v\u0103 ajuta s\u0103 rezolva\u021bi criza. Acord\u0103m o aten\u021bie\ndeosebit\u0103 analizei post-criz\u0103, elimin\u0103rii punctelor slabe \u0219i corect\u0103rii\nprocedurilor, \u00een cazul \u00een care acestea au \u00eempiedicat \u00een orice mod ie\u0219irea din\ncriz\u0103. Protejarea bunei tale reputa\u021bii este imperativ\u0103 \u00een acest sens.<\/p>\n","protected":false},"excerpt":{"rendered":"<p>Preg\u0103tim planurile de reac\u021bie la criz\u0103, anticip\u0103m procedurile pentru activit\u0103\u021bile care se desf\u0103\u0219oar\u0103 \u00eenaintea, \u00een timpul \u0219i dup\u0103 criz\u0103 \u0219i asigur\u0103m instruirea personalului dvs. \u00een gestionarea crizelor. Specialitatea este, de asemenea,sa oferim asisten\u021b\u0103 \u00een timp real, atunci c\u00e2nd punem la dispozi\u021bie resursele noastre pentru a v\u0103 ajuta s\u0103 rezolva\u021bi criza. Acord\u0103m o aten\u021bie deosebit\u0103 analizei [&hellip;]<\/p>\n","protected":false},"author":1,"featured_media":0,"parent":1300,"menu_order":0,"comment_status":"closed","ping_status":"closed","template":"","meta":[],"_links":{"self":[{"href":"https:\/\/osic.co\/s\/wp-json\/wp\/v2\/pages\/1308"}],"collection":[{"href":"https:\/\/osic.co\/s\/wp-json\/wp\/v2\/pages"}],"about":[{"href":"https:\/\/osic.co\/s\/wp-json\/wp\/v2\/types\/page"}],"author":[{"embeddable":true,"href":"https:\/\/osic.co\/s\/wp-json\/wp\/v2\/users\/1"}],"replies":[{"embeddable":true,"href":"https:\/\/osic.co\/s\/wp-json\/wp\/v2\/comments?post=1308"}],"version-history":[{"count":1,"href":"https:\/\/osic.co\/s\/wp-json\/wp\/v2\/pages\/1308\/revisions"}],"predecessor-version":[{"id":1309,"href":"https:\/\/osic.co\/s\/wp-json\/wp\/v2\/pages\/1308\/revisions\/1309"}],"up":[{"embeddable":true,"href":"https:\/\/osic.co\/s\/wp-json\/wp\/v2\/pages\/1300"}],"wp:attachment":[{"href":"https:\/\/osic.co\/s\/wp-json\/wp\/v2\/media?parent=1308"}],"curies":[{"name":"wp","href":"https:\/\/api.w.org\/{rel}","templated":true}]}}