{"id":1306,"date":"2019-02-07T08:07:20","date_gmt":"2019-02-07T08:07:20","guid":{"rendered":"https:\/\/osic.co\/s\/?page_id=1306"},"modified":"2019-02-07T08:07:20","modified_gmt":"2019-02-07T08:07:20","slug":"crearea-si-desfasurarea-de-campanii-de-afaceri-si-politice","status":"publish","type":"page","link":"https:\/\/osic.co\/s\/ro\/servicii\/crearea-si-desfasurarea-de-campanii-de-afaceri-si-politice\/","title":{"rendered":"Crearea \u0219i desf\u0103\u0219urarea de campanii de afaceri \u0219i politice"},"content":{"rendered":"\n<p>Identific\u0103m obiectivele, activele \u0219i durata campaniei care vizeaz\u0103\npromovarea afacerii sau a politicilor dvs. Ne concentr\u0103m asupra grupurilor\n\u021bint\u0103 (sau a persoanelor fizice) \u00een care campaniile trebuie s\u0103 fac\u0103 o schimbare\npozitiv\u0103. Oferim consultan\u021b\u0103 complet\u0103 \u00een marketing \u0219i PR \u00eenainte, \u00een timpul \u0219i\ndup\u0103 campanie (evaluare)<\/p>\n","protected":false},"excerpt":{"rendered":"<p>Identific\u0103m obiectivele, activele \u0219i durata campaniei care vizeaz\u0103 promovarea afacerii sau a politicilor dvs. Ne concentr\u0103m asupra grupurilor \u021bint\u0103 (sau a persoanelor fizice) \u00een care campaniile trebuie s\u0103 fac\u0103 o schimbare pozitiv\u0103. Oferim consultan\u021b\u0103 complet\u0103 \u00een marketing \u0219i PR \u00eenainte, \u00een timpul \u0219i dup\u0103 campanie (evaluare)<\/p>\n","protected":false},"author":1,"featured_media":0,"parent":1300,"menu_order":0,"comment_status":"closed","ping_status":"closed","template":"","meta":[],"_links":{"self":[{"href":"https:\/\/osic.co\/s\/wp-json\/wp\/v2\/pages\/1306"}],"collection":[{"href":"https:\/\/osic.co\/s\/wp-json\/wp\/v2\/pages"}],"about":[{"href":"https:\/\/osic.co\/s\/wp-json\/wp\/v2\/types\/page"}],"author":[{"embeddable":true,"href":"https:\/\/osic.co\/s\/wp-json\/wp\/v2\/users\/1"}],"replies":[{"embeddable":true,"href":"https:\/\/osic.co\/s\/wp-json\/wp\/v2\/comments?post=1306"}],"version-history":[{"count":1,"href":"https:\/\/osic.co\/s\/wp-json\/wp\/v2\/pages\/1306\/revisions"}],"predecessor-version":[{"id":1307,"href":"https:\/\/osic.co\/s\/wp-json\/wp\/v2\/pages\/1306\/revisions\/1307"}],"up":[{"embeddable":true,"href":"https:\/\/osic.co\/s\/wp-json\/wp\/v2\/pages\/1300"}],"wp:attachment":[{"href":"https:\/\/osic.co\/s\/wp-json\/wp\/v2\/media?parent=1306"}],"curies":[{"name":"wp","href":"https:\/\/api.w.org\/{rel}","templated":true}]}}