{"id":1300,"date":"2019-02-07T08:05:06","date_gmt":"2019-02-07T08:05:06","guid":{"rendered":"https:\/\/osic.co\/s\/?page_id=1300"},"modified":"2019-02-10T09:26:46","modified_gmt":"2019-02-10T09:26:46","slug":"servicii","status":"publish","type":"page","link":"https:\/\/osic.co\/s\/ro\/servicii\/","title":{"rendered":"SERVICII"},"content":{"rendered":"\n<p>Imaginati-va&nbsp; OSIC ca fiind biroul dvs, care este disponibil 24 ore, 365 de zile pe an. Noi oferim o analiz\u0103 complet\u0103 a starii sistemului specific activitatii dvs. . De asemenea, oferim o evaluare a potentialului, dar si riscurile si dezavantajele, ce va pot impiedica in a va realiza obiectivul dvs.. Noi propunem masuri concrete pentru a ajunge la efectul dorit, \u0219i lucr\u0103m \u00eempreun\u0103 cu tine \u00een punerea lor \u00een aplicare. \u00cen cele din urm\u0103, oferim o analiza pentru realizarea scopului, \u00eempreun\u0103 cu identificarea aspectelor pozitive \u0219i negative care vor fi aplicate solutiilor.  Echipa noastra este gata pentru a v\u0103 furniza servicii \u00een urm\u0103toarele domenii: <\/p>\n\n\n\n<ul><li><a rel=\"noreferrer noopener\" aria-label=\"Afaceri internationale (opens in a new tab)\" href=\"https:\/\/osic.co\/s\/ro\/servicii\/afaceri-internationale\/\" target=\"_blank\">Afaceri internationale<\/a><\/li><li><a rel=\"noreferrer noopener\" aria-label=\"Guvernare si politica interna si internationala (opens in a new tab)\" href=\"https:\/\/osic.co\/s\/ro\/servicii\/guvernare-si-politica-interna-si-internationala\/\" target=\"_blank\">Guvernare si politica interna si internationala<\/a><\/li><li><a rel=\"noreferrer noopener\" aria-label=\"Evaluarea si gestionarea riscurilor (opens in a new tab)\" href=\"https:\/\/osic.co\/s\/ro\/servicii\/evaluarea-si-gestionarea-riscurilor\/\" target=\"_blank\">Evaluarea si gestionarea riscurilor<\/a><\/li><li><a rel=\"noreferrer noopener\" aria-label=\"Management de criza (opens in a new tab)\" href=\"https:\/\/osic.co\/s\/ro\/servicii\/management-de-criza\/\" target=\"_blank\">Management de criza<\/a><\/li><li><a href=\"https:\/\/osic.co\/s\/ro\/servicii\/management-de-securitate\/\" target=\"_blank\" rel=\"noreferrer noopener\" aria-label=\"Management de securitate (opens in a new tab)\">Management de securitate<\/a><\/li><li><a rel=\"noreferrer noopener\" aria-label=\"Comunicare \u0219i PR (opens in a new tab)\" href=\"https:\/\/osic.co\/s\/ro\/servicii\/comunicare-si-pr\/\" target=\"_blank\">Comunicare \u0219i PR<\/a><\/li><li><a rel=\"noreferrer noopener\" aria-label=\"Cercetare \u0219i analiz\u0103 (opens in a new tab)\" href=\"https:\/\/osic.co\/s\/ro\/servicii\/cercetare-si-analiza\/\" target=\"_blank\">Cercetare \u0219i analiz\u0103<\/a><\/li><li><a rel=\"noreferrer noopener\" aria-label=\"Educa\u021bie (opens in a new tab)\" href=\"https:\/\/osic.co\/s\/ro\/servicii\/educatie\/\" target=\"_blank\">Educa\u021bie<\/a><\/li><li><a rel=\"noreferrer noopener\" aria-label=\"Crearea \u0219i desf\u0103\u0219urarea de campanii de afaceri \u0219i politice (opens in a new tab)\" href=\"https:\/\/osic.co\/s\/ro\/servicii\/crearea-si-desfasurarea-de-campanii-de-afaceri-si-politice\/\" target=\"_blank\">Crearea \u0219i desf\u0103\u0219urarea de campanii de afaceri \u0219i politice<\/a><\/li><\/ul>\n","protected":false},"excerpt":{"rendered":"<p>Imaginati-va&nbsp; OSIC ca fiind biroul dvs, care este disponibil 24 ore, 365 de zile pe an. Noi oferim o analiz\u0103 complet\u0103 a starii sistemului specific activitatii dvs. . De asemenea, oferim o evaluare a potentialului, dar si riscurile si dezavantajele, ce va pot impiedica in a va realiza obiectivul dvs.. Noi propunem masuri concrete pentru [&hellip;]<\/p>\n","protected":false},"author":1,"featured_media":0,"parent":0,"menu_order":0,"comment_status":"closed","ping_status":"closed","template":"","meta":[],"_links":{"self":[{"href":"https:\/\/osic.co\/s\/wp-json\/wp\/v2\/pages\/1300"}],"collection":[{"href":"https:\/\/osic.co\/s\/wp-json\/wp\/v2\/pages"}],"about":[{"href":"https:\/\/osic.co\/s\/wp-json\/wp\/v2\/types\/page"}],"author":[{"embeddable":true,"href":"https:\/\/osic.co\/s\/wp-json\/wp\/v2\/users\/1"}],"replies":[{"embeddable":true,"href":"https:\/\/osic.co\/s\/wp-json\/wp\/v2\/comments?post=1300"}],"version-history":[{"count":7,"href":"https:\/\/osic.co\/s\/wp-json\/wp\/v2\/pages\/1300\/revisions"}],"predecessor-version":[{"id":1327,"href":"https:\/\/osic.co\/s\/wp-json\/wp\/v2\/pages\/1300\/revisions\/1327"}],"wp:attachment":[{"href":"https:\/\/osic.co\/s\/wp-json\/wp\/v2\/media?parent=1300"}],"curies":[{"name":"wp","href":"https:\/\/api.w.org\/{rel}","templated":true}]}}