{"id":1298,"date":"2019-02-07T08:03:22","date_gmt":"2019-02-07T08:03:22","guid":{"rendered":"https:\/\/osic.co\/s\/?page_id=1298"},"modified":"2019-02-07T08:03:23","modified_gmt":"2019-02-07T08:03:23","slug":"resurse","status":"publish","type":"page","link":"https:\/\/osic.co\/s\/ro\/resurse\/","title":{"rendered":"RESURSE"},"content":{"rendered":"\n<p>Echipa de\nexper\u021bi a OSIC creeaz\u0103, implementeaz\u0103 \u0219i m\u0103soar\u0103 efectele strategiilor \u00een\ndomeniul opera\u021biunilor de afaceri ale clien\u021bilor lor. Echipa noastr\u0103 se\nadapteaz\u0103 constant la schimb\u0103rile constante \u00een mediul de afaceri, politic,\nsecuritate \u0219i media, adopt\u00e2nd \u0219i aplic\u00e2nd cele mai recente realiz\u0103ri la nivel\nmondial. \u0218tim cum func\u021bioneaz\u0103 procesul de luare a deciziilor \u00een afaceri \u0219i\npolitic\u0103, \u0219tim cine face deciziile \u0219i \u0219tim de ce au avut succes sau au e\u0219uat.\nEchipa noastr\u0103 este format\u0103 din cercet\u0103tori, profesori universitari, directori\ncorporativi \u00een companii multina\u021bionale, diploma\u021bi fosti \u0219i actuali, avoca\u021bi,\nmanageri de securitate, exper\u021bi financiari, exper\u021bi IT, editori de media \u0219i\nprofesioni\u0219ti \u00een rela\u021bii publice.<\/p>\n\n\n\n<p>Echipa\nnoastr\u0103 este format\u0103 din exper\u021bi din urm\u0103toarele domenii:<\/p>\n\n\n\n<ul><li>Afaceri internationale<\/li><li>Consultan\u021b\u0103 politic\u0103<\/li><li>Diploma\u021bie \u0219i rela\u021bii interna\u021bionale<\/li><li>Management de securitate<\/li><li>Energie<\/li><li>Rela\u021bii publice \u0219i mass-media<\/li><li>Trafic<\/li><li>Ecologie<\/li><li>Servicii financiare<\/li><li>Tehnologie \u0219i telecomunica\u021bii<\/li><\/ul>\n","protected":false},"excerpt":{"rendered":"<p>Echipa de exper\u021bi a OSIC creeaz\u0103, implementeaz\u0103 \u0219i m\u0103soar\u0103 efectele strategiilor \u00een domeniul opera\u021biunilor de afaceri ale clien\u021bilor lor. Echipa noastr\u0103 se adapteaz\u0103 constant la schimb\u0103rile constante \u00een mediul de afaceri, politic, securitate \u0219i media, adopt\u00e2nd \u0219i aplic\u00e2nd cele mai recente realiz\u0103ri la nivel mondial. \u0218tim cum func\u021bioneaz\u0103 procesul de luare a deciziilor \u00een afaceri [&hellip;]<\/p>\n","protected":false},"author":1,"featured_media":0,"parent":0,"menu_order":0,"comment_status":"closed","ping_status":"closed","template":"","meta":[],"_links":{"self":[{"href":"https:\/\/osic.co\/s\/wp-json\/wp\/v2\/pages\/1298"}],"collection":[{"href":"https:\/\/osic.co\/s\/wp-json\/wp\/v2\/pages"}],"about":[{"href":"https:\/\/osic.co\/s\/wp-json\/wp\/v2\/types\/page"}],"author":[{"embeddable":true,"href":"https:\/\/osic.co\/s\/wp-json\/wp\/v2\/users\/1"}],"replies":[{"embeddable":true,"href":"https:\/\/osic.co\/s\/wp-json\/wp\/v2\/comments?post=1298"}],"version-history":[{"count":1,"href":"https:\/\/osic.co\/s\/wp-json\/wp\/v2\/pages\/1298\/revisions"}],"predecessor-version":[{"id":1299,"href":"https:\/\/osic.co\/s\/wp-json\/wp\/v2\/pages\/1298\/revisions\/1299"}],"wp:attachment":[{"href":"https:\/\/osic.co\/s\/wp-json\/wp\/v2\/media?parent=1298"}],"curies":[{"name":"wp","href":"https:\/\/api.w.org\/{rel}","templated":true}]}}