{"id":1296,"date":"2019-02-07T08:01:23","date_gmt":"2019-02-07T08:01:23","guid":{"rendered":"https:\/\/osic.co\/s\/?page_id=1296"},"modified":"2019-02-07T14:42:54","modified_gmt":"2019-02-07T14:42:54","slug":"acasa","status":"publish","type":"page","link":"https:\/\/osic.co\/s\/ro\/acasa\/","title":{"rendered":"ACASA"},"content":{"rendered":"\n<div class=\"alignnormal\"><div id=\"metaslider-id-1367\" style=\"width: 100%;\" class=\"ml-slider-3-109-0 metaslider metaslider-flex metaslider-1367 ml-slider has-dots-nav ms-theme-default\" role=\"region\" aria-label=\"Rumunski slideshow\" data-height=\"300\" data-width=\"700\">\n    <div id=\"metaslider_container_1367\">\n        <div id=\"metaslider_1367\">\n            <ul class='slides'>\n                <li style=\"display: block; width: 100%;\" class=\"slide-1378 ms-image \" aria-roledescription=\"slide\" data-date=\"2019-02-07 14:10:09\" data-filename=\"upravljanje-krizama-5-700x300.png\" data-slide-type=\"image\"><a href=\"https:\/\/osic.co\/s\/ro\/servicii\/management-de-criza\/\" target=\"_blank\" aria-label=\"View Slide Details\" class=\"metaslider_image_link\"><img src=\"https:\/\/osic.co\/s\/wp-content\/uploads\/2019\/02\/upravljanje-krizama-5-700x300.png\" height=\"300\" width=\"700\" alt=\"\" class=\"slider-1367 slide-1378 msDefaultImage\" title=\"upravljanje krizama\" \/><\/a><div class=\"caption-wrap\"><div class=\"caption\">MANAGEMENT DE CRIZA<\/div><\/div><\/li>\n                <li style=\"display: none; width: 100%;\" class=\"slide-1379 ms-image \" aria-roledescription=\"slide\" data-date=\"2019-02-07 14:10:09\" data-filename=\"procena-i-upravljanje-rizicima-5-700x300.jpg\" data-slide-type=\"image\"><a href=\"https:\/\/osic.co\/s\/ro\/servicii\/evaluarea-si-gestionarea-riscurilor\/\" target=\"_blank\" aria-label=\"View Slide Details\" class=\"metaslider_image_link\"><img src=\"https:\/\/osic.co\/s\/wp-content\/uploads\/2019\/02\/procena-i-upravljanje-rizicima-5-700x300.jpg\" height=\"300\" width=\"700\" alt=\"\" class=\"slider-1367 slide-1379 msDefaultImage\" title=\"procena i upravljanje rizicima\" \/><\/a><div class=\"caption-wrap\"><div class=\"caption\">EVALUAREA SI GESTIONAREA RISCURILOR<\/div><\/div><\/li>\n                <li style=\"display: none; width: 100%;\" class=\"slide-1380 ms-image \" aria-roledescription=\"slide\" data-date=\"2019-02-07 14:10:09\" data-filename=\"me\u0111unarodno-poslovanje-5-700x300.jpg\" data-slide-type=\"image\"><a href=\"https:\/\/osic.co\/s\/ro\/servicii\/afaceri-internationale\/\" target=\"_blank\" aria-label=\"View Slide Details\" class=\"metaslider_image_link\"><img src=\"https:\/\/osic.co\/s\/wp-content\/uploads\/2019\/02\/me\u0111unarodno-poslovanje-5-700x300.jpg\" height=\"300\" width=\"700\" alt=\"\" class=\"slider-1367 slide-1380 msDefaultImage\" title=\"me\u0111unarodno poslovanje\" \/><\/a><div class=\"caption-wrap\"><div class=\"caption\">AFACERI INTERNATIONALE<\/div><\/div><\/li>\n                <li style=\"display: none; width: 100%;\" class=\"slide-1381 ms-image \" aria-roledescription=\"slide\" data-date=\"2019-02-07 14:10:09\" data-filename=\"kreiranje-i-sprovo\u0111enje-poslovnih-i-politi\u010dkih-kampanja-5-700x300.jpg\" data-slide-type=\"image\"><a href=\"https:\/\/osic.co\/s\/ro\/servicii\/crearea-si-desfasurarea-de-campanii-de-afaceri-si-politice\/\" target=\"_blank\" aria-label=\"View Slide Details\" class=\"metaslider_image_link\"><img src=\"https:\/\/osic.co\/s\/wp-content\/uploads\/2019\/02\/kreiranje-i-sprovo\u0111enje-poslovnih-i-politi\u010dkih-kampanja-5-700x300.jpg\" height=\"300\" width=\"700\" alt=\"\" class=\"slider-1367 slide-1381 msDefaultImage\" title=\"kreiranje i sprovo\u0111enje poslovnih i politi\u010dkih kampanja\" \/><\/a><div class=\"caption-wrap\"><div class=\"caption\">CREAREA \u0218I DESF\u0102\u0218URAREA DE CAMPANII DE AFACERI \u0218I POLITICE<\/div><\/div><\/li>\n                <li style=\"display: none; width: 100%;\" class=\"slide-1382 ms-image \" aria-roledescription=\"slide\" data-date=\"2019-02-07 14:10:09\" data-filename=\"komunikacije-i-PR-5-640x274.png\" data-slide-type=\"image\"><a href=\"https:\/\/osic.co\/s\/ro\/servicii\/comunicare-si-pr\/\" target=\"_blank\" aria-label=\"View Slide Details\" class=\"metaslider_image_link\"><img src=\"https:\/\/osic.co\/s\/wp-content\/uploads\/2019\/02\/komunikacije-i-PR-5-640x274.png\" height=\"300\" width=\"700\" alt=\"\" class=\"slider-1367 slide-1382 msDefaultImage\" title=\"komunikacije i PR\" \/><\/a><div class=\"caption-wrap\"><div class=\"caption\">COMUNICARE \u0218I PR<\/div><\/div><\/li>\n                <li style=\"display: none; width: 100%;\" class=\"slide-1383 ms-image \" aria-roledescription=\"slide\" data-date=\"2019-02-07 14:10:09\" data-filename=\"istra\u017eivanje-i-analiza-5-576x247.jpg\" data-slide-type=\"image\"><a href=\"https:\/\/osic.co\/s\/ro\/servicii\/cercetare-si-analiza\/\" target=\"_blank\" aria-label=\"View Slide Details\" class=\"metaslider_image_link\"><img src=\"https:\/\/osic.co\/s\/wp-content\/uploads\/2019\/02\/istra\u017eivanje-i-analiza-5-576x247.jpg\" height=\"300\" width=\"700\" alt=\"\" class=\"slider-1367 slide-1383 msDefaultImage\" title=\"istra\u017eivanje i analiza\" \/><\/a><div class=\"caption-wrap\"><div class=\"caption\">CERCETARE \u0218I ANALIZ\u0102<\/div><\/div><\/li>\n                <li style=\"display: none; width: 100%;\" class=\"slide-1384 ms-image \" aria-roledescription=\"slide\" data-date=\"2019-02-07 14:10:09\" data-filename=\"edukacija-5-700x300.jpg\" data-slide-type=\"image\"><a href=\"https:\/\/osic.co\/s\/ro\/servicii\/educatie\/\" target=\"_blank\" aria-label=\"View Slide Details\" class=\"metaslider_image_link\"><img src=\"https:\/\/osic.co\/s\/wp-content\/uploads\/2019\/02\/edukacija-5-700x300.jpg\" height=\"300\" width=\"700\" alt=\"\" class=\"slider-1367 slide-1384 msDefaultImage\" title=\"edukacija\" \/><\/a><div class=\"caption-wrap\"><div class=\"caption\">EDUCA\u021aIE<\/div><\/div><\/li>\n                <li style=\"display: none; width: 100%;\" class=\"slide-1385 ms-image \" aria-roledescription=\"slide\" data-date=\"2019-02-07 14:10:09\" data-filename=\"doma\u0107a-i-me\u0111unarodna-politika-i-upravljanje-5-618x264.jpg\" data-slide-type=\"image\"><a href=\"https:\/\/osic.co\/s\/ro\/servicii\/guvernare-si-politica-interna-si-internationala\/\" target=\"_blank\" aria-label=\"View Slide Details\" class=\"metaslider_image_link\"><img src=\"https:\/\/osic.co\/s\/wp-content\/uploads\/2019\/02\/doma\u0107a-i-me\u0111unarodna-politika-i-upravljanje-5-618x264.jpg\" height=\"300\" width=\"700\" alt=\"\" class=\"slider-1367 slide-1385 msDefaultImage\" title=\"Group of Business People with Jigsaw Puzzle Forming in World Map\" \/><\/a><div class=\"caption-wrap\"><div class=\"caption\">GUVERNARE SI POLITICA INTERNA SI INTERNATIONALA<\/div><\/div><\/li>\n                <li style=\"display: none; width: 100%;\" class=\"slide-1386 ms-image \" aria-roledescription=\"slide\" data-date=\"2019-02-07 14:10:09\" data-filename=\"bezbednosni-menad\u017ement-5-700x300.jpg\" data-slide-type=\"image\"><a href=\"https:\/\/osic.co\/s\/ro\/servicii\/management-de-securitate\/\" target=\"_blank\" aria-label=\"View Slide Details\" class=\"metaslider_image_link\"><img src=\"https:\/\/osic.co\/s\/wp-content\/uploads\/2019\/02\/bezbednosni-menad\u017ement-5-700x300.jpg\" height=\"300\" width=\"700\" alt=\"\" class=\"slider-1367 slide-1386 msDefaultImage\" title=\"bezbednosni menad\u017ement\" \/><\/a><div class=\"caption-wrap\"><div class=\"caption\">MANAGEMENT DE SECURITATE<\/div><\/div><\/li>\n            <\/ul>\n        <\/div>\n        \n    <\/div>\n<\/div><\/div>\n\n\n\n<p><strong>Bine ati venit!<\/strong><\/p>\n\n\n\n<p>Compania noastr\u0103 va asigura companiei dvs. suportul necesar \u00een stabilirea obiectivelor si diagnosticarea ceor mai eficiente moduri pentru realizarea lor. Vom face aceasta calatorie impreuna. Ve\u021bi beneficia de o companie experimentata \u0219i exper\u021bi certifica\u021bi la nivel interna\u021bional din multe domenii. OSIC este o echipa al carui scop este de a r\u0103spunde cerin\u021belor dumneavoastr\u0103 \u0219i ofer\u0103 cele mai eficiente solu\u021bii astfel \u00eenc\u00e2t interesele organiza\u021bei dvs sa fie evaluate la maxim.<\/p>\n\n\n\n<p>Putem oferi cuno\u0219tin\u021be, ani de experien\u021b\u0103 de strategie de design, de\nimplementare \u0219i de evaluare a rezultatelor, \u0219i o extrem de diversificat\u0103 re\u021bea\ninterna\u021bional\u0103 de contacte cu institutiile guvernamentale,&nbsp; echipe experimentate, media, companii si\nasociatii de afaceri, \u0219i persoane influente.<\/p>\n\n\n\n<p>Prin OSIC, ave\u021bi la dispozi\u021bie un serviciu complet care v\u0103 va conduce prin labyrinturile na\u021bionale \u0219i interna\u021bionale de afaceri, politica, opinii publice interne si externe. Dac\u0103 orice criza apare pe parcursul acestei c\u0103l\u0103torii comune, OSIC va oferi de asemenea o solutie pentru a proteja reputa\u021bia dvs. Instrumentele noastre sunt cuno\u0219tin\u021be bazate pe date si analiza, experien\u021b\u0103 \u00een procesul de administrare \u0219i capacitatea de a g\u0103si cele mai eficiente solu\u021bii. Principala noastr\u0103 sarcin\u0103 este de a realiza obiectivul dvs. <\/p>\n\n\n\n<p>Haideti sa pornim ! <\/p>\n","protected":false},"excerpt":{"rendered":"<p>Bine ati venit! Compania noastr\u0103 va asigura companiei dvs. suportul necesar \u00een stabilirea obiectivelor si diagnosticarea ceor mai eficiente moduri pentru realizarea lor. Vom face aceasta calatorie impreuna. Ve\u021bi beneficia de o companie experimentata \u0219i exper\u021bi certifica\u021bi la nivel interna\u021bional din multe domenii. OSIC este o echipa al carui scop este de a r\u0103spunde cerin\u021belor [&hellip;]<\/p>\n","protected":false},"author":1,"featured_media":0,"parent":0,"menu_order":0,"comment_status":"closed","ping_status":"closed","template":"","meta":[],"_links":{"self":[{"href":"https:\/\/osic.co\/s\/wp-json\/wp\/v2\/pages\/1296"}],"collection":[{"href":"https:\/\/osic.co\/s\/wp-json\/wp\/v2\/pages"}],"about":[{"href":"https:\/\/osic.co\/s\/wp-json\/wp\/v2\/types\/page"}],"author":[{"embeddable":true,"href":"https:\/\/osic.co\/s\/wp-json\/wp\/v2\/users\/1"}],"replies":[{"embeddable":true,"href":"https:\/\/osic.co\/s\/wp-json\/wp\/v2\/comments?post=1296"}],"version-history":[{"count":4,"href":"https:\/\/osic.co\/s\/wp-json\/wp\/v2\/pages\/1296\/revisions"}],"predecessor-version":[{"id":1446,"href":"https:\/\/osic.co\/s\/wp-json\/wp\/v2\/pages\/1296\/revisions\/1446"}],"wp:attachment":[{"href":"https:\/\/osic.co\/s\/wp-json\/wp\/v2\/media?parent=1296"}],"curies":[{"name":"wp","href":"https:\/\/api.w.org\/{rel}","templated":true}]}}