{"id":1292,"date":"2019-02-07T07:58:13","date_gmt":"2019-02-07T07:58:13","guid":{"rendered":"https:\/\/osic.co\/s\/?page_id=1292"},"modified":"2021-05-05T20:23:17","modified_gmt":"2021-05-05T20:23:17","slug":"zona-operatiunilor","status":"publish","type":"page","link":"https:\/\/osic.co\/s\/ro\/zona-operatiunilor\/","title":{"rendered":"ZONA OPERA\u021aIUNILOR"},"content":{"rendered":"\n<p>OSIC este orientat\u0103 spre clien\u021bi interna\u021bionali \u00een principal \u00een Balcani \u0219i Europa de Sud-est. Exper\u021bii no\u0219tri \u0219i domeniul de expertiz\u0103 se axeaz\u0103 pe urm\u0103toarele domenii: Serbia, Croa\u021bia, Muntenegru, Macedonia, Albania, Bosnia \u0219i Her\u021begovina, Kosovo, Bulgaria, Rom\u00e2nia, Rusia, Turcia.<\/p>\n\n\n\n<p>OSIC are o re\u021bea extrem de influent\u0103 \u0219i dezvoltat\u0103 de exper\u021bi, asocia\u021bi \u0219i contacte de afaceri, exper\u021bi \u0219i politici \u00een urm\u0103toarele \u021b\u0103ri \u0219i regiuni: Turcia, Marea Britanie, SUA, Germania, Rusia, Golful Persic, \u00een plus fa\u021b\u0103 de institu\u021biile Uniunea European\u0103 \u0219i NATO.<\/p>\n","protected":false},"excerpt":{"rendered":"<p>OSIC este orientat\u0103 spre clien\u021bi interna\u021bionali \u00een principal \u00een Balcani \u0219i Europa de Sud-est. Exper\u021bii no\u0219tri \u0219i domeniul de expertiz\u0103 se axeaz\u0103 pe urm\u0103toarele domenii: Serbia, Croa\u021bia, Muntenegru, Macedonia, Albania, Bosnia \u0219i Her\u021begovina, Kosovo, Bulgaria, Rom\u00e2nia, Rusia, Turcia. OSIC are o re\u021bea extrem de influent\u0103 \u0219i dezvoltat\u0103 de exper\u021bi, asocia\u021bi \u0219i contacte de afaceri, exper\u021bi [&hellip;]<\/p>\n","protected":false},"author":1,"featured_media":0,"parent":0,"menu_order":0,"comment_status":"closed","ping_status":"closed","template":"","meta":[],"_links":{"self":[{"href":"https:\/\/osic.co\/s\/wp-json\/wp\/v2\/pages\/1292"}],"collection":[{"href":"https:\/\/osic.co\/s\/wp-json\/wp\/v2\/pages"}],"about":[{"href":"https:\/\/osic.co\/s\/wp-json\/wp\/v2\/types\/page"}],"author":[{"embeddable":true,"href":"https:\/\/osic.co\/s\/wp-json\/wp\/v2\/users\/1"}],"replies":[{"embeddable":true,"href":"https:\/\/osic.co\/s\/wp-json\/wp\/v2\/comments?post=1292"}],"version-history":[{"count":2,"href":"https:\/\/osic.co\/s\/wp-json\/wp\/v2\/pages\/1292\/revisions"}],"predecessor-version":[{"id":1493,"href":"https:\/\/osic.co\/s\/wp-json\/wp\/v2\/pages\/1292\/revisions\/1493"}],"wp:attachment":[{"href":"https:\/\/osic.co\/s\/wp-json\/wp\/v2\/media?parent=1292"}],"curies":[{"name":"wp","href":"https:\/\/api.w.org\/{rel}","templated":true}]}}