{"id":1116,"date":"2019-02-06T10:05:34","date_gmt":"2019-02-06T10:05:34","guid":{"rendered":"https:\/\/osic.co\/?page_id=1116"},"modified":"2019-02-07T07:50:38","modified_gmt":"2019-02-07T07:50:38","slug":"guvenlik-yonetimi","status":"publish","type":"page","link":"https:\/\/osic.co\/s\/tr\/hizmetler\/guvenlik-yonetimi\/","title":{"rendered":"G\u00fcvenlik y\u00f6netimi"},"content":{"rendered":"\n<p>M\u00fclkleriniz, i\u015finiz,\nsistemleriniz ve \u00e7al\u0131\u015fanlar\u0131n\u0131za ili\u015fkin i\u00e7 ve d\u0131\u015f riskleri de\u011ferlendiriyoruz;\nbu temelde g\u00fcvenlik tehditlerini ve risklerini azaltmak veya tamamen ortadan\nkald\u0131rmak i\u00e7in \u00f6nlemler sunuyoruz.<\/p>\n","protected":false},"excerpt":{"rendered":"<p>M\u00fclkleriniz, i\u015finiz, sistemleriniz ve \u00e7al\u0131\u015fanlar\u0131n\u0131za ili\u015fkin i\u00e7 ve d\u0131\u015f riskleri de\u011ferlendiriyoruz; bu temelde g\u00fcvenlik tehditlerini ve risklerini azaltmak veya tamamen ortadan kald\u0131rmak i\u00e7in \u00f6nlemler sunuyoruz.<\/p>\n","protected":false},"author":1,"featured_media":0,"parent":1092,"menu_order":0,"comment_status":"closed","ping_status":"closed","template":"","meta":[],"_links":{"self":[{"href":"https:\/\/osic.co\/s\/wp-json\/wp\/v2\/pages\/1116"}],"collection":[{"href":"https:\/\/osic.co\/s\/wp-json\/wp\/v2\/pages"}],"about":[{"href":"https:\/\/osic.co\/s\/wp-json\/wp\/v2\/types\/page"}],"author":[{"embeddable":true,"href":"https:\/\/osic.co\/s\/wp-json\/wp\/v2\/users\/1"}],"replies":[{"embeddable":true,"href":"https:\/\/osic.co\/s\/wp-json\/wp\/v2\/comments?post=1116"}],"version-history":[{"count":1,"href":"https:\/\/osic.co\/s\/wp-json\/wp\/v2\/pages\/1116\/revisions"}],"predecessor-version":[{"id":1117,"href":"https:\/\/osic.co\/s\/wp-json\/wp\/v2\/pages\/1116\/revisions\/1117"}],"up":[{"embeddable":true,"href":"https:\/\/osic.co\/s\/wp-json\/wp\/v2\/pages\/1092"}],"wp:attachment":[{"href":"https:\/\/osic.co\/s\/wp-json\/wp\/v2\/media?parent=1116"}],"curies":[{"name":"wp","href":"https:\/\/api.w.org\/{rel}","templated":true}]}}