{"id":1107,"date":"2019-02-06T09:54:38","date_gmt":"2019-02-06T09:54:38","guid":{"rendered":"https:\/\/osic.co\/?page_id=1107"},"modified":"2019-02-07T07:48:03","modified_gmt":"2019-02-07T07:48:03","slug":"uluslararasi-ticaret","status":"publish","type":"page","link":"https:\/\/osic.co\/s\/tr\/hizmetler\/uluslararasi-ticaret\/","title":{"rendered":"Uluslararas\u0131 Ticaret"},"content":{"rendered":"\n<p>\u0130ster yat\u0131r\u0131m, ticaret\nisterse piyasa ve rekabet takibi ile ilgili olsun s\u0131n\u0131r \u00f6tesi i\u015flerde sizi\ndestekliyoruz. \u0130\u015f planlar\u0131, s\u0131n\u0131r \u00f6tesi i\u015flerin do\u011frulu\u011funu ispatlamaya ili\u015fkin\ntahminler, risk tan\u0131mlama ve i\u015f f\u0131rsatlar\u0131 \u00fcretmeyi sa\u011fl\u0131yoruz. Sizin i\u00e7in potansiyel\nortaklar\u0131 ve i\u015f yerleri aray\u0131\u015f\u0131 i\u00e7inde olaca\u011f\u0131z. S\u0131n\u0131r \u00f6tesi i\u015finizin yasal\ny\u00f6nleri hakk\u0131nda tavsiyeler veriyoruz. <\/p>\n","protected":false},"excerpt":{"rendered":"<p>\u0130ster yat\u0131r\u0131m, ticaret isterse piyasa ve rekabet takibi ile ilgili olsun s\u0131n\u0131r \u00f6tesi i\u015flerde sizi destekliyoruz. \u0130\u015f planlar\u0131, s\u0131n\u0131r \u00f6tesi i\u015flerin do\u011frulu\u011funu ispatlamaya ili\u015fkin tahminler, risk tan\u0131mlama ve i\u015f f\u0131rsatlar\u0131 \u00fcretmeyi sa\u011fl\u0131yoruz. Sizin i\u00e7in potansiyel ortaklar\u0131 ve i\u015f yerleri aray\u0131\u015f\u0131 i\u00e7inde olaca\u011f\u0131z. S\u0131n\u0131r \u00f6tesi i\u015finizin yasal y\u00f6nleri hakk\u0131nda tavsiyeler veriyoruz.<\/p>\n","protected":false},"author":1,"featured_media":0,"parent":1092,"menu_order":0,"comment_status":"closed","ping_status":"closed","template":"","meta":[],"_links":{"self":[{"href":"https:\/\/osic.co\/s\/wp-json\/wp\/v2\/pages\/1107"}],"collection":[{"href":"https:\/\/osic.co\/s\/wp-json\/wp\/v2\/pages"}],"about":[{"href":"https:\/\/osic.co\/s\/wp-json\/wp\/v2\/types\/page"}],"author":[{"embeddable":true,"href":"https:\/\/osic.co\/s\/wp-json\/wp\/v2\/users\/1"}],"replies":[{"embeddable":true,"href":"https:\/\/osic.co\/s\/wp-json\/wp\/v2\/comments?post=1107"}],"version-history":[{"count":1,"href":"https:\/\/osic.co\/s\/wp-json\/wp\/v2\/pages\/1107\/revisions"}],"predecessor-version":[{"id":1108,"href":"https:\/\/osic.co\/s\/wp-json\/wp\/v2\/pages\/1107\/revisions\/1108"}],"up":[{"embeddable":true,"href":"https:\/\/osic.co\/s\/wp-json\/wp\/v2\/pages\/1092"}],"wp:attachment":[{"href":"https:\/\/osic.co\/s\/wp-json\/wp\/v2\/media?parent=1107"}],"curies":[{"name":"wp","href":"https:\/\/api.w.org\/{rel}","templated":true}]}}