{"id":1103,"date":"2019-02-06T09:52:55","date_gmt":"2019-02-06T09:52:55","guid":{"rendered":"https:\/\/osic.co\/?page_id=1103"},"modified":"2019-02-07T07:47:10","modified_gmt":"2019-02-07T07:47:10","slug":"egitim","status":"publish","type":"page","link":"https:\/\/osic.co\/s\/tr\/hizmetler\/egitim\/","title":{"rendered":"E\u011fitim"},"content":{"rendered":"\n<p>\u00c7evrimi\u00e7i veya \u00e7evrimd\u0131\u015f\u0131 olarak\npersonelinize veya m\u00fc\u015fterilerinize uzmanl\u0131k alan\u0131m\u0131za ili\u015fkin her t\u00fcrl\u00fc e\u011fitimi\nveriyoruz.<\/p>\n","protected":false},"excerpt":{"rendered":"<p>\u00c7evrimi\u00e7i veya \u00e7evrimd\u0131\u015f\u0131 olarak personelinize veya m\u00fc\u015fterilerinize uzmanl\u0131k alan\u0131m\u0131za ili\u015fkin her t\u00fcrl\u00fc e\u011fitimi veriyoruz.<\/p>\n","protected":false},"author":1,"featured_media":0,"parent":1092,"menu_order":0,"comment_status":"closed","ping_status":"closed","template":"","meta":[],"_links":{"self":[{"href":"https:\/\/osic.co\/s\/wp-json\/wp\/v2\/pages\/1103"}],"collection":[{"href":"https:\/\/osic.co\/s\/wp-json\/wp\/v2\/pages"}],"about":[{"href":"https:\/\/osic.co\/s\/wp-json\/wp\/v2\/types\/page"}],"author":[{"embeddable":true,"href":"https:\/\/osic.co\/s\/wp-json\/wp\/v2\/users\/1"}],"replies":[{"embeddable":true,"href":"https:\/\/osic.co\/s\/wp-json\/wp\/v2\/comments?post=1103"}],"version-history":[{"count":1,"href":"https:\/\/osic.co\/s\/wp-json\/wp\/v2\/pages\/1103\/revisions"}],"predecessor-version":[{"id":1105,"href":"https:\/\/osic.co\/s\/wp-json\/wp\/v2\/pages\/1103\/revisions\/1105"}],"up":[{"embeddable":true,"href":"https:\/\/osic.co\/s\/wp-json\/wp\/v2\/pages\/1092"}],"wp:attachment":[{"href":"https:\/\/osic.co\/s\/wp-json\/wp\/v2\/media?parent=1103"}],"curies":[{"name":"wp","href":"https:\/\/api.w.org\/{rel}","templated":true}]}}