{"id":1101,"date":"2019-02-06T09:50:11","date_gmt":"2019-02-06T09:50:11","guid":{"rendered":"https:\/\/osic.co\/?page_id=1101"},"modified":"2019-02-07T07:46:16","modified_gmt":"2019-02-07T07:46:16","slug":"ic-ve-dis-politika-ile-yonetisim","status":"publish","type":"page","link":"https:\/\/osic.co\/s\/tr\/hizmetler\/ic-ve-dis-politika-ile-yonetisim\/","title":{"rendered":"\u0130\u00e7 ve d\u0131\u015f politika ile y\u00f6neti\u015fim"},"content":{"rendered":"\n<p>Politikalar\u0131n\u0131z\u0131n kapsam\u0131n\u0131,\ngerek\u00e7elerini, desteklerini ve potansiyel risklerini analiz ediyoruz.\nKampanyalar olu\u015fturuyoruz, ak\u0131\u015flar\u0131n\u0131 takip ediyoruz, performans\u0131 \u00f6l\u00e7\u00fcyoruz ve\netkileri analiz ediyoruz. Hem ulusal hem de uluslararas\u0131 a\u00e7\u0131dan politikalar\u0131n\u0131zla\nilgili konular hakk\u0131nda muhataplarla g\u00f6r\u00fc\u015fmeler yap\u0131yoruz. \u0130\u015fletmeniz veya\npolitikan\u0131zla ilgili uluslararas\u0131 olaylar\u0131n ve i\u015flemlerin ayr\u0131nt\u0131l\u0131 analizini\nsunuyoruz. Hem a\u00e7\u0131k kaynaklardan hem de resmi olmayan kaynaklardan gelen\nbilgilere dayal\u0131 olarak, \u00f6zellikle potansiyel krizleri tan\u0131mlamak suretiyle,\nuluslararas\u0131 d\u00fczeyde olaylar\u0131n geli\u015fimine ili\u015fkin g\u00fcvenilir bir de\u011ferlendirme\nsunuyoruz. Uluslararas\u0131 kurulu\u015flar\u0131n uluslararas\u0131 anla\u015fmalar\u0131n\u0131 ve i\u015flemlerini analiz\nediyoruz.<\/p>\n","protected":false},"excerpt":{"rendered":"<p>Politikalar\u0131n\u0131z\u0131n kapsam\u0131n\u0131, gerek\u00e7elerini, desteklerini ve potansiyel risklerini analiz ediyoruz. Kampanyalar olu\u015fturuyoruz, ak\u0131\u015flar\u0131n\u0131 takip ediyoruz, performans\u0131 \u00f6l\u00e7\u00fcyoruz ve etkileri analiz ediyoruz. Hem ulusal hem de uluslararas\u0131 a\u00e7\u0131dan politikalar\u0131n\u0131zla ilgili konular hakk\u0131nda muhataplarla g\u00f6r\u00fc\u015fmeler yap\u0131yoruz. \u0130\u015fletmeniz veya politikan\u0131zla ilgili uluslararas\u0131 olaylar\u0131n ve i\u015flemlerin ayr\u0131nt\u0131l\u0131 analizini sunuyoruz. Hem a\u00e7\u0131k kaynaklardan hem de resmi olmayan kaynaklardan gelen bilgilere dayal\u0131 [&hellip;]<\/p>\n","protected":false},"author":1,"featured_media":0,"parent":1092,"menu_order":0,"comment_status":"closed","ping_status":"closed","template":"","meta":[],"_links":{"self":[{"href":"https:\/\/osic.co\/s\/wp-json\/wp\/v2\/pages\/1101"}],"collection":[{"href":"https:\/\/osic.co\/s\/wp-json\/wp\/v2\/pages"}],"about":[{"href":"https:\/\/osic.co\/s\/wp-json\/wp\/v2\/types\/page"}],"author":[{"embeddable":true,"href":"https:\/\/osic.co\/s\/wp-json\/wp\/v2\/users\/1"}],"replies":[{"embeddable":true,"href":"https:\/\/osic.co\/s\/wp-json\/wp\/v2\/comments?post=1101"}],"version-history":[{"count":1,"href":"https:\/\/osic.co\/s\/wp-json\/wp\/v2\/pages\/1101\/revisions"}],"predecessor-version":[{"id":1102,"href":"https:\/\/osic.co\/s\/wp-json\/wp\/v2\/pages\/1101\/revisions\/1102"}],"up":[{"embeddable":true,"href":"https:\/\/osic.co\/s\/wp-json\/wp\/v2\/pages\/1092"}],"wp:attachment":[{"href":"https:\/\/osic.co\/s\/wp-json\/wp\/v2\/media?parent=1101"}],"curies":[{"name":"wp","href":"https:\/\/api.w.org\/{rel}","templated":true}]}}