{"id":1099,"date":"2019-02-06T09:48:51","date_gmt":"2019-02-06T09:48:51","guid":{"rendered":"https:\/\/osic.co\/?page_id=1099"},"modified":"2019-02-07T07:45:27","modified_gmt":"2019-02-07T07:45:27","slug":"kriz-yonetimi","status":"publish","type":"page","link":"https:\/\/osic.co\/s\/tr\/hizmetler\/kriz-yonetimi\/","title":{"rendered":"Kriz y\u00f6netimi"},"content":{"rendered":"\n<p>Kriz m\u00fcdahale planlar\u0131\nhaz\u0131rl\u0131yoruz, kriz \u00f6ncesinde, esnas\u0131nda ve sonras\u0131nda yap\u0131lacak faaliyetlere\nili\u015fkin prosed\u00fcrleri \u00f6ng\u00f6r\u00fcyoruz ve personelinize kriz y\u00f6netimi konusunda\ne\u011fitim veriyoruz. Krizi \u00e7\u00f6zmenize yard\u0131mc\u0131 olmak i\u00e7in kaynaklar\u0131m\u0131z\u0131 emrinize amade\nk\u0131ld\u0131\u011f\u0131m\u0131zda uzmanl\u0131\u011f\u0131m\u0131zla da ger\u00e7ek zamanl\u0131 yard\u0131m sa\u011fl\u0131yoruz. Kriz sonras\u0131\nanalizlere, zay\u0131f noktalar\u0131n giderilmesine ve herhangi bir suretle krizden\n\u00e7\u0131kmada engel te\u015fkil eden prosed\u00fcrlerin d\u00fczeltilmesine \u00f6zel \u00f6nem veriyoruz.\n\u0130tibar\u0131n\u0131z\u0131 korumak, bu a\u00e7\u0131dan bir zorunluluktur.<\/p>\n","protected":false},"excerpt":{"rendered":"<p>Kriz m\u00fcdahale planlar\u0131 haz\u0131rl\u0131yoruz, kriz \u00f6ncesinde, esnas\u0131nda ve sonras\u0131nda yap\u0131lacak faaliyetlere ili\u015fkin prosed\u00fcrleri \u00f6ng\u00f6r\u00fcyoruz ve personelinize kriz y\u00f6netimi konusunda e\u011fitim veriyoruz. Krizi \u00e7\u00f6zmenize yard\u0131mc\u0131 olmak i\u00e7in kaynaklar\u0131m\u0131z\u0131 emrinize amade k\u0131ld\u0131\u011f\u0131m\u0131zda uzmanl\u0131\u011f\u0131m\u0131zla da ger\u00e7ek zamanl\u0131 yard\u0131m sa\u011fl\u0131yoruz. Kriz sonras\u0131 analizlere, zay\u0131f noktalar\u0131n giderilmesine ve herhangi bir suretle krizden \u00e7\u0131kmada engel te\u015fkil eden prosed\u00fcrlerin d\u00fczeltilmesine \u00f6zel \u00f6nem [&hellip;]<\/p>\n","protected":false},"author":1,"featured_media":0,"parent":1092,"menu_order":0,"comment_status":"closed","ping_status":"closed","template":"","meta":[],"_links":{"self":[{"href":"https:\/\/osic.co\/s\/wp-json\/wp\/v2\/pages\/1099"}],"collection":[{"href":"https:\/\/osic.co\/s\/wp-json\/wp\/v2\/pages"}],"about":[{"href":"https:\/\/osic.co\/s\/wp-json\/wp\/v2\/types\/page"}],"author":[{"embeddable":true,"href":"https:\/\/osic.co\/s\/wp-json\/wp\/v2\/users\/1"}],"replies":[{"embeddable":true,"href":"https:\/\/osic.co\/s\/wp-json\/wp\/v2\/comments?post=1099"}],"version-history":[{"count":1,"href":"https:\/\/osic.co\/s\/wp-json\/wp\/v2\/pages\/1099\/revisions"}],"predecessor-version":[{"id":1100,"href":"https:\/\/osic.co\/s\/wp-json\/wp\/v2\/pages\/1099\/revisions\/1100"}],"up":[{"embeddable":true,"href":"https:\/\/osic.co\/s\/wp-json\/wp\/v2\/pages\/1092"}],"wp:attachment":[{"href":"https:\/\/osic.co\/s\/wp-json\/wp\/v2\/media?parent=1099"}],"curies":[{"name":"wp","href":"https:\/\/api.w.org\/{rel}","templated":true}]}}