{"id":1097,"date":"2019-02-06T09:47:30","date_gmt":"2019-02-06T09:47:30","guid":{"rendered":"https:\/\/osic.co\/?page_id=1097"},"modified":"2019-02-07T07:44:34","modified_gmt":"2019-02-07T07:44:34","slug":"ticari-ve-politik-kampanyalarin-olusturulmasi-ve-yurutulmesi","status":"publish","type":"page","link":"https:\/\/osic.co\/s\/tr\/hizmetler\/ticari-ve-politik-kampanyalarin-olusturulmasi-ve-yurutulmesi\/","title":{"rendered":"Ticari ve politik kampanyalar\u0131n olu\u015fturulmas\u0131 ve y\u00fcr\u00fct\u00fclmesi"},"content":{"rendered":"\n<p>\u0130\u015fletmenizi veya\npolitikalar\u0131n\u0131z\u0131 tan\u0131tmay\u0131 ama\u00e7layan kampanyan\u0131n hedeflerini, varl\u0131klar\u0131n\u0131 ve\ns\u00fcresini belirleriz. Kampanyalar\u0131n olumlu bir de\u011fi\u015fiklik yapmas\u0131 gereken hedef\ngruplara (veya bireylere) odaklan\u0131r\u0131z. Kampanya \u00f6ncesinde, esnas\u0131nda ve\nsonras\u0131nda tam pazarlama ve PR dan\u0131\u015fmanl\u0131\u011f\u0131 (de\u011ferlendirme) hizmeti sa\u011fl\u0131yoruz.\n<\/p>\n","protected":false},"excerpt":{"rendered":"<p>\u0130\u015fletmenizi veya politikalar\u0131n\u0131z\u0131 tan\u0131tmay\u0131 ama\u00e7layan kampanyan\u0131n hedeflerini, varl\u0131klar\u0131n\u0131 ve s\u00fcresini belirleriz. Kampanyalar\u0131n olumlu bir de\u011fi\u015fiklik yapmas\u0131 gereken hedef gruplara (veya bireylere) odaklan\u0131r\u0131z. Kampanya \u00f6ncesinde, esnas\u0131nda ve sonras\u0131nda tam pazarlama ve PR dan\u0131\u015fmanl\u0131\u011f\u0131 (de\u011ferlendirme) hizmeti sa\u011fl\u0131yoruz.<\/p>\n","protected":false},"author":1,"featured_media":0,"parent":1092,"menu_order":0,"comment_status":"closed","ping_status":"closed","template":"","meta":[],"_links":{"self":[{"href":"https:\/\/osic.co\/s\/wp-json\/wp\/v2\/pages\/1097"}],"collection":[{"href":"https:\/\/osic.co\/s\/wp-json\/wp\/v2\/pages"}],"about":[{"href":"https:\/\/osic.co\/s\/wp-json\/wp\/v2\/types\/page"}],"author":[{"embeddable":true,"href":"https:\/\/osic.co\/s\/wp-json\/wp\/v2\/users\/1"}],"replies":[{"embeddable":true,"href":"https:\/\/osic.co\/s\/wp-json\/wp\/v2\/comments?post=1097"}],"version-history":[{"count":1,"href":"https:\/\/osic.co\/s\/wp-json\/wp\/v2\/pages\/1097\/revisions"}],"predecessor-version":[{"id":1098,"href":"https:\/\/osic.co\/s\/wp-json\/wp\/v2\/pages\/1097\/revisions\/1098"}],"up":[{"embeddable":true,"href":"https:\/\/osic.co\/s\/wp-json\/wp\/v2\/pages\/1092"}],"wp:attachment":[{"href":"https:\/\/osic.co\/s\/wp-json\/wp\/v2\/media?parent=1097"}],"curies":[{"name":"wp","href":"https:\/\/api.w.org\/{rel}","templated":true}]}}