{"id":1094,"date":"2019-02-06T09:46:07","date_gmt":"2019-02-06T09:46:07","guid":{"rendered":"https:\/\/osic.co\/?page_id=1094"},"modified":"2019-02-07T07:43:35","modified_gmt":"2019-02-07T07:43:35","slug":"iletisim-ve-halkla-iliskiler","status":"publish","type":"page","link":"https:\/\/osic.co\/s\/tr\/hizmetler\/iletisim-ve-halkla-iliskiler\/","title":{"rendered":"\u0130leti\u015fim ve Halkla \u0130li\u015fkiler"},"content":{"rendered":"\n<p>\n\n\n\n\n\n\n\n\n\n\n\n\n\n\n\n\u0130leti\u015fim stratejileri ve\nplanlar\u0131n\u0131 olu\u015fturur ve ileti\u015fim faaliyetleriniz i\u00e7in \u00f6nemli olan belirli hedef\ngruplar\u0131n\u0131 belirleriz. Tam i\u00e7erik (konu\u015fmalar, bas\u0131n b\u00fcltenleri, bas\u0131n\ntoplant\u0131s\u0131 ve r\u00f6portajlar\u0131n haz\u0131rlanmas\u0131, sosyal medyadaki yay\u0131nlar vb.), medya\ni\u00e7eri\u011finin g\u00f6rsel konsept ve prod\u00fcksiyonunu sa\u011fl\u0131yoruz.\n\n\n\n<\/p>\n","protected":false},"excerpt":{"rendered":"<p>\u0130leti\u015fim stratejileri ve planlar\u0131n\u0131 olu\u015fturur ve ileti\u015fim faaliyetleriniz i\u00e7in \u00f6nemli olan belirli hedef gruplar\u0131n\u0131 belirleriz. Tam i\u00e7erik (konu\u015fmalar, bas\u0131n b\u00fcltenleri, bas\u0131n toplant\u0131s\u0131 ve r\u00f6portajlar\u0131n haz\u0131rlanmas\u0131, sosyal medyadaki yay\u0131nlar vb.), medya i\u00e7eri\u011finin g\u00f6rsel konsept ve prod\u00fcksiyonunu sa\u011fl\u0131yoruz.<\/p>\n","protected":false},"author":1,"featured_media":0,"parent":1092,"menu_order":0,"comment_status":"closed","ping_status":"closed","template":"","meta":[],"_links":{"self":[{"href":"https:\/\/osic.co\/s\/wp-json\/wp\/v2\/pages\/1094"}],"collection":[{"href":"https:\/\/osic.co\/s\/wp-json\/wp\/v2\/pages"}],"about":[{"href":"https:\/\/osic.co\/s\/wp-json\/wp\/v2\/types\/page"}],"author":[{"embeddable":true,"href":"https:\/\/osic.co\/s\/wp-json\/wp\/v2\/users\/1"}],"replies":[{"embeddable":true,"href":"https:\/\/osic.co\/s\/wp-json\/wp\/v2\/comments?post=1094"}],"version-history":[{"count":1,"href":"https:\/\/osic.co\/s\/wp-json\/wp\/v2\/pages\/1094\/revisions"}],"predecessor-version":[{"id":1095,"href":"https:\/\/osic.co\/s\/wp-json\/wp\/v2\/pages\/1094\/revisions\/1095"}],"up":[{"embeddable":true,"href":"https:\/\/osic.co\/s\/wp-json\/wp\/v2\/pages\/1092"}],"wp:attachment":[{"href":"https:\/\/osic.co\/s\/wp-json\/wp\/v2\/media?parent=1094"}],"curies":[{"name":"wp","href":"https:\/\/api.w.org\/{rel}","templated":true}]}}