{"id":1092,"date":"2019-02-06T09:44:53","date_gmt":"2019-02-06T09:44:53","guid":{"rendered":"https:\/\/osic.co\/?page_id=1092"},"modified":"2019-02-10T09:28:18","modified_gmt":"2019-02-10T09:28:18","slug":"hizmetler","status":"publish","type":"page","link":"https:\/\/osic.co\/s\/tr\/hizmetler\/","title":{"rendered":"H\u0130ZMETLER"},"content":{"rendered":"\n<p> OSIC&#8217;i y\u0131lda 365 g\u00fcn 24 saat hizmet veren ofisiniz olarak hayal edin. Sisteminizin veya belirli bir faaliyetinizin durumu, g\u00fcc\u00fc ve zay\u0131fl\u0131\u011f\u0131 ile ilgili tam bir analiz sunuyoruz. Ayr\u0131ca, hedefinize ula\u015fmak i\u00e7in potansiyelin yan\u0131 s\u0131ra riskler ve dezavantajlara ili\u015fkin bir de\u011ferlendirmeyi de sunuyoruz. \u0130stenilen etkiye ula\u015fmak i\u00e7in somut ad\u0131mlar \u00f6neriyoruz ve s\u00f6z konusu ad\u0131mlar\u0131n uygulanmas\u0131nda sizinle birlikte \u00e7al\u0131\u015f\u0131yoruz. Son olarak, uygulanan \u00e7\u00f6z\u00fcmlerin hem olumlu hem de olumsuz y\u00f6nlerinin belirlenmesi ile elde edilen etkilerin bir analizini sunuyoruz. Ekibimiz, a\u015fa\u011f\u0131daki alanlarda size hizmet vermeye haz\u0131rd\u0131r: <\/p>\n\n\n\n<ul><li> <a href=\"https:\/\/osic.co\/s\/tr\/hizmetler\/uluslararasi-ticaret\/\">Uluslararas\u0131 Ticaret<\/a><\/li><li><a rel=\"noreferrer noopener\" aria-label=\" (opens in a new tab)\" href=\"https:\/\/osic.co\/s\/tr\/hizmetler\/ic-ve-dis-politika-ile-yonetisim\/\" target=\"_blank\"> \u0130\u00e7 ve d\u0131\u015f politika ile y\u00f6neti\u015fim<\/a><\/li><li> <a rel=\"noreferrer noopener\" aria-label=\" (opens in a new tab)\" href=\"https:\/\/osic.co\/s\/tr\/hizmetler\/risk-degerlendirmesi-ve-yonetimi\/\" target=\"_blank\">Risk de\u011ferlendirmesi ve y\u00f6netimi<\/a><\/li><li><a rel=\"noreferrer noopener\" aria-label=\" (opens in a new tab)\" href=\"https:\/\/osic.co\/s\/tr\/hizmetler\/kriz-yonetimi\/\" target=\"_blank\"> Kriz y\u00f6netimi<\/a><\/li><li><a rel=\"noreferrer noopener\" aria-label=\" (opens in a new tab)\" href=\"https:\/\/osic.co\/s\/tr\/hizmetler\/guvenlik-yonetimi\/\" target=\"_blank\"> G\u00fcvenlik y\u00f6netimi<\/a><\/li><li><a rel=\"noreferrer noopener\" aria-label=\" (opens in a new tab)\" href=\"https:\/\/osic.co\/s\/tr\/hizmetler\/iletisim-ve-halkla-iliskiler\/\" target=\"_blank\"> \u0130leti\u015fim ve Halkla \u0130li\u015fkiler<\/a><\/li><li> <a rel=\"noreferrer noopener\" aria-label=\" (opens in a new tab)\" href=\"https:\/\/osic.co\/s\/tr\/hizmetler\/arastirma-ve-analiz\/\" target=\"_blank\">Ara\u015ft\u0131rma ve analiz<\/a><\/li><li><a rel=\"noreferrer noopener\" aria-label=\" (opens in a new tab)\" href=\"https:\/\/osic.co\/s\/tr\/hizmetler\/egitim\/\" target=\"_blank\"> E\u011fitim<\/a><\/li><li><a href=\"https:\/\/osic.co\/s\/tr\/hizmetler\/ticari-ve-politik-kampanyalarin-olusturulmasi-ve-yurutulmesi\/\" target=\"_blank\" rel=\"noreferrer noopener\" aria-label=\" (opens in a new tab)\"> Ticari ve politik kampanyalar\u0131n olu\u015fturulmas\u0131 ve y\u00fcr\u00fct\u00fclmesi<\/a><\/li><\/ul>\n","protected":false},"excerpt":{"rendered":"<p>OSIC&#8217;i y\u0131lda 365 g\u00fcn 24 saat hizmet veren ofisiniz olarak hayal edin. Sisteminizin veya belirli bir faaliyetinizin durumu, g\u00fcc\u00fc ve zay\u0131fl\u0131\u011f\u0131 ile ilgili tam bir analiz sunuyoruz. Ayr\u0131ca, hedefinize ula\u015fmak i\u00e7in potansiyelin yan\u0131 s\u0131ra riskler ve dezavantajlara ili\u015fkin bir de\u011ferlendirmeyi de sunuyoruz. \u0130stenilen etkiye ula\u015fmak i\u00e7in somut ad\u0131mlar \u00f6neriyoruz ve s\u00f6z konusu ad\u0131mlar\u0131n uygulanmas\u0131nda sizinle [&hellip;]<\/p>\n","protected":false},"author":1,"featured_media":0,"parent":0,"menu_order":0,"comment_status":"closed","ping_status":"closed","template":"","meta":[],"_links":{"self":[{"href":"https:\/\/osic.co\/s\/wp-json\/wp\/v2\/pages\/1092"}],"collection":[{"href":"https:\/\/osic.co\/s\/wp-json\/wp\/v2\/pages"}],"about":[{"href":"https:\/\/osic.co\/s\/wp-json\/wp\/v2\/types\/page"}],"author":[{"embeddable":true,"href":"https:\/\/osic.co\/s\/wp-json\/wp\/v2\/users\/1"}],"replies":[{"embeddable":true,"href":"https:\/\/osic.co\/s\/wp-json\/wp\/v2\/comments?post=1092"}],"version-history":[{"count":8,"href":"https:\/\/osic.co\/s\/wp-json\/wp\/v2\/pages\/1092\/revisions"}],"predecessor-version":[{"id":1463,"href":"https:\/\/osic.co\/s\/wp-json\/wp\/v2\/pages\/1092\/revisions\/1463"}],"wp:attachment":[{"href":"https:\/\/osic.co\/s\/wp-json\/wp\/v2\/media?parent=1092"}],"curies":[{"name":"wp","href":"https:\/\/api.w.org\/{rel}","templated":true}]}}