{"id":1090,"date":"2019-02-06T09:36:55","date_gmt":"2019-02-06T09:36:55","guid":{"rendered":"https:\/\/osic.co\/?page_id=1090"},"modified":"2019-02-07T07:41:38","modified_gmt":"2019-02-07T07:41:38","slug":"kaynaklar","status":"publish","type":"page","link":"https:\/\/osic.co\/s\/tr\/kaynaklar\/","title":{"rendered":"KAYNAKLAR"},"content":{"rendered":"\n<p>OSIC&#8217;in uzman ekibi,\nm\u00fc\u015fterilerin ticari faaliyetler alan\u0131ndaki stratejilerin etkilerini yarat\u0131r,\nuygular ve \u00f6l\u00e7er. Ekibimiz, i\u015f, siyaset, g\u00fcvenlik ve medya ortam\u0131ndaki s\u00fcrekli\nde\u011fi\u015fimlere devaml\u0131 olarak uyum sa\u011flamakta, en son k\u00fcresel ba\u015far\u0131lar\u0131 benimsemekte\nve uygulamaktad\u0131r. \u0130\u015f d\u00fcnyas\u0131nda ve politikada karar verme s\u00fcrecinin nas\u0131l\ni\u015fledi\u011fini, kimin kararlar\u0131 verdi\u011fini ve neden ba\u015far\u0131l\u0131 veya ba\u015far\u0131s\u0131z\nolduklar\u0131n\u0131 biliyoruz. Ekibimiz, ara\u015ft\u0131rmac\u0131lar, \u00fcniversite profes\u00f6rleri, \u00e7ok\nuluslu \u015firketlerdeki \u015firket y\u00f6neticileri, eski ve mevcut diplomatlar,\navukatlar, g\u00fcvenlik y\u00f6neticileri, finansal uzmanlar, bili\u015fim uzmanlar\u0131, medya\nedit\u00f6rleri ve halkla ili\u015fkiler uzmanlar\u0131ndan olu\u015fmaktad\u0131r.<\/p>\n\n\n\n<p>Ekibimiz, a\u015fa\u011f\u0131daki\nalanlardaki uzmanlardan olu\u015fmaktad\u0131r: <\/p>\n\n\n\n<ul><li>Uluslararas\u0131 Ticaret <\/li><li>Politik dan\u0131\u015fmanl\u0131k <\/li><li>Diplomasi ve uluslararas\u0131 ili\u015fkiler <\/li><li>G\u00fcvenlik y\u00f6netimi <\/li><li>Enerji<\/li><li>Halkla ili\u015fkiler ve medya <\/li><li>Trafik <\/li><li>Ekoloji<\/li><li>Finansal hizmetler <\/li><li>Teknoloji ve telekom\u00fcnikasyon<\/li><\/ul>\n","protected":false},"excerpt":{"rendered":"<p>OSIC&#8217;in uzman ekibi, m\u00fc\u015fterilerin ticari faaliyetler alan\u0131ndaki stratejilerin etkilerini yarat\u0131r, uygular ve \u00f6l\u00e7er. Ekibimiz, i\u015f, siyaset, g\u00fcvenlik ve medya ortam\u0131ndaki s\u00fcrekli de\u011fi\u015fimlere devaml\u0131 olarak uyum sa\u011flamakta, en son k\u00fcresel ba\u015far\u0131lar\u0131 benimsemekte ve uygulamaktad\u0131r. \u0130\u015f d\u00fcnyas\u0131nda ve politikada karar verme s\u00fcrecinin nas\u0131l i\u015fledi\u011fini, kimin kararlar\u0131 verdi\u011fini ve neden ba\u015far\u0131l\u0131 veya ba\u015far\u0131s\u0131z olduklar\u0131n\u0131 biliyoruz. Ekibimiz, ara\u015ft\u0131rmac\u0131lar, \u00fcniversite [&hellip;]<\/p>\n","protected":false},"author":1,"featured_media":0,"parent":0,"menu_order":0,"comment_status":"closed","ping_status":"closed","template":"","meta":[],"_links":{"self":[{"href":"https:\/\/osic.co\/s\/wp-json\/wp\/v2\/pages\/1090"}],"collection":[{"href":"https:\/\/osic.co\/s\/wp-json\/wp\/v2\/pages"}],"about":[{"href":"https:\/\/osic.co\/s\/wp-json\/wp\/v2\/types\/page"}],"author":[{"embeddable":true,"href":"https:\/\/osic.co\/s\/wp-json\/wp\/v2\/users\/1"}],"replies":[{"embeddable":true,"href":"https:\/\/osic.co\/s\/wp-json\/wp\/v2\/comments?post=1090"}],"version-history":[{"count":1,"href":"https:\/\/osic.co\/s\/wp-json\/wp\/v2\/pages\/1090\/revisions"}],"predecessor-version":[{"id":1091,"href":"https:\/\/osic.co\/s\/wp-json\/wp\/v2\/pages\/1090\/revisions\/1091"}],"wp:attachment":[{"href":"https:\/\/osic.co\/s\/wp-json\/wp\/v2\/media?parent=1090"}],"curies":[{"name":"wp","href":"https:\/\/api.w.org\/{rel}","templated":true}]}}