{"id":1088,"date":"2019-02-06T09:36:01","date_gmt":"2019-02-06T09:36:01","guid":{"rendered":"https:\/\/osic.co\/?page_id=1088"},"modified":"2019-02-07T14:43:22","modified_gmt":"2019-02-07T14:43:22","slug":"ana-sayfa","status":"publish","type":"page","link":"https:\/\/osic.co\/s\/tr\/ana-sayfa\/","title":{"rendered":"ANA SAYFA"},"content":{"rendered":"\n<div class=\"alignnormal\"><div id=\"metaslider-id-1387\" style=\"width: 100%;\" class=\"ml-slider-3-109-0 metaslider metaslider-flex metaslider-1387 ml-slider has-dots-nav ms-theme-default\" role=\"region\" aria-label=\"Turski slideshow\" data-height=\"300\" data-width=\"700\">\n    <div id=\"metaslider_container_1387\">\n        <div id=\"metaslider_1387\">\n            <ul class='slides'>\n                <li style=\"display: block; width: 100%;\" class=\"slide-1397 ms-image \" aria-roledescription=\"slide\" data-date=\"2019-02-07 14:21:09\" data-filename=\"upravljanje-krizama-6-700x300.png\" data-slide-type=\"image\"><a href=\"https:\/\/osic.co\/s\/tr\/hizmetler\/kriz-yonetimi\/\" target=\"_blank\" aria-label=\"View Slide Details\" class=\"metaslider_image_link\"><img src=\"https:\/\/osic.co\/s\/wp-content\/uploads\/2019\/02\/upravljanje-krizama-6-700x300.png\" height=\"300\" width=\"700\" alt=\"\" class=\"slider-1387 slide-1397 msDefaultImage\" title=\"upravljanje krizama\" \/><\/a><div class=\"caption-wrap\"><div class=\"caption\">KR\u0130Z Y\u00d6NET\u0130M\u0130<\/div><\/div><\/li>\n                <li style=\"display: none; width: 100%;\" class=\"slide-1398 ms-image \" aria-roledescription=\"slide\" data-date=\"2019-02-07 14:21:09\" data-filename=\"procena-i-upravljanje-rizicima-6-700x300.jpg\" data-slide-type=\"image\"><a href=\"https:\/\/osic.co\/s\/tr\/hizmetler\/risk-degerlendirmesi-ve-yonetimi\/\" target=\"_blank\" aria-label=\"View Slide Details\" class=\"metaslider_image_link\"><img src=\"https:\/\/osic.co\/s\/wp-content\/uploads\/2019\/02\/procena-i-upravljanje-rizicima-6-700x300.jpg\" height=\"300\" width=\"700\" alt=\"\" class=\"slider-1387 slide-1398 msDefaultImage\" title=\"procena i upravljanje rizicima\" \/><\/a><div class=\"caption-wrap\"><div class=\"caption\">R\u0130SK DE\u011eERLEND\u0130RMES\u0130 VE Y\u00d6NET\u0130M\u0130<\/div><\/div><\/li>\n                <li style=\"display: none; width: 100%;\" class=\"slide-1399 ms-image \" aria-roledescription=\"slide\" data-date=\"2019-02-07 14:21:09\" data-filename=\"me\u0111unarodno-poslovanje-6-700x300.jpg\" data-slide-type=\"image\"><a href=\"https:\/\/osic.co\/s\/tr\/hizmetler\/uluslararasi-ticaret\/\" target=\"_blank\" aria-label=\"View Slide Details\" class=\"metaslider_image_link\"><img src=\"https:\/\/osic.co\/s\/wp-content\/uploads\/2019\/02\/me\u0111unarodno-poslovanje-6-700x300.jpg\" height=\"300\" width=\"700\" alt=\"\" class=\"slider-1387 slide-1399 msDefaultImage\" title=\"me\u0111unarodno poslovanje\" \/><\/a><div class=\"caption-wrap\"><div class=\"caption\">ULUSLARARASI T\u0130CARET<\/div><\/div><\/li>\n                <li style=\"display: none; width: 100%;\" class=\"slide-1400 ms-image \" aria-roledescription=\"slide\" data-date=\"2019-02-07 14:21:09\" data-filename=\"kreiranje-i-sprovo\u0111enje-poslovnih-i-politi\u010dkih-kampanja-6-700x300.jpg\" data-slide-type=\"image\"><a href=\"https:\/\/osic.co\/s\/tr\/hizmetler\/ticari-ve-politik-kampanyalarin-olusturulmasi-ve-yurutulmesi\/\" target=\"_blank\" aria-label=\"View Slide Details\" class=\"metaslider_image_link\"><img src=\"https:\/\/osic.co\/s\/wp-content\/uploads\/2019\/02\/kreiranje-i-sprovo\u0111enje-poslovnih-i-politi\u010dkih-kampanja-6-700x300.jpg\" height=\"300\" width=\"700\" alt=\"\" class=\"slider-1387 slide-1400 msDefaultImage\" title=\"kreiranje i sprovo\u0111enje poslovnih i politi\u010dkih kampanja\" \/><\/a><div class=\"caption-wrap\"><div class=\"caption\">T\u0130CAR\u0130 VE POL\u0130T\u0130K KAMPANYALARIN OLU\u015eTURULMASI VE Y\u00dcR\u00dcT\u00dcLMES\u0130<\/div><\/div><\/li>\n                <li style=\"display: none; width: 100%;\" class=\"slide-1401 ms-image \" aria-roledescription=\"slide\" data-date=\"2019-02-07 14:21:09\" data-filename=\"komunikacije-i-PR-6-640x274.png\" data-slide-type=\"image\"><a href=\"https:\/\/osic.co\/s\/tr\/hizmetler\/iletisim-ve-halkla-iliskiler\/\" target=\"_blank\" aria-label=\"View Slide Details\" class=\"metaslider_image_link\"><img src=\"https:\/\/osic.co\/s\/wp-content\/uploads\/2019\/02\/komunikacije-i-PR-6-640x274.png\" height=\"300\" width=\"700\" alt=\"\" class=\"slider-1387 slide-1401 msDefaultImage\" title=\"komunikacije i PR\" \/><\/a><div class=\"caption-wrap\"><div class=\"caption\">\u0130LET\u0130\u015e\u0130M VE HALKLA \u0130L\u0130\u015eK\u0130LER<\/div><\/div><\/li>\n                <li style=\"display: none; width: 100%;\" class=\"slide-1402 ms-image \" aria-roledescription=\"slide\" data-date=\"2019-02-07 14:21:09\" data-filename=\"istra\u017eivanje-i-analiza-6-576x247.jpg\" data-slide-type=\"image\"><a href=\"https:\/\/osic.co\/s\/tr\/hizmetler\/arastirma-ve-analiz\/\" target=\"_blank\" aria-label=\"View Slide Details\" class=\"metaslider_image_link\"><img src=\"https:\/\/osic.co\/s\/wp-content\/uploads\/2019\/02\/istra\u017eivanje-i-analiza-6-576x247.jpg\" height=\"300\" width=\"700\" alt=\"\" class=\"slider-1387 slide-1402 msDefaultImage\" title=\"istra\u017eivanje i analiza\" \/><\/a><div class=\"caption-wrap\"><div class=\"caption\">ARA\u015eTIRMA VE ANAL\u0130Z<\/div><\/div><\/li>\n                <li style=\"display: none; width: 100%;\" class=\"slide-1403 ms-image \" aria-roledescription=\"slide\" data-date=\"2019-02-07 14:21:09\" data-filename=\"edukacija-6-700x300.jpg\" data-slide-type=\"image\"><a href=\"https:\/\/osic.co\/s\/tr\/hizmetler\/egitim\/\" target=\"_blank\" aria-label=\"View Slide Details\" class=\"metaslider_image_link\"><img src=\"https:\/\/osic.co\/s\/wp-content\/uploads\/2019\/02\/edukacija-6-700x300.jpg\" height=\"300\" width=\"700\" alt=\"\" class=\"slider-1387 slide-1403 msDefaultImage\" title=\"edukacija\" \/><\/a><div class=\"caption-wrap\"><div class=\"caption\">E\u011e\u0130T\u0130M<\/div><\/div><\/li>\n                <li style=\"display: none; width: 100%;\" class=\"slide-1404 ms-image \" aria-roledescription=\"slide\" data-date=\"2019-02-07 14:21:09\" data-filename=\"doma\u0107a-i-me\u0111unarodna-politika-i-upravljanje-6-618x264.jpg\" data-slide-type=\"image\"><a href=\"https:\/\/osic.co\/s\/tr\/hizmetler\/ic-ve-dis-politika-ile-yonetisim\/\" target=\"_blank\" aria-label=\"View Slide Details\" class=\"metaslider_image_link\"><img src=\"https:\/\/osic.co\/s\/wp-content\/uploads\/2019\/02\/doma\u0107a-i-me\u0111unarodna-politika-i-upravljanje-6-618x264.jpg\" height=\"300\" width=\"700\" alt=\"\" class=\"slider-1387 slide-1404 msDefaultImage\" title=\"Group of Business People with Jigsaw Puzzle Forming in World Map\" \/><\/a><div class=\"caption-wrap\"><div class=\"caption\">\u0130\u00c7 VE DI\u015e POL\u0130T\u0130KA \u0130LE Y\u00d6NET\u0130\u015e\u0130M<\/div><\/div><\/li>\n                <li style=\"display: none; width: 100%;\" class=\"slide-1405 ms-image \" aria-roledescription=\"slide\" data-date=\"2019-02-07 14:21:10\" data-filename=\"bezbednosni-menad\u017ement-6-700x300.jpg\" data-slide-type=\"image\"><a href=\"https:\/\/osic.co\/s\/tr\/hizmetler\/guvenlik-yonetimi\/\" target=\"_blank\" aria-label=\"View Slide Details\" class=\"metaslider_image_link\"><img src=\"https:\/\/osic.co\/s\/wp-content\/uploads\/2019\/02\/bezbednosni-menad\u017ement-6-700x300.jpg\" height=\"300\" width=\"700\" alt=\"\" class=\"slider-1387 slide-1405 msDefaultImage\" title=\"bezbednosni menad\u017ement\" \/><\/a><div class=\"caption-wrap\"><div class=\"caption\">G\u00dcVENL\u0130K Y\u00d6NET\u0130M\u0130<\/div><\/div><\/li>\n            <\/ul>\n        <\/div>\n        \n    <\/div>\n<\/div><\/div>\n\n\n\n<p>Ho\u015f geldiniz!<\/p>\n\n\n\n<p>\u015eirketimiz, i\u015finize hedefler\nbelirlemede ve bu hedeflere ula\u015fman\u0131n en etkili yollar\u0131n\u0131 bulmada kapsaml\u0131\ndestek sa\u011flayacakt\u0131r. Bu yolculu\u011fu birlikte yapaca\u011f\u0131z. \u015eirketimizde bulunan bir\u00e7ok\nalanda deneyimli ve uluslararas\u0131 sertifikal\u0131 uzmanlardan istifade edeceksiniz. OSIC,\ngereksinimlerinizi kar\u015f\u0131lamay\u0131 ve kurulu\u015funuzun \u00e7\u0131karlar\u0131n\u0131n maksimum de\u011fere\nula\u015fmas\u0131 i\u00e7in en etkili \u00e7\u00f6z\u00fcmleri sunmay\u0131 hedefleyen bir ekiptir.<\/p>\n\n\n\n<p>Stratejinin tasarlanmas\u0131,\nsonu\u00e7lar\u0131n uygulanmas\u0131 ve de\u011ferlendirilmesinde bilgi birikimi, y\u0131llar\u0131n\ntecr\u00fcbesi ile devlet kurumlar\u0131, uzman ekipler, medya, \u015firketler ve i\u015f dernekleri\nve etkili ki\u015filerle \u00e7ok \u00e7e\u015fitli uluslararas\u0131 temas a\u011f\u0131 sa\u011fl\u0131yoruz.<\/p>\n\n\n\n<p>OSIC sayesinde, ulusal ve uluslararas\u0131 ticaret, politika, i\u00e7 ve d\u0131\u015f kamuoyunun labirentlerinde size yol g\u00f6sterecek olan tam hizmet, emrinize haz\u0131r. Bu ortak yolculukta herhangi bir kriz ortaya \u00e7\u0131karsa, OSIC de itibar\u0131n\u0131z\u0131 korumak i\u00e7in bir \u00e7\u00f6z\u00fcm sunacakt\u0131r. Ara\u00e7lar\u0131m\u0131z, verilere ve analizlere dayal\u0131 bilgi, s\u00fcre\u00e7 y\u00f6netimi konusundaki deneyim ve en etkin \u00e7\u00f6z\u00fcmleri bulma becerisidir. As\u0131l g\u00f6revimiz, hedefinizi ger\u00e7ekle\u015ftirmektir. <\/p>\n\n\n\n<p>Hadi hareket ge\u00e7elim!<\/p>\n","protected":false},"excerpt":{"rendered":"<p>Ho\u015f geldiniz! \u015eirketimiz, i\u015finize hedefler belirlemede ve bu hedeflere ula\u015fman\u0131n en etkili yollar\u0131n\u0131 bulmada kapsaml\u0131 destek sa\u011flayacakt\u0131r. Bu yolculu\u011fu birlikte yapaca\u011f\u0131z. \u015eirketimizde bulunan bir\u00e7ok alanda deneyimli ve uluslararas\u0131 sertifikal\u0131 uzmanlardan istifade edeceksiniz. OSIC, gereksinimlerinizi kar\u015f\u0131lamay\u0131 ve kurulu\u015funuzun \u00e7\u0131karlar\u0131n\u0131n maksimum de\u011fere ula\u015fmas\u0131 i\u00e7in en etkili \u00e7\u00f6z\u00fcmleri sunmay\u0131 hedefleyen bir ekiptir. Stratejinin tasarlanmas\u0131, sonu\u00e7lar\u0131n uygulanmas\u0131 ve de\u011ferlendirilmesinde [&hellip;]<\/p>\n","protected":false},"author":1,"featured_media":0,"parent":0,"menu_order":0,"comment_status":"closed","ping_status":"closed","template":"","meta":[],"_links":{"self":[{"href":"https:\/\/osic.co\/s\/wp-json\/wp\/v2\/pages\/1088"}],"collection":[{"href":"https:\/\/osic.co\/s\/wp-json\/wp\/v2\/pages"}],"about":[{"href":"https:\/\/osic.co\/s\/wp-json\/wp\/v2\/types\/page"}],"author":[{"embeddable":true,"href":"https:\/\/osic.co\/s\/wp-json\/wp\/v2\/users\/1"}],"replies":[{"embeddable":true,"href":"https:\/\/osic.co\/s\/wp-json\/wp\/v2\/comments?post=1088"}],"version-history":[{"count":2,"href":"https:\/\/osic.co\/s\/wp-json\/wp\/v2\/pages\/1088\/revisions"}],"predecessor-version":[{"id":1448,"href":"https:\/\/osic.co\/s\/wp-json\/wp\/v2\/pages\/1088\/revisions\/1448"}],"wp:attachment":[{"href":"https:\/\/osic.co\/s\/wp-json\/wp\/v2\/media?parent=1088"}],"curies":[{"name":"wp","href":"https:\/\/api.w.org\/{rel}","templated":true}]}}