{"id":1084,"date":"2019-02-06T09:30:03","date_gmt":"2019-02-06T09:30:03","guid":{"rendered":"https:\/\/osic.co\/?page_id=1084"},"modified":"2021-05-05T20:23:32","modified_gmt":"2021-05-05T20:23:32","slug":"faaliyet-alanlari","status":"publish","type":"page","link":"https:\/\/osic.co\/s\/tr\/faaliyet-alanlari\/","title":{"rendered":"FAAL\u0130YET ALANLARI"},"content":{"rendered":"\n<p> OSIC, \u00f6ncelikle Balkanlar ve G\u00fcneydo\u011fu Avrupa&#8217;daki uluslararas\u0131 m\u00fc\u015fterilere y\u00f6neliktir. Uzmanlar\u0131m\u0131z ve uzmanl\u0131k alanlar\u0131m\u0131z, a\u015fa\u011f\u0131daki b\u00f6lgelere odaklanmaktad\u0131r: S\u0131rbistan, H\u0131rvatistan, Karada\u011f, Makedonya, Arnavutluk, Bosna Hersek, Kosova, Bulgaristan, Romanya, Rusya, T\u00fcrkiye. <\/p>\n\n\n\n<p> OSIC, a\u015fa\u011f\u0131daki \u00fclkelerde ve b\u00f6lgelerde son derece etkili ve geli\u015fmi\u015f bir uzmanlar, ortaklar ve i\u015f a\u011f\u0131 ile politik ba\u011flant\u0131lara sahiptir: Avrupa Birli\u011fi ve NATO kurumlar\u0131n\u0131n yan\u0131 s\u0131ra T\u00fcrkiye, \u0130ngiltere, ABD, Almanya, Rusya, Basra K\u00f6rfezi. <\/p>\n","protected":false},"excerpt":{"rendered":"<p>OSIC, \u00f6ncelikle Balkanlar ve G\u00fcneydo\u011fu Avrupa&#8217;daki uluslararas\u0131 m\u00fc\u015fterilere y\u00f6neliktir. Uzmanlar\u0131m\u0131z ve uzmanl\u0131k alanlar\u0131m\u0131z, a\u015fa\u011f\u0131daki b\u00f6lgelere odaklanmaktad\u0131r: S\u0131rbistan, H\u0131rvatistan, Karada\u011f, Makedonya, Arnavutluk, Bosna Hersek, Kosova, Bulgaristan, Romanya, Rusya, T\u00fcrkiye. OSIC, a\u015fa\u011f\u0131daki \u00fclkelerde ve b\u00f6lgelerde son derece etkili ve geli\u015fmi\u015f bir uzmanlar, ortaklar ve i\u015f a\u011f\u0131 ile politik ba\u011flant\u0131lara sahiptir: Avrupa Birli\u011fi ve NATO kurumlar\u0131n\u0131n yan\u0131 s\u0131ra [&hellip;]<\/p>\n","protected":false},"author":1,"featured_media":0,"parent":0,"menu_order":0,"comment_status":"closed","ping_status":"closed","template":"","meta":[],"_links":{"self":[{"href":"https:\/\/osic.co\/s\/wp-json\/wp\/v2\/pages\/1084"}],"collection":[{"href":"https:\/\/osic.co\/s\/wp-json\/wp\/v2\/pages"}],"about":[{"href":"https:\/\/osic.co\/s\/wp-json\/wp\/v2\/types\/page"}],"author":[{"embeddable":true,"href":"https:\/\/osic.co\/s\/wp-json\/wp\/v2\/users\/1"}],"replies":[{"embeddable":true,"href":"https:\/\/osic.co\/s\/wp-json\/wp\/v2\/comments?post=1084"}],"version-history":[{"count":2,"href":"https:\/\/osic.co\/s\/wp-json\/wp\/v2\/pages\/1084\/revisions"}],"predecessor-version":[{"id":1494,"href":"https:\/\/osic.co\/s\/wp-json\/wp\/v2\/pages\/1084\/revisions\/1494"}],"wp:attachment":[{"href":"https:\/\/osic.co\/s\/wp-json\/wp\/v2\/media?parent=1084"}],"curies":[{"name":"wp","href":"https:\/\/api.w.org\/{rel}","templated":true}]}}