{"id":1066,"date":"2019-02-06T09:20:51","date_gmt":"2019-02-06T09:20:51","guid":{"rendered":"https:\/\/osic.co\/?page_id=1066"},"modified":"2019-02-07T07:50:31","modified_gmt":"2019-02-07T07:50:31","slug":"menaxhimi-i-sigurise","status":"publish","type":"page","link":"https:\/\/osic.co\/s\/sq\/sherbime\/menaxhimi-i-sigurise\/","title":{"rendered":"Menaxhimi i siguris\u00eb"},"content":{"rendered":"\n<p>Ne vler\u00ebsojm\u00eb\nrreziqet e brendshme dhe t\u00eb jashtme p\u00ebr pron\u00ebn tuaj, biznesin, sisteme dhe\nnjer\u00eb, n\u00eb baz\u00eb t\u00eb se cilave propozojm\u00eb masa p\u00ebr t\u00eb redukuar ose eliminuar\nplot\u00ebsisht k\u00ebrc\u00ebnimet dhe rreziqet e siguris\u00eb.<\/p>\n","protected":false},"excerpt":{"rendered":"<p>Ne vler\u00ebsojm\u00eb rreziqet e brendshme dhe t\u00eb jashtme p\u00ebr pron\u00ebn tuaj, biznesin, sisteme dhe njer\u00eb, n\u00eb baz\u00eb t\u00eb se cilave propozojm\u00eb masa p\u00ebr t\u00eb redukuar ose eliminuar plot\u00ebsisht k\u00ebrc\u00ebnimet dhe rreziqet e siguris\u00eb.<\/p>\n","protected":false},"author":1,"featured_media":0,"parent":1047,"menu_order":0,"comment_status":"closed","ping_status":"closed","template":"","meta":[],"_links":{"self":[{"href":"https:\/\/osic.co\/s\/wp-json\/wp\/v2\/pages\/1066"}],"collection":[{"href":"https:\/\/osic.co\/s\/wp-json\/wp\/v2\/pages"}],"about":[{"href":"https:\/\/osic.co\/s\/wp-json\/wp\/v2\/types\/page"}],"author":[{"embeddable":true,"href":"https:\/\/osic.co\/s\/wp-json\/wp\/v2\/users\/1"}],"replies":[{"embeddable":true,"href":"https:\/\/osic.co\/s\/wp-json\/wp\/v2\/comments?post=1066"}],"version-history":[{"count":1,"href":"https:\/\/osic.co\/s\/wp-json\/wp\/v2\/pages\/1066\/revisions"}],"predecessor-version":[{"id":1067,"href":"https:\/\/osic.co\/s\/wp-json\/wp\/v2\/pages\/1066\/revisions\/1067"}],"up":[{"embeddable":true,"href":"https:\/\/osic.co\/s\/wp-json\/wp\/v2\/pages\/1047"}],"wp:attachment":[{"href":"https:\/\/osic.co\/s\/wp-json\/wp\/v2\/media?parent=1066"}],"curies":[{"name":"wp","href":"https:\/\/api.w.org\/{rel}","templated":true}]}}